{"id":1155,"date":"2020-09-21T16:16:03","date_gmt":"2020-09-21T14:16:03","guid":{"rendered":"https:\/\/hnp.se\/?page_id=1155"},"modified":"2024-05-03T15:10:35","modified_gmt":"2024-05-03T13:10:35","slug":"berakningar","status":"publish","type":"page","link":"https:\/\/hnp.se\/en\/berakningar\/","title":{"rendered":"Calculations"},"content":{"rendered":"<div class=\"wpb-content-wrapper\"><div class=\"vc_row wpb_row vc_row-fluid\"><div class=\"wpb_column vc_column_container vc_col-sm-12\"><div class=\"vc_column-inner\"><div class=\"wpb_wrapper\">\n\t<div  class=\"wpb_single_image wpb_content_element vc_align_center wpb_content_element\">\n\t\t\n\t\t<figure class=\"wpb_wrapper vc_figure\">\n\t\t\t<div class=\"vc_single_image-wrapper   vc_box_border_grey\"><img loading=\"lazy\" decoding=\"async\" width=\"1920\" height=\"600\" src=\"https:\/\/hnp.se\/wp-content\/uploads\/2020\/09\/mall_bera\u0308kningar-1.jpg\" class=\"vc_single_image-img attachment-full\" alt=\"\" title=\"mall_bera\u0308kningar-1\" srcset=\"https:\/\/hnp.se\/wp-content\/uploads\/2020\/09\/mall_bera\u0308kningar-1.jpg 1920w, https:\/\/hnp.se\/wp-content\/uploads\/2020\/09\/mall_bera\u0308kningar-1-300x94.jpg 300w, https:\/\/hnp.se\/wp-content\/uploads\/2020\/09\/mall_bera\u0308kningar-1-1024x320.jpg 1024w, https:\/\/hnp.se\/wp-content\/uploads\/2020\/09\/mall_bera\u0308kningar-1-768x240.jpg 768w, https:\/\/hnp.se\/wp-content\/uploads\/2020\/09\/mall_bera\u0308kningar-1-1536x480.jpg 1536w, https:\/\/hnp.se\/wp-content\/uploads\/2020\/09\/mall_bera\u0308kningar-1-260x81.jpg 260w, https:\/\/hnp.se\/wp-content\/uploads\/2020\/09\/mall_bera\u0308kningar-1-50x16.jpg 50w, https:\/\/hnp.se\/wp-content\/uploads\/2020\/09\/mall_bera\u0308kningar-1-150x47.jpg 150w\" sizes=\"auto, (max-width:767px) 480px, (max-width:1920px) 100vw, 1920px\" \/><\/div>\n\t\t<\/figure>\n\t<\/div>\n<h1 style=\"color: #00437a;text-align: center\" class=\"vc_custom_heading vc_do_custom_heading\" >CALCULATIONS PORTAL<\/h1>\n\t<div class=\"wpb_text_column wpb_content_element\" >\n\t\t<div class=\"wpb_wrapper\">\n\t\t\t<p style=\"text-align: center;\">The calculations portal allows you to calculate coil weight, outer coil\ndiameter as well as format weight and linear metres for sheet metal.<br \/>\nThe calculations are based on the density of steel 7850 kg\/<span class=\"ILfuVd\"><span class=\"hgKElc\">m\u00b3<\/span><\/span>.<\/p>\n\n\t\t<\/div>\n\t<\/div>\n<h2 style=\"color: #00437a;text-align: center\" class=\"vc_custom_heading vc_do_custom_heading\" >COILS<\/h2><\/div><\/div><\/div><\/div><div class=\"vc_row wpb_row vc_row-fluid max-width-1000 vc_column-gap-35\"><div class=\"wpb_column vc_column_container vc_col-sm-1\"><div class=\"vc_column-inner\"><div class=\"wpb_wrapper\"><\/div><\/div><\/div><div class=\"wpb_column vc_column_container vc_col-sm-5 vc_col-has-fill\"><div class=\"vc_column-inner vc_custom_1600862699379\"><div class=\"wpb_wrapper\"><h3 style=\"text-align: center\" class=\"vc_custom_heading vc_do_custom_heading vc_custom_1600705709950\" >COIL WEIGHT<\/h3>\n\t<div class=\"wpb_raw_code wpb_raw_html wpb_content_element vc_custom_1600864211924\" >\n\t\t<div class=\"wpb_wrapper\">\n\t\t\t<form action=\"\">\n<table>\n<tbody>\n<tr>\n <td class=\"title\"><label>Inner diameter<\/label><\/td>\n <td class=\"field\"><input type=\"number\" name=\"innerdiameter\" id=\"innerdiameter\" value=\"610\" \/><\/td>\n <td class=\"unit\"> mm<\/td>\n<\/tr>\n<tr>\n  <td class=\"title\"><label>Measured dimension<\/label><\/td>\n  <td class=\"field\"><input type=\"number\" name=\"Uppm\u00e4tt\" id=\"uppmatt\" value=\"203\" \/><\/td>\n  <td class=\"unit\">mm<\/td>\n<\/tr>\n<tr>\n  <td class=\"title\"><label>Strip width<\/label><\/td>\n  <td class=\"field\"><input type=\"number\"  name=\"bandbredd\" id=\"bandbredd\" value=\"1516\" \/><\/td>\n  <td class=\"unit\">mm<\/td>\n<\/tr>\n<tr class=\"result-row\">\n  <td class=\"result title\"><label>COIL WEIGHT<\/label><\/td>\n  <td class=\"field\"><div id=\"result\"> <\/div><\/td>\n  <td class=\"unit\">kg<\/td>\n<\/tr>\n<\/tbody>\n<\/table>\n<input type=\"hidden\" name=\"trp-form-language\" value=\"en\"\/><\/form>\n<script>\n    function calculate(){\n        var innerdiameter = jQuery('#innerdiameter').val();\n        var uppmatt = jQuery('#uppmatt').val();\n        var bandbredd = jQuery('#bandbredd').val();\n        var densitet = 7850;\n        var pi = 3.1415926;\n        var num1 = uppmatt\/1000;\n        var num2 = innerdiameter\/2000;\n        var num12 = num1+num2;\n        var num3 = innerdiameter\/1000;\n        var num4 = num3*num3\/4;\n        var result = densitet*bandbredd\/1000*pi*(num12*num12-num4);\n        var rounded = Math.round(result);\n        jQuery('#result').html(rounded);\n   }\n\n    jQuery(document).ready(function(){\ncalculate();\n        \/*when #bandbredd input loses focus, as per original question*\/\n        jQuery('#bandbredd,#innerdiameter,#uppmatt').keyup(function(){\n            calculate();\n\n        });\n    });\n<\/script>\n\t\t<\/div>\n\t<\/div>\n<\/div><\/div><\/div><div class=\"wpb_column vc_column_container vc_col-sm-5 vc_col-has-fill\"><div class=\"vc_column-inner vc_custom_1600759301774\"><div class=\"wpb_wrapper\"><h3 style=\"text-align: center\" class=\"vc_custom_heading vc_do_custom_heading vc_custom_1600759717258\" >OUTER DIAMETER<\/h3>\n\t<div class=\"wpb_raw_code wpb_raw_html wpb_content_element vc_custom_1600864342629\" >\n\t\t<div class=\"wpb_wrapper\">\n\t\t\t<form action=\"\">\n<table>\n<tbody>\n<tr>\n <td class=\"title\"><label>Inner diameter<\/label><\/td>\n <td class=\"field\"><input type=\"number\" name=\"innerdiameter\" id=\"innerdiameter_2\" value=\"610\" \/><\/td>\n <td class=\"unit\"> mm<\/td>\n<\/tr>\n<tr>\n  <td class=\"title\"><label>Coilvikt<\/label><\/td>\n  <td class=\"field\"><input type=\"number\" name=\"Coilvikt\" id=\"coilvikt_2\" value=\"15060\" \/><\/td>\n  <td class=\"unit\">kg<\/td>\n<\/tr>\n<tr>\n  <td class=\"title\"><label>Strip width<\/label><\/td>\n  <td class=\"field\"><input type=\"number\"  name=\"bandbredd\" id=\"bandbredd_2\" value=\"809\" \/><\/td>\n  <td class=\"unit\">mm<\/td>\n<\/tr>\n<tr class=\"result-row\">\n  <td class=\"result title\"><label>OUTER DIAMETER<\/label><\/td>\n  <td class=\"field\"><div id=\"result_2\"> 0<\/div><\/td>\n  <td class=\"unit\">mm<\/td>\n<\/tr>\n<\/tbody>\n<\/table>\n<input type=\"hidden\" name=\"trp-form-language\" value=\"en\"\/><\/form>\n<script>\n    function calculate_2(){\n        var innerdiameter_2 = jQuery('#innerdiameter_2').val();\n        var coilvikt_2 = jQuery('#coilvikt_2').val();\n        var bandbredd_2 = jQuery('#bandbredd_2').val();\n        var densitet_2 = 7850;\n        var pi_2 = 3.1415926;\n        var num1_2 = bandbredd_2\/1000;\n        var num2_2 = densitet_2*num1_2*pi_2;\n        var num3_2 = coilvikt_2\/num2_2;\n        var numb4_2 = 4*1000*1000;\n        var num5_2 = innerdiameter_2*innerdiameter_2\/numb4_2;\n        var num6_2 = parseFloat(num3_2)+parseFloat(num5_2);\n        var num7_2 = Math.sqrt(num6_2);\n        var num8_2 = 2000*num7_2;\n        var rounded_2 = Math.round(num8_2);\n        if (num2_2 === 0 || isNaN(num2_2)) {\n        return null;\n     }else{\n     jQuery('#result_2').html(rounded_2);\n}\n    }\n\n    jQuery(document).ready(function(){\n            calculate_2();\n        \/*when #bandbredd input loses focus, as per original question*\/\n        jQuery('#bandbredd_2,#innerdiameter_2,#coilvikt_2').keyup(function(){\n            calculate_2();\n\n        });\n    });\n<\/script>\n\t\t<\/div>\n\t<\/div>\n<\/div><\/div><\/div><div class=\"wpb_column vc_column_container vc_col-sm-1\"><div class=\"vc_column-inner\"><div class=\"wpb_wrapper\"><\/div><\/div><\/div><\/div><div class=\"vc_row wpb_row vc_row-fluid\"><div class=\"wpb_column vc_column_container vc_col-sm-12\"><div class=\"vc_column-inner\"><div class=\"wpb_wrapper\"><h2 style=\"color: #00437a;text-align: center\" class=\"vc_custom_heading vc_do_custom_heading vc_custom_1600851469411\" >SHEET<\/h2><\/div><\/div><\/div><\/div><div class=\"vc_row wpb_row vc_row-fluid max-width-1000 vc_custom_1600851441037 vc_column-gap-35 vc_row-o-equal-height vc_row-flex\"><div class=\"wpb_column vc_column_container vc_col-sm-1\"><div class=\"vc_column-inner\"><div class=\"wpb_wrapper\"><\/div><\/div><\/div><div class=\"wpb_column vc_column_container vc_col-sm-5 vc_col-has-fill\"><div class=\"vc_column-inner vc_custom_1600759286743\"><div class=\"wpb_wrapper\"><h3 style=\"text-align: center\" class=\"vc_custom_heading vc_do_custom_heading vc_custom_1600847406301\" >FORMAT WEIGHT<\/h3>\n\t<div class=\"wpb_raw_code wpb_raw_html wpb_content_element vc_custom_1714729852330\" >\n\t\t<div class=\"wpb_wrapper\">\n\t\t\t<form action=\"\">\n<table>\n<tbody>\n<tr>\n <td class=\"title\"><label>Thickness<\/label><\/td>\n <td class=\"field\"><input type=\"number\" name=\"Tjocklek\" id=\"tjocklek_3\" value=\"5\" \/><\/td>\n <td class=\"unit\"> mm<\/td>\n<\/tr>\n<tr>\n  <td class=\"title\"><label>Width<\/label><\/td>\n  <td class=\"field\"><input type=\"number\" name=\"Bredd\" id=\"bredd_3\" value=\"1500\" \/><\/td>\n  <td class=\"unit\">mm<\/td>\n<\/tr>\n<tr>\n  <td class=\"title\"><label>Length<\/label><\/td>\n  <td class=\"field\"><input type=\"number\"  name=\"L\u00e4ngd\" id=\"langd_3\" value=\"900\" \/><\/td>\n  <td class=\"unit\">mm<\/td>\n<\/tr>\n<tr class=\"subresult-row\">\n  <td class=\"result title\"><label>WEIGHT\/PCS<\/label><\/td>\n  <td class=\"field\"><div id=\"subresult_3\"> 0<\/div><\/td>\n  <td class=\"unit\">kg<\/td>\n<\/tr>\n<tr class=\"subresult-row\">\n  <td class=\"result title\"><label>AREA<\/label><\/td>\n  <td class=\"field\"><div id=\"area_3\"> 0<\/div><\/td>\n  <td class=\"unit\">m2<\/td>\n<\/tr>\n<tr>\n  <td class=\"title\"><label>Number of plates<\/label><\/td>\n  <td class=\"field\"><input type=\"number\"  name=\"Antal pl\u00e5tar\" id=\"antal_platar_3\" value=\"5\" \/><\/td>\n  <td class=\"unit\">st<\/td>\n<\/tr>\n<tr class=\"result-row\">\n  <td class=\"result title\"><label>FORMAT WEIGHT<\/label><\/td>\n  <td class=\"field\"><div id=\"result_3\"> 0<\/div><\/td>\n  <td class=\"unit\">kg<\/td>\n<\/tr>\n<\/tbody>\n<\/table>\n<input type=\"hidden\" name=\"trp-form-language\" value=\"en\"\/><\/form>\n<script>\n    function calculate_3(){\n        var tjocklek_3 = jQuery('#tjocklek_3').val();\n        var bredd_3 = jQuery('#bredd_3').val();\n        var langd_3 = jQuery('#langd_3').val();\n        var antal_platar_3 = jQuery('#antal_platar_3').val();\n        var densitet_3 = 7850;\n        var num1_3 = tjocklek_3*bredd_3*langd_3;\n        var num2_3 = densitet_3\/1000000000;\n        var num3_3 = num1_3*num2_3;\n        var subresult_3 = Math.round(num3_3);\n        var result_3 = subresult_3*antal_platar_3;\n        var area_result = (bredd_3\/1000)*(langd_3\/1000);\n        jQuery('#subresult_3').html(subresult_3);\n        jQuery('#result_3').html(result_3);\n        jQuery('#area_3').html(area_result);\n   }\n\n    jQuery(document).ready(function(){\n             calculate_3();\n        \/*when #bandbredd input loses focus, as per original question*\/\n        jQuery('#tjocklek_3,#bredd_3,#langd_3,#antal_platar_3').keyup(function(){\n            calculate_3();\n\n        });\n    });\n<\/script>\n\t\t<\/div>\n\t<\/div>\n<\/div><\/div><\/div><div class=\"wpb_column vc_column_container vc_col-sm-5 vc_col-has-fill\"><div class=\"vc_column-inner vc_custom_1600759301774\"><div class=\"wpb_wrapper\"><h3 style=\"text-align: center\" class=\"vc_custom_heading vc_do_custom_heading vc_custom_1714725772105\" >FORMAT ANTAL &amp; AREA<\/h3>\n\t<div class=\"wpb_raw_code wpb_raw_html wpb_content_element vc_custom_1714741833092\" >\n\t\t<div class=\"wpb_wrapper\">\n\t\t\t<form action=\"\">\n<table>\n<tbody>\n<tr>\n <td class=\"title\"><label>Thickness<\/label><\/td>\n <td class=\"field\"><input type=\"number\" name=\"Tjocklek\" id=\"tjocklek_5\" value=\"5\" \/><\/td>\n <td class=\"unit\"> mm<\/td>\n<\/tr>\n<tr>\n  <td class=\"title\"><label>Width<\/label><\/td>\n  <td class=\"field\"><input type=\"number\" name=\"Bredd\" id=\"bredd_5\" value=\"1500\" \/><\/td>\n  <td class=\"unit\">mm<\/td>\n<\/tr>\n<tr>\n  <td class=\"title\"><label>Length<\/label><\/td>\n  <td class=\"field\"><input type=\"number\"  name=\"L\u00e4ngd\" id=\"langd_5\" value=\"900\" \/><\/td>\n  <td class=\"unit\">mm<\/td>\n<\/tr>\n<tr>\n  <td class=\"title\"><label>Vikt totalt<\/label><\/td>\n  <td class=\"field\"><input type=\"number\"  name=\"Vikt totalt\" id=\"vikt_total_5\" value=\"10000\" \/><\/td>\n  <td class=\"unit\">kg<\/td>\n<\/tr>\n<tr class=\"subresult-row\">\n  <td class=\"result title\"><label>AREA<\/label><\/td>\n  <td class=\"field\"><div id=\"area-5\"> 0<\/div><\/td>\n  <td class=\"unit\">m2<\/td>\n<\/tr>\n<tr class=\"result-row\">\n  <td class=\"result title\"><label>ANTAL PL\u00c5TAR<\/label><\/td>\n  <td class=\"field\"><div id=\"antal_platar_5\"> 0<\/div><\/td>\n  <td class=\"unit\">st<\/td>\n<\/tr>\n<\/tbody>\n<\/table>\n<input type=\"hidden\" name=\"trp-form-language\" value=\"en\"\/><\/form>\n<script>\n    function calculate_5(){\n        var tjocklek_5 = jQuery('#tjocklek_5').val();\n        var bredd_5 = jQuery('#bredd_5').val();\n        var langd_5 = jQuery('#langd_5').val();\n        var vikt_total_5 = jQuery('#vikt_total_5').val();\n        \n        \/\/ Check if inputs are valid numbers and not empty\n        if(tjocklek_5 && bredd_5 && langd_5 && vikt_total_5) {\n            var densitet_5 = 7850;\n            var num1_5 = tjocklek_5 * bredd_5 * langd_5;\n            var num2_5 = densitet_5 \/ 1000000000;\n            var num3_5 = num1_5 * num2_5;\n            var subresult_5 = Math.round(num3_5);\n            var antal_platar_5 = vikt_total_5 \/ subresult_5;\n            var antal_platar_5_rounded = Math.round(antal_platar_5);\n            var area_subresult_5 = (bredd_5 \/ 1000) * (langd_5 \/ 1000);\n            var area_result_5 = area_subresult_5 * antal_platar_5_rounded;\n\n            jQuery('#antal_platar_5').text(antal_platar_5_rounded);\n            jQuery('#area-5').text(area_result_5);\n        } else {\n            \/\/ If any input is missing or invalid, set the results to zero\n            jQuery('#antal_platar_5').text(0);\n            jQuery('#area-5').text(0);\n        }\n    }\n\n    jQuery(document).ready(function(){\n        calculate_5();\n        \/\/ Recalculate when any of the input values change\n        jQuery('#tjocklek_5, #bredd_5, #langd_5, #vikt_total_5').keyup(function(){\n            calculate_5();\n        });\n    });\n<\/script>\n\n\t\t<\/div>\n\t<\/div>\n<\/div><\/div><\/div><div class=\"wpb_column vc_column_container vc_col-sm-1\"><div class=\"vc_column-inner\"><div class=\"wpb_wrapper\"><\/div><\/div><\/div><\/div><div class=\"vc_row wpb_row vc_row-fluid max-width-1000 vc_custom_1600851441037 vc_column-gap-35 vc_row-o-equal-height vc_row-flex\"><div class=\"wpb_column vc_column_container vc_col-sm-1\"><div class=\"vc_column-inner\"><div class=\"wpb_wrapper\"><\/div><\/div><\/div><div class=\"wpb_column vc_column_container vc_col-sm-5 vc_col-has-fill\"><div class=\"vc_column-inner vc_custom_1600759301774\"><div class=\"wpb_wrapper\"><h3 style=\"text-align: center\" class=\"vc_custom_heading vc_do_custom_heading vc_custom_1600850032149\" >LINEAR METRE<\/h3>\n\t<div class=\"wpb_raw_code wpb_raw_html wpb_content_element vc_custom_1600864501926\" >\n\t\t<div class=\"wpb_wrapper\">\n\t\t\t<form action=\"\">\n<table>\n<tbody>\n<tr>\n <td class=\"title\"><label>Thickness<\/label><\/td>\n <td class=\"field\"><input type=\"number\" name=\"Tjocklek\" id=\"tjocklek_4\" value=\"0.40\" \/><\/td>\n <td class=\"unit\"> mm<\/td>\n<\/tr>\n<tr>\n  <td class=\"title\"><label>Width<\/label><\/td>\n  <td class=\"field\"><input type=\"number\" name=\"Bredd\" id=\"bredd_4\" value=\"1230\" \/><\/td>\n  <td class=\"unit\">mm<\/td>\n<\/tr>\n<tr>\n  <td class=\"title\"><label>Weight<\/label><\/td>\n  <td class=\"field\"><input type=\"number\"  name=\"Vikt\" id=\"vikt_4\" value=\"5300\" \/><\/td>\n  <td class=\"unit\">kg<\/td>\n<\/tr>\n<tr class=\"result-row\">\n  <td class=\"result title\"><label>LINEAR METRE <\/label><\/td>\n  <td class=\"field\"><div id=\"result_4\"> 0<\/div><\/td>\n  <td class=\"unit\"> <\/td>\n<\/tr>\n<\/tbody>\n<\/table>\n<input type=\"hidden\" name=\"trp-form-language\" value=\"en\"\/><\/form>\n<script>\n    function calculate_4(){\n        var result_4 = 0;\n        var tjocklek_4 = jQuery('#tjocklek_4').val();\n        var bredd_4 = jQuery('#bredd_4').val();\n        var vikt_4 = jQuery('#vikt_4').val();\n        var densitet_4 = 7850;\n        var num1_4 = densitet_4\/1000000;\n        var num2_4 = tjocklek_4*bredd_4*num1_4;\n        var num3_4 = vikt_4\/num2_4;\n        var result_4 = Math.round(num3_4);\n        jQuery('#result_4').html(result_4);\n   }\n\n    jQuery(document).ready(function(){\n            calculate_4();\n        \/*when #bandbredd input loses focus, as per original question*\/\n        jQuery('#tjocklek_4,#bredd_4,#vikt_4').keyup(function(){\n            calculate_4();\n\n        });\n    });\n<\/script>\n\t\t<\/div>\n\t<\/div>\n<\/div><\/div><\/div><\/div>\n<\/div>","protected":false},"excerpt":{"rendered":"BER\u00c4KNINGSPORTAL I ber\u00e4kningsportalen kan du ber\u00e4kna coilvikt och ytterdiameter f\u00f6r coils samt formatvikt och l\u00f6pmeter formatpl\u00e5t. Ber\u00e4kningarna \u00e4r baserade p\u00e5 densiteten f\u00f6r st\u00e5l 7850 kg\/m\u00b3. COILSCOILVIKT<span class=\"excerpt-hellip\"> [\u2026]<\/span>","protected":false},"author":1,"featured_media":0,"parent":0,"menu_order":0,"comment_status":"closed","ping_status":"closed","template":"","meta":{"footnotes":""},"class_list":["post-1155","page","type-page","status-publish","hentry"],"yoast_head":"<!-- This site is optimized with the Yoast SEO plugin v27.3 - https:\/\/yoast.com\/product\/yoast-seo-wordpress\/ -->\n<title>Ber\u00e4kningar - HNP<\/title>\n<meta name=\"robots\" content=\"index, follow, max-snippet:-1, max-image-preview:large, max-video-preview:-1\" \/>\n<link rel=\"canonical\" href=\"https:\/\/hnp.se\/en\/berakningar\/\" \/>\n<meta property=\"og:locale\" content=\"en_GB\" \/>\n<meta property=\"og:type\" content=\"article\" \/>\n<meta property=\"og:title\" content=\"Ber\u00e4kningar - HNP\" \/>\n<meta property=\"og:url\" content=\"https:\/\/hnp.se\/en\/berakningar\/\" \/>\n<meta property=\"og:site_name\" content=\"HNP\" \/>\n<meta property=\"article:modified_time\" content=\"2024-05-03T13:10:35+00:00\" \/>\n<meta name=\"twitter:card\" content=\"summary_large_image\" \/>\n<meta name=\"twitter:label1\" content=\"Estimated reading time\" \/>\n\t<meta name=\"twitter:data1\" content=\"2 minutes\" \/>\n<script type=\"application\/ld+json\" class=\"yoast-schema-graph\">{\"@context\":\"https:\\\/\\\/schema.org\",\"@graph\":[{\"@type\":\"WebPage\",\"@id\":\"https:\\\/\\\/hnp.se\\\/berakningar\\\/\",\"url\":\"https:\\\/\\\/hnp.se\\\/berakningar\\\/\",\"name\":\"Ber\u00e4kningar - HNP\",\"isPartOf\":{\"@id\":\"https:\\\/\\\/hnp.se\\\/#website\"},\"datePublished\":\"2020-09-21T14:16:03+00:00\",\"dateModified\":\"2024-05-03T13:10:35+00:00\",\"breadcrumb\":{\"@id\":\"https:\\\/\\\/hnp.se\\\/berakningar\\\/#breadcrumb\"},\"inLanguage\":\"en-GB\",\"potentialAction\":[{\"@type\":\"ReadAction\",\"target\":[\"https:\\\/\\\/hnp.se\\\/berakningar\\\/\"]}]},{\"@type\":\"BreadcrumbList\",\"@id\":\"https:\\\/\\\/hnp.se\\\/berakningar\\\/#breadcrumb\",\"itemListElement\":[{\"@type\":\"ListItem\",\"position\":1,\"name\":\"Home\",\"item\":\"https:\\\/\\\/hnp.se\\\/\"},{\"@type\":\"ListItem\",\"position\":2,\"name\":\"Ber\u00e4kningar\"}]},{\"@type\":\"WebSite\",\"@id\":\"https:\\\/\\\/hnp.se\\\/#website\",\"url\":\"https:\\\/\\\/hnp.se\\\/\",\"name\":\"HNP\",\"description\":\"Steel service center; spaltning, slittning, coil, bandst\u00e5l, klippning, formatpl\u00e5t\",\"potentialAction\":[{\"@type\":\"SearchAction\",\"target\":{\"@type\":\"EntryPoint\",\"urlTemplate\":\"https:\\\/\\\/hnp.se\\\/?s={search_term_string}\"},\"query-input\":{\"@type\":\"PropertyValueSpecification\",\"valueRequired\":true,\"valueName\":\"search_term_string\"}}],\"inLanguage\":\"en-GB\"}]}<\/script>\n<!-- \/ Yoast SEO plugin. -->","yoast_head_json":{"title":"Ber\u00e4kningar - HNP","robots":{"index":"index","follow":"follow","max-snippet":"max-snippet:-1","max-image-preview":"max-image-preview:large","max-video-preview":"max-video-preview:-1"},"canonical":"https:\/\/hnp.se\/en\/berakningar\/","og_locale":"en_GB","og_type":"article","og_title":"Ber\u00e4kningar - HNP","og_url":"https:\/\/hnp.se\/en\/berakningar\/","og_site_name":"HNP","article_modified_time":"2024-05-03T13:10:35+00:00","twitter_card":"summary_large_image","twitter_misc":{"Estimated reading time":"2 minutes"},"schema":{"@context":"https:\/\/schema.org","@graph":[{"@type":"WebPage","@id":"https:\/\/hnp.se\/berakningar\/","url":"https:\/\/hnp.se\/berakningar\/","name":"Ber\u00e4kningar - HNP","isPartOf":{"@id":"https:\/\/hnp.se\/#website"},"datePublished":"2020-09-21T14:16:03+00:00","dateModified":"2024-05-03T13:10:35+00:00","breadcrumb":{"@id":"https:\/\/hnp.se\/berakningar\/#breadcrumb"},"inLanguage":"en-GB","potentialAction":[{"@type":"ReadAction","target":["https:\/\/hnp.se\/berakningar\/"]}]},{"@type":"BreadcrumbList","@id":"https:\/\/hnp.se\/berakningar\/#breadcrumb","itemListElement":[{"@type":"ListItem","position":1,"name":"Home","item":"https:\/\/hnp.se\/"},{"@type":"ListItem","position":2,"name":"Ber\u00e4kningar"}]},{"@type":"WebSite","@id":"https:\/\/hnp.se\/#website","url":"https:\/\/hnp.se\/","name":"HNP","description":"Steel service center; spaltning, slittning, coil, bandst\u00e5l, klippning, formatpl\u00e5t","potentialAction":[{"@type":"SearchAction","target":{"@type":"EntryPoint","urlTemplate":"https:\/\/hnp.se\/?s={search_term_string}"},"query-input":{"@type":"PropertyValueSpecification","valueRequired":true,"valueName":"search_term_string"}}],"inLanguage":"en-GB"}]}},"_links":{"self":[{"href":"https:\/\/hnp.se\/en\/wp-json\/wp\/v2\/pages\/1155","targetHints":{"allow":["GET"]}}],"collection":[{"href":"https:\/\/hnp.se\/en\/wp-json\/wp\/v2\/pages"}],"about":[{"href":"https:\/\/hnp.se\/en\/wp-json\/wp\/v2\/types\/page"}],"author":[{"embeddable":true,"href":"https:\/\/hnp.se\/en\/wp-json\/wp\/v2\/users\/1"}],"replies":[{"embeddable":true,"href":"https:\/\/hnp.se\/en\/wp-json\/wp\/v2\/comments?post=1155"}],"version-history":[{"count":80,"href":"https:\/\/hnp.se\/en\/wp-json\/wp\/v2\/pages\/1155\/revisions"}],"predecessor-version":[{"id":2101,"href":"https:\/\/hnp.se\/en\/wp-json\/wp\/v2\/pages\/1155\/revisions\/2101"}],"wp:attachment":[{"href":"https:\/\/hnp.se\/en\/wp-json\/wp\/v2\/media?parent=1155"}],"curies":[{"name":"wp","href":"https:\/\/api.w.org\/{rel}","templated":true}]}}