{"id":16,"date":"2020-06-29T13:23:46","date_gmt":"2020-06-29T11:23:46","guid":{"rendered":"https:\/\/hnp.se\/?page_id=16"},"modified":"2026-02-25T10:33:45","modified_gmt":"2026-02-25T09:33:45","slug":"spaltning","status":"publish","type":"page","link":"https:\/\/hnp.se\/en\/spaltning\/","title":{"rendered":"Spaltning"},"content":{"rendered":"<div class=\"wpb-content-wrapper\"><div class=\"vc_row wpb_row vc_row-fluid vc_custom_1594212405975\"><div class=\"wpb_column vc_column_container vc_col-sm-12\"><div class=\"vc_column-inner vc_custom_1594212176832\"><div class=\"wpb_wrapper\">\n\t\t\t\t<p class=\"rs-p-wp-fix\"><\/p>\n\t\t\t\t<sr7-module data-alias=\"spaltning\" data-id=\"3\" id=\"SR7_3_1\" class=\"rs-ov-hidden\" data-version=\"6.7.52\">\n\t\t\t\t\t<sr7-adjuster><\/sr7-adjuster>\n\t\t\t\t\t<sr7-content>\n\t\t\t\t\t\t<sr7-slide id=\"SR7_3_1-3\" data-key=\"3\">\n\t\t\t\t\t\t<\/sr7-slide>\n\t\t\t\t\t\t<sr7-slide id=\"SR7_3_1-7\" data-key=\"7\">\n\t\t\t\t\t\t<\/sr7-slide>\n\t\t\t\t\t<\/sr7-content>\n\t\t\t\t<\/sr7-module>\n\t\t\t\t<script>\n\t\t\t\t\twindow.SR7 ??={};SR7.PMH ??={}; SR7.PMH[\"SR7_3_1\"] = {cn:100,state:false,fn: function() { if (window._tpt!==undefined && window._tpt.prepareModuleHeight !== undefined) {  _tpt.prepareModuleHeight({id:\"SR7_3_1\",el:[450,450,768,960,720],type:'hero',shdw:'0',gh:[450,450,,,],gw:[1240,1240,1024,778,480],vpt:['100px'],size:{fullWidth:false, fullHeight:false},mh:'0',onh:0,onw:0,bg:{color:'{\"orig\":\"transparent\",\"type\":\"solid\",\"string\":\"transparent\"}'},plType:'0',plColor:'#FFFFFF'});   SR7.PMH[\"SR7_3_1\"].state=true;} else if(SR7.PMH[\"SR7_3_1\"].cn-->0)\tsetTimeout( SR7.PMH[\"SR7_3_1\"].fn,19);}};SR7.PMH[\"SR7_3_1\" ].fn();\n\t\t\t\t<\/script>\n<\/div><\/div><\/div><\/div><div class=\"vc_row wpb_row vc_row-fluid\"><div class=\"wpb_column vc_column_container vc_col-sm-12\"><div class=\"vc_column-inner\"><div class=\"wpb_wrapper\"><div class=\"vc_empty_space\"   style=\"height: 10px\"><span class=\"vc_empty_space_inner\"><\/span><\/div><\/div><\/div><\/div><\/div><div class=\"vc_row wpb_row vc_row-fluid\"><div class=\"wpb_column vc_column_container vc_col-sm-2\"><div class=\"vc_column-inner\"><div class=\"wpb_wrapper\"><\/div><\/div><\/div><div class=\"wpb_column vc_column_container vc_col-sm-8\"><div class=\"vc_column-inner\"><div class=\"wpb_wrapper\">\n\t<div class=\"wpb_text_column wpb_content_element vc_custom_1594189831119\" >\n\t\t<div class=\"wpb_wrapper\">\n\t\t\t<h1 style=\"text-align: center;\">SPALTNING<\/h1>\n\n\t\t<\/div>\n\t<\/div>\n\n\t<div class=\"wpb_text_column wpb_content_element vc_custom_1631709175928\" >\n\t\t<div class=\"wpb_wrapper\">\n\t\t\t<h4 style=\"text-align: center;\"><span style=\"color: #00437a;\">SLITTADE BAND \u2022 BANDST\u00c5L \u2022 SPALTADE BAND<\/span><\/h4>\n\n\t\t<\/div>\n\t<\/div>\n<\/div><\/div><\/div><div class=\"wpb_column vc_column_container vc_col-sm-2\"><div class=\"vc_column-inner\"><div class=\"wpb_wrapper\"><\/div><\/div><\/div><\/div><div class=\"vc_row wpb_row vc_row-fluid vc_custom_1594212291445 vc_column-gap-5 vc_row-o-equal-height vc_row-flex\"><div class=\"wpb_column vc_column_container vc_col-sm-6 vc_col-has-fill\"><div class=\"vc_column-inner vc_custom_1594293693646\"><div class=\"wpb_wrapper\"><h2 style=\"color: #ffffff;text-align: center\" class=\"vc_custom_heading vc_do_custom_heading vc_custom_1597148840673\" >TEKNISK INFORMATION<\/h2><div class=\"vc_separator wpb_content_element vc_separator_align_center vc_sep_width_60 vc_sep_border_width_2 vc_sep_pos_align_center vc_separator_no_text wpb_content_element  wpb_content_element\" ><span class=\"vc_sep_holder vc_sep_holder_l\"><span style=\"border-color:#eebc66;\" class=\"vc_sep_line\"><\/span><\/span><span class=\"vc_sep_holder vc_sep_holder_r\"><span style=\"border-color:#eebc66;\" class=\"vc_sep_line\"><\/span><\/span>\n<\/div>\n\t<div class=\"wpb_text_column wpb_content_element white\" >\n\t\t<div class=\"wpb_wrapper\">\n\t\t\t<table>\n<tbody>\n<tr>\n<td>Coilvikt avsett f\u00f6r spaltning<\/td>\n<td>upp till 32 ton<\/td>\n<\/tr>\n<tr>\n<td>Spaltning band\/coil<\/td>\n<td>15 -1700 mm breda<\/td>\n<\/tr>\n<tr>\n<td>Tjocklekar<\/td>\n<td>0,40-12,00 mm<\/td>\n<\/tr>\n<tr>\n<td>F\u00e4rdiga band\u00a0i breddintervall<\/td>\n<td>15-1650 mm<\/td>\n<\/tr>\n<tr>\n<td>Max ing\u00e5ende ytterdiameter (YD)<\/td>\n<td>2100 mm<\/td>\n<\/tr>\n<tr>\n<td>Max f\u00e4rdig ytterdiameter (YD)<\/td>\n<td>1900 mm<\/td>\n<\/tr>\n<tr>\n<td>Innerdiameter (508 mm standard)<\/td>\n<td>508 mm eller 610 mm<\/td>\n<\/tr>\n<tr>\n<td colspan=\"2\">Haspling av coil.<\/td>\n<\/tr>\n<\/tbody>\n<\/table>\n\n\t\t<\/div>\n\t<\/div>\n<div class=\"vc_btn3-container vc_btn3-center vc_custom_1772012017236 vc_do_btn\" ><a class=\"vc_general vc_btn3 vc_btn3-size-md vc_btn3-shape-rounded vc_btn3-style-modern vc_btn3-color-grey\" href=\"https:\/\/hnp.se\/wp-content\/uploads\/2026\/02\/Normalstandard-260225.pdf\" title=\"\" target=\"_blank\">PDF Normalstandard<\/a><\/div><\/div><\/div><\/div><div class=\"wpb_column vc_column_container vc_col-sm-6\"><div class=\"vc_column-inner vc_custom_1594212219236\"><div class=\"wpb_wrapper\">\n\t<div  class=\"wpb_single_image wpb_content_element vc_align_center wpb_content_element vc_custom_1613143527920\">\n\t\t\n\t\t<figure class=\"wpb_wrapper vc_figure\">\n\t\t\t<div class=\"vc_single_image-wrapper   vc_box_border_grey\"><img loading=\"lazy\" decoding=\"async\" width=\"1000\" height=\"750\" src=\"https:\/\/hnp.se\/wp-content\/uploads\/2020\/07\/Spaltning-materialtjocklek-1000x750-1.jpg\" class=\"vc_single_image-img attachment-full\" alt=\"\" title=\"Spaltning-materialtjocklek-1000x750\" srcset=\"https:\/\/hnp.se\/wp-content\/uploads\/2020\/07\/Spaltning-materialtjocklek-1000x750-1.jpg 1000w, https:\/\/hnp.se\/wp-content\/uploads\/2020\/07\/Spaltning-materialtjocklek-1000x750-1-300x225.jpg 300w, https:\/\/hnp.se\/wp-content\/uploads\/2020\/07\/Spaltning-materialtjocklek-1000x750-1-768x576.jpg 768w, https:\/\/hnp.se\/wp-content\/uploads\/2020\/07\/Spaltning-materialtjocklek-1000x750-1-195x146.jpg 195w, https:\/\/hnp.se\/wp-content\/uploads\/2020\/07\/Spaltning-materialtjocklek-1000x750-1-50x38.jpg 50w, https:\/\/hnp.se\/wp-content\/uploads\/2020\/07\/Spaltning-materialtjocklek-1000x750-1-100x75.jpg 100w, https:\/\/hnp.se\/wp-content\/uploads\/2020\/07\/Spaltning-materialtjocklek-1000x750-1-960x720.jpg 960w\" sizes=\"auto, (max-width:767px) 480px, (max-width:1000px) 100vw, 1000px\" \/><\/div>\n\t\t<\/figure>\n\t<\/div>\n<\/div><\/div><\/div><\/div><div class=\"vc_row wpb_row vc_row-fluid vc_custom_1594211994543 vc_column-gap-5 vc_row-o-equal-height vc_row-flex\"><div class=\"wpb_column vc_column_container vc_col-sm-6\"><div class=\"vc_column-inner vc_custom_1594212198924\"><div class=\"wpb_wrapper\">\n\t<div  class=\"wpb_single_image wpb_content_element vc_align_center wpb_content_element vc_custom_1613570380338\">\n\t\t\n\t\t<figure class=\"wpb_wrapper vc_figure\">\n\t\t\t<div class=\"vc_single_image-wrapper   vc_box_border_grey\"><img loading=\"lazy\" decoding=\"async\" width=\"1000\" height=\"750\" src=\"https:\/\/hnp.se\/wp-content\/uploads\/2021\/02\/Spaltning-4-coils-1000x750-1.jpg\" class=\"vc_single_image-img attachment-full\" alt=\"\" title=\"Spaltning-4-coils-1000x750\" srcset=\"https:\/\/hnp.se\/wp-content\/uploads\/2021\/02\/Spaltning-4-coils-1000x750-1.jpg 1000w, https:\/\/hnp.se\/wp-content\/uploads\/2021\/02\/Spaltning-4-coils-1000x750-1-300x225.jpg 300w, https:\/\/hnp.se\/wp-content\/uploads\/2021\/02\/Spaltning-4-coils-1000x750-1-768x576.jpg 768w, https:\/\/hnp.se\/wp-content\/uploads\/2021\/02\/Spaltning-4-coils-1000x750-1-195x146.jpg 195w, https:\/\/hnp.se\/wp-content\/uploads\/2021\/02\/Spaltning-4-coils-1000x750-1-50x38.jpg 50w, https:\/\/hnp.se\/wp-content\/uploads\/2021\/02\/Spaltning-4-coils-1000x750-1-100x75.jpg 100w, https:\/\/hnp.se\/wp-content\/uploads\/2021\/02\/Spaltning-4-coils-1000x750-1-960x720.jpg 960w\" sizes=\"auto, (max-width:767px) 480px, (max-width:1000px) 100vw, 1000px\" \/><\/div>\n\t\t<\/figure>\n\t<\/div>\n<\/div><\/div><\/div><div class=\"wpb_column vc_column_container vc_col-sm-6 vc_col-has-fill\"><div class=\"vc_column-inner vc_custom_1634111947613\"><div class=\"wpb_wrapper\"><h2 style=\"color: #ffffff;text-align: center\" class=\"vc_custom_heading vc_do_custom_heading vc_custom_1599549464184\" >Stor Maskinpark<\/h2><div class=\"vc_separator wpb_content_element vc_separator_align_center vc_sep_width_70 vc_sep_border_width_2 vc_sep_pos_align_center vc_separator_no_text wpb_content_element  wpb_content_element\" ><span class=\"vc_sep_holder vc_sep_holder_l\"><span style=\"border-color:#eebc66;\" class=\"vc_sep_line\"><\/span><\/span><span class=\"vc_sep_holder vc_sep_holder_r\"><span style=\"border-color:#eebc66;\" class=\"vc_sep_line\"><\/span><\/span>\n<\/div><div class=\"vc_row wpb_row vc_inner vc_row-fluid\"><div class=\"wpb_column vc_column_container vc_col-sm-2\"><div class=\"vc_column-inner\"><div class=\"wpb_wrapper\"><\/div><\/div><\/div><div class=\"wpb_column vc_column_container vc_col-sm-8\"><div class=\"vc_column-inner\"><div class=\"wpb_wrapper\">\n\t<div class=\"wpb_text_column wpb_content_element white\" >\n\t\t<div class=\"wpb_wrapper\">\n\t\t\t<p style=\"text-align: left;\">Produktionen sker i n\u00e5gon av v\u00e5ra fyra spaltlinjer. Tack vare v\u00e5r breda maskinpark har vi m\u00f6jligheten att erbjuda kundunika l\u00f6sningar. Vi kan erbjuda marknadens bredaste produktionsm\u00f6jligheter och producerar spaltade band i tjocklek\u00a0 upp till 12mm vilket vi \u00e4r ensamma om i Norden.<\/p>\n<p style=\"text-align: left;\">Tveka inte att kontakta oss om du har n\u00e5gra funderingar, vi ser bara m\u00f6jligheter.<\/p>\n\n\t\t<\/div>\n\t<\/div>\n<\/div><\/div><\/div><div class=\"wpb_column vc_column_container vc_col-sm-2\"><div class=\"vc_column-inner\"><div class=\"wpb_wrapper\"><\/div><\/div><\/div><\/div><\/div><\/div><\/div><\/div><div class=\"vc_row wpb_row vc_row-fluid vc_custom_1593498362153 vc_column-gap-5 vc_row-o-equal-height vc_row-flex\"><div class=\"wpb_column vc_column_container vc_col-sm-6 vc_col-has-fill\"><div class=\"vc_column-inner vc_custom_1594188575264\"><div class=\"wpb_wrapper\"><h2 style=\"color: #ffffff;text-align: center\" class=\"vc_custom_heading vc_do_custom_heading vc_custom_1597216046932\" ><a href=\"https:\/\/hnp.se\/emballering\/\">Emballering<\/a><\/h2><div class=\"vc_separator wpb_content_element vc_separator_align_center vc_sep_width_60 vc_sep_border_width_2 vc_sep_pos_align_center vc_separator_no_text wpb_content_element  wpb_content_element\" ><span class=\"vc_sep_holder vc_sep_holder_l\"><span style=\"border-color:#eebc66;\" class=\"vc_sep_line\"><\/span><\/span><span class=\"vc_sep_holder vc_sep_holder_r\"><span style=\"border-color:#eebc66;\" class=\"vc_sep_line\"><\/span><\/span>\n<\/div><div class=\"vc_row wpb_row vc_inner vc_row-fluid\"><div class=\"wpb_column vc_column_container vc_col-sm-2\"><div class=\"vc_column-inner\"><div class=\"wpb_wrapper\"><\/div><\/div><\/div><div class=\"wpb_column vc_column_container vc_col-sm-8\"><div class=\"vc_column-inner\"><div class=\"wpb_wrapper\">\n\t<div class=\"wpb_text_column wpb_content_element white\" >\n\t\t<div class=\"wpb_wrapper\">\n\t\t\t<p>Hos oss p\u00e5 HNP \u00e4r kundanpassad emballering standard.<\/p>\n<p>Vi kan erbjuda m\u00e4ngder av olika utf\u00f6rande s\u00e5 som tr\u00e4emballage och st\u00e5lvaggor.<\/p>\n\n\t\t<\/div>\n\t<\/div>\n<\/div><\/div><\/div><div class=\"wpb_column vc_column_container vc_col-sm-2\"><div class=\"vc_column-inner\"><div class=\"wpb_wrapper\"><\/div><\/div><\/div><\/div><\/div><\/div><\/div><div class=\"wpb_column vc_column_container vc_col-sm-6\"><div class=\"vc_column-inner vc_custom_1594212228552\"><div class=\"wpb_wrapper\">\n\t<div  class=\"wpb_single_image wpb_content_element vc_align_center wpb_content_element vc_custom_1613570699681\">\n\t\t\n\t\t<figure class=\"wpb_wrapper vc_figure\">\n\t\t\t<div class=\"vc_single_image-wrapper   vc_box_border_grey\"><img loading=\"lazy\" decoding=\"async\" width=\"1000\" height=\"750\" src=\"https:\/\/hnp.se\/wp-content\/uploads\/2021\/02\/Stalvagga-1000x750-1.jpg\" class=\"vc_single_image-img attachment-full\" alt=\"\" title=\"Stalvagga-1000x750\" srcset=\"https:\/\/hnp.se\/wp-content\/uploads\/2021\/02\/Stalvagga-1000x750-1.jpg 1000w, https:\/\/hnp.se\/wp-content\/uploads\/2021\/02\/Stalvagga-1000x750-1-300x225.jpg 300w, https:\/\/hnp.se\/wp-content\/uploads\/2021\/02\/Stalvagga-1000x750-1-768x576.jpg 768w, https:\/\/hnp.se\/wp-content\/uploads\/2021\/02\/Stalvagga-1000x750-1-195x146.jpg 195w, https:\/\/hnp.se\/wp-content\/uploads\/2021\/02\/Stalvagga-1000x750-1-50x38.jpg 50w, https:\/\/hnp.se\/wp-content\/uploads\/2021\/02\/Stalvagga-1000x750-1-100x75.jpg 100w, https:\/\/hnp.se\/wp-content\/uploads\/2021\/02\/Stalvagga-1000x750-1-960x720.jpg 960w\" sizes=\"auto, (max-width:767px) 480px, (max-width:1000px) 100vw, 1000px\" \/><\/div>\n\t\t<\/figure>\n\t<\/div>\n<\/div><\/div><\/div><\/div><div class=\"vc_row wpb_row vc_row-fluid vc_custom_1593498362153 vc_column-gap-5 vc_row-o-equal-height vc_row-flex\"><div class=\"wpb_column vc_column_container vc_col-sm-6\"><div class=\"vc_column-inner vc_custom_1594633114558\"><div class=\"wpb_wrapper\">\n\t<div  class=\"wpb_single_image wpb_content_element vc_align_center wpb_content_element vc_custom_1613570716861\">\n\t\t\n\t\t<figure class=\"wpb_wrapper vc_figure\">\n\t\t\t<div class=\"vc_single_image-wrapper   vc_box_border_grey\"><img loading=\"lazy\" decoding=\"async\" width=\"1000\" height=\"750\" src=\"https:\/\/hnp.se\/wp-content\/uploads\/2021\/02\/Coil-standing-1000x750-1.jpg\" class=\"vc_single_image-img attachment-full\" alt=\"\" title=\"Coil-standing-1000x750\" srcset=\"https:\/\/hnp.se\/wp-content\/uploads\/2021\/02\/Coil-standing-1000x750-1.jpg 1000w, https:\/\/hnp.se\/wp-content\/uploads\/2021\/02\/Coil-standing-1000x750-1-300x225.jpg 300w, https:\/\/hnp.se\/wp-content\/uploads\/2021\/02\/Coil-standing-1000x750-1-768x576.jpg 768w, https:\/\/hnp.se\/wp-content\/uploads\/2021\/02\/Coil-standing-1000x750-1-195x146.jpg 195w, https:\/\/hnp.se\/wp-content\/uploads\/2021\/02\/Coil-standing-1000x750-1-50x38.jpg 50w, https:\/\/hnp.se\/wp-content\/uploads\/2021\/02\/Coil-standing-1000x750-1-100x75.jpg 100w, https:\/\/hnp.se\/wp-content\/uploads\/2021\/02\/Coil-standing-1000x750-1-960x720.jpg 960w\" sizes=\"auto, (max-width:767px) 480px, (max-width:1000px) 100vw, 1000px\" \/><\/div>\n\t\t<\/figure>\n\t<\/div>\n<\/div><\/div><\/div><div class=\"wpb_column vc_column_container vc_col-sm-6\"><div class=\"vc_column-inner vc_custom_1594212228552\"><div class=\"wpb_wrapper\">\n\t<div  class=\"wpb_single_image wpb_content_element vc_align_center wpb_content_element vc_custom_1613570724309\">\n\t\t\n\t\t<figure class=\"wpb_wrapper vc_figure\">\n\t\t\t<div class=\"vc_single_image-wrapper   vc_box_border_grey\"><img loading=\"lazy\" decoding=\"async\" width=\"1000\" height=\"750\" src=\"https:\/\/hnp.se\/wp-content\/uploads\/2021\/02\/Coil-med-pall-1000x750-1.jpg\" class=\"vc_single_image-img attachment-full\" alt=\"\" title=\"Coil-med-pall-1000x750\" srcset=\"https:\/\/hnp.se\/wp-content\/uploads\/2021\/02\/Coil-med-pall-1000x750-1.jpg 1000w, https:\/\/hnp.se\/wp-content\/uploads\/2021\/02\/Coil-med-pall-1000x750-1-300x225.jpg 300w, https:\/\/hnp.se\/wp-content\/uploads\/2021\/02\/Coil-med-pall-1000x750-1-768x576.jpg 768w, https:\/\/hnp.se\/wp-content\/uploads\/2021\/02\/Coil-med-pall-1000x750-1-195x146.jpg 195w, https:\/\/hnp.se\/wp-content\/uploads\/2021\/02\/Coil-med-pall-1000x750-1-50x38.jpg 50w, https:\/\/hnp.se\/wp-content\/uploads\/2021\/02\/Coil-med-pall-1000x750-1-100x75.jpg 100w, https:\/\/hnp.se\/wp-content\/uploads\/2021\/02\/Coil-med-pall-1000x750-1-960x720.jpg 960w\" sizes=\"auto, (max-width:767px) 480px, (max-width:1000px) 100vw, 1000px\" \/><\/div>\n\t\t<\/figure>\n\t<\/div>\n<\/div><\/div><\/div><\/div>\n<\/div>","protected":false},"excerpt":{"rendered":"SPALTNING SLITTADE BAND \u2022 BANDST\u00c5L \u2022 SPALTADE BAND TEKNISK INFORMATION Coilvikt avsett f\u00f6r spaltning upp till 32 ton Spaltning band\/coil 15 -1700 mm breda Tjocklekar 0,40-12,00<span class=\"excerpt-hellip\"> [\u2026]<\/span>","protected":false},"author":1,"featured_media":-1,"parent":0,"menu_order":0,"comment_status":"closed","ping_status":"closed","template":"","meta":{"footnotes":""},"class_list":["post-16","page","type-page","status-publish","has-post-thumbnail","hentry"],"yoast_head":"<!-- This site is optimized with the Yoast SEO plugin v27.3 - https:\/\/yoast.com\/product\/yoast-seo-wordpress\/ -->\n<title>Spaltning - HNP<\/title>\n<meta name=\"robots\" content=\"index, follow, max-snippet:-1, max-image-preview:large, max-video-preview:-1\" \/>\n<link rel=\"canonical\" href=\"https:\/\/hnp.se\/en\/spaltning\/\" \/>\n<meta property=\"og:locale\" content=\"en_GB\" \/>\n<meta property=\"og:type\" content=\"article\" \/>\n<meta property=\"og:title\" content=\"Spaltning - HNP\" \/>\n<meta property=\"og:url\" content=\"https:\/\/hnp.se\/en\/spaltning\/\" \/>\n<meta property=\"og:site_name\" content=\"HNP\" \/>\n<meta property=\"article:modified_time\" content=\"2026-02-25T09:33:45+00:00\" \/>\n<meta name=\"twitter:card\" content=\"summary_large_image\" \/>\n<meta name=\"twitter:label1\" content=\"Estimated reading time\" \/>\n\t<meta name=\"twitter:data1\" content=\"3 minutes\" \/>\n<script type=\"application\/ld+json\" class=\"yoast-schema-graph\">{\"@context\":\"https:\\\/\\\/schema.org\",\"@graph\":[{\"@type\":\"WebPage\",\"@id\":\"https:\\\/\\\/hnp.se\\\/spaltning\\\/\",\"url\":\"https:\\\/\\\/hnp.se\\\/spaltning\\\/\",\"name\":\"Spaltning - HNP\",\"isPartOf\":{\"@id\":\"https:\\\/\\\/hnp.se\\\/#website\"},\"datePublished\":\"2020-06-29T11:23:46+00:00\",\"dateModified\":\"2026-02-25T09:33:45+00:00\",\"breadcrumb\":{\"@id\":\"https:\\\/\\\/hnp.se\\\/spaltning\\\/#breadcrumb\"},\"inLanguage\":\"en-GB\",\"potentialAction\":[{\"@type\":\"ReadAction\",\"target\":[\"https:\\\/\\\/hnp.se\\\/spaltning\\\/\"]}]},{\"@type\":\"BreadcrumbList\",\"@id\":\"https:\\\/\\\/hnp.se\\\/spaltning\\\/#breadcrumb\",\"itemListElement\":[{\"@type\":\"ListItem\",\"position\":1,\"name\":\"Home\",\"item\":\"https:\\\/\\\/hnp.se\\\/\"},{\"@type\":\"ListItem\",\"position\":2,\"name\":\"Spaltning\"}]},{\"@type\":\"WebSite\",\"@id\":\"https:\\\/\\\/hnp.se\\\/#website\",\"url\":\"https:\\\/\\\/hnp.se\\\/\",\"name\":\"HNP\",\"description\":\"Steel service center; spaltning, slittning, coil, bandst\u00e5l, klippning, formatpl\u00e5t\",\"potentialAction\":[{\"@type\":\"SearchAction\",\"target\":{\"@type\":\"EntryPoint\",\"urlTemplate\":\"https:\\\/\\\/hnp.se\\\/?s={search_term_string}\"},\"query-input\":{\"@type\":\"PropertyValueSpecification\",\"valueRequired\":true,\"valueName\":\"search_term_string\"}}],\"inLanguage\":\"en-GB\"}]}<\/script>\n<!-- \/ Yoast SEO plugin. -->","yoast_head_json":{"title":"Spaltning - HNP","robots":{"index":"index","follow":"follow","max-snippet":"max-snippet:-1","max-image-preview":"max-image-preview:large","max-video-preview":"max-video-preview:-1"},"canonical":"https:\/\/hnp.se\/en\/spaltning\/","og_locale":"en_GB","og_type":"article","og_title":"Spaltning - HNP","og_url":"https:\/\/hnp.se\/en\/spaltning\/","og_site_name":"HNP","article_modified_time":"2026-02-25T09:33:45+00:00","twitter_card":"summary_large_image","twitter_misc":{"Estimated reading time":"3 minutes"},"schema":{"@context":"https:\/\/schema.org","@graph":[{"@type":"WebPage","@id":"https:\/\/hnp.se\/spaltning\/","url":"https:\/\/hnp.se\/spaltning\/","name":"Spaltning - HNP","isPartOf":{"@id":"https:\/\/hnp.se\/#website"},"datePublished":"2020-06-29T11:23:46+00:00","dateModified":"2026-02-25T09:33:45+00:00","breadcrumb":{"@id":"https:\/\/hnp.se\/spaltning\/#breadcrumb"},"inLanguage":"en-GB","potentialAction":[{"@type":"ReadAction","target":["https:\/\/hnp.se\/spaltning\/"]}]},{"@type":"BreadcrumbList","@id":"https:\/\/hnp.se\/spaltning\/#breadcrumb","itemListElement":[{"@type":"ListItem","position":1,"name":"Home","item":"https:\/\/hnp.se\/"},{"@type":"ListItem","position":2,"name":"Spaltning"}]},{"@type":"WebSite","@id":"https:\/\/hnp.se\/#website","url":"https:\/\/hnp.se\/","name":"HNP","description":"Steel service center; spaltning, slittning, coil, bandst\u00e5l, klippning, formatpl\u00e5t","potentialAction":[{"@type":"SearchAction","target":{"@type":"EntryPoint","urlTemplate":"https:\/\/hnp.se\/?s={search_term_string}"},"query-input":{"@type":"PropertyValueSpecification","valueRequired":true,"valueName":"search_term_string"}}],"inLanguage":"en-GB"}]}},"_links":{"self":[{"href":"https:\/\/hnp.se\/en\/wp-json\/wp\/v2\/pages\/16","targetHints":{"allow":["GET"]}}],"collection":[{"href":"https:\/\/hnp.se\/en\/wp-json\/wp\/v2\/pages"}],"about":[{"href":"https:\/\/hnp.se\/en\/wp-json\/wp\/v2\/types\/page"}],"author":[{"embeddable":true,"href":"https:\/\/hnp.se\/en\/wp-json\/wp\/v2\/users\/1"}],"replies":[{"embeddable":true,"href":"https:\/\/hnp.se\/en\/wp-json\/wp\/v2\/comments?post=16"}],"version-history":[{"count":103,"href":"https:\/\/hnp.se\/en\/wp-json\/wp\/v2\/pages\/16\/revisions"}],"predecessor-version":[{"id":2260,"href":"https:\/\/hnp.se\/en\/wp-json\/wp\/v2\/pages\/16\/revisions\/2260"}],"wp:featuredmedia":[{"embeddable":true,"href":"https:\/\/hnp.se\/en\/wp-json\/"}],"wp:attachment":[{"href":"https:\/\/hnp.se\/en\/wp-json\/wp\/v2\/media?parent=16"}],"curies":[{"name":"wp","href":"https:\/\/api.w.org\/{rel}","templated":true}]}}