{"id":30,"date":"2020-06-29T13:33:12","date_gmt":"2020-06-29T11:33:12","guid":{"rendered":"https:\/\/hnp.se\/?page_id=30"},"modified":"2022-09-08T14:51:44","modified_gmt":"2022-09-08T12:51:44","slug":"aluzink","status":"publish","type":"page","link":"https:\/\/hnp.se\/en\/materialsorter\/aluzink\/","title":{"rendered":"Aluzinc"},"content":{"rendered":"<div class=\"wpb-content-wrapper\"><div class=\"vc_row wpb_row vc_row-fluid\"><div class=\"wpb_column vc_column_container vc_col-sm-12\"><div class=\"vc_column-inner\"><div class=\"wpb_wrapper\"><div  class=\"vc_wp_custommenu wpb_content_element\"><div class=\"widget widget_nav_menu\"><div class=\"menu-materialsorter-container\"><ul id=\"menu-materialsorter\" class=\"menu\"><li id=\"menu-item-425\" class=\"menu-item menu-item-type-post_type menu-item-object-page menu-item-425\"><a href=\"https:\/\/hnp.se\/en\/materialsorter\/aluzink\/\">Aluzink<\/a><\/li>\n<li id=\"menu-item-424\" class=\"menu-item menu-item-type-post_type menu-item-object-page menu-item-424\"><a href=\"https:\/\/hnp.se\/en\/materialsorter\/kallvalsat\/\">Kallvalsad<\/a><\/li>\n<li id=\"menu-item-423\" class=\"menu-item menu-item-type-post_type menu-item-object-page menu-item-423\"><a href=\"https:\/\/hnp.se\/en\/materialsorter\/varmforzinkat\/\">Varmf\u00f6rzinkad<\/a><\/li>\n<li id=\"menu-item-422\" class=\"menu-item menu-item-type-post_type menu-item-object-page menu-item-422\"><a href=\"https:\/\/hnp.se\/en\/materialsorter\/varmvalsat\/\">Varmvalsad<\/a><\/li>\n<li id=\"menu-item-991\" class=\"menu-item menu-item-type-post_type menu-item-object-page menu-item-991\"><a href=\"https:\/\/hnp.se\/en\/materialsorter\/magizinc\/\">Magizinc<\/a><\/li>\n<li id=\"menu-item-751\" class=\"menu-item menu-item-type-post_type menu-item-object-page menu-item-751\"><a href=\"https:\/\/hnp.se\/en\/materialsorter\/ovrigt-stal\/\">\u00d6vrigt st\u00e5l<\/a><\/li>\n<\/ul><\/div><\/div><\/div><\/div><\/div><\/div><\/div><div class=\"vc_row wpb_row vc_row-fluid vc_custom_1597732463245 vc_column-gap-5\"><div class=\"wpb_column vc_column_container vc_col-sm-12\"><div class=\"vc_column-inner vc_custom_1594212176832\"><div class=\"wpb_wrapper\">\n\t<div  class=\"wpb_single_image wpb_content_element vc_align_center wpb_content_element vc_custom_1633610808083\">\n\t\t\n\t\t<figure class=\"wpb_wrapper vc_figure\">\n\t\t\t<a class=\"\" data-lightbox=\"lightbox[rel-30-1337111594]\" href=\"https:\/\/hnp.se\/wp-content\/uploads\/2021\/10\/Aluzink-2000x600-1-1024x307.jpeg\" target=\"_self\" class=\"vc_single_image-wrapper   vc_box_border_grey\"><img loading=\"lazy\" decoding=\"async\" width=\"2000\" height=\"600\" src=\"https:\/\/hnp.se\/wp-content\/uploads\/2021\/10\/Aluzink-2000x600-1.jpeg\" class=\"vc_single_image-img attachment-full\" alt=\"\" title=\"Aluzink-2000x600\" srcset=\"https:\/\/hnp.se\/wp-content\/uploads\/2021\/10\/Aluzink-2000x600-1.jpeg 2000w, https:\/\/hnp.se\/wp-content\/uploads\/2021\/10\/Aluzink-2000x600-1-300x90.jpeg 300w, https:\/\/hnp.se\/wp-content\/uploads\/2021\/10\/Aluzink-2000x600-1-1024x307.jpeg 1024w, https:\/\/hnp.se\/wp-content\/uploads\/2021\/10\/Aluzink-2000x600-1-768x230.jpeg 768w, https:\/\/hnp.se\/wp-content\/uploads\/2021\/10\/Aluzink-2000x600-1-1536x461.jpeg 1536w, https:\/\/hnp.se\/wp-content\/uploads\/2021\/10\/Aluzink-2000x600-1-260x78.jpeg 260w, https:\/\/hnp.se\/wp-content\/uploads\/2021\/10\/Aluzink-2000x600-1-50x15.jpeg 50w, https:\/\/hnp.se\/wp-content\/uploads\/2021\/10\/Aluzink-2000x600-1-150x45.jpeg 150w\" sizes=\"auto, (max-width:767px) 480px, (max-width:2000px) 100vw, 2000px\" \/><\/a>\n\t\t<\/figure>\n\t<\/div>\n<\/div><\/div><\/div><\/div><div class=\"vc_row wpb_row vc_row-fluid vc_custom_1597733571111\"><div class=\"wpb_column vc_column_container vc_col-sm-12\"><div class=\"vc_column-inner vc_custom_1594639239913\"><div class=\"wpb_wrapper\"><h2 style=\"font-size: 30px;color: #293f68;text-align: center\" class=\"vc_custom_heading vc_do_custom_heading bold vc_custom_1598430713417\" >ALUZINK-BELAGD PL\u00c5T<\/h2>\n\t<div class=\"wpb_text_column wpb_content_element vc_custom_1662641501730\" >\n\t\t<div class=\"wpb_wrapper\">\n\t\t\t<p style=\"text-align: center;\"><em><a href=\"https:\/\/hnp.se\/wp-content\/uploads\/2022\/09\/HNP-produktblad-aluzinc-belagd-plat-webb-r3.pdf\" target=\"_blank\" rel=\"noopener noreferrer\">(Ladda ner PDF produktblad)<\/a><\/em><\/p>\n\n\t\t<\/div>\n\t<\/div>\n<div class=\"vc_empty_space\"   style=\"height: 32px\"><span class=\"vc_empty_space_inner\"><\/span><\/div><div class=\"vc_row wpb_row vc_inner vc_row-fluid vc_custom_1597743881853 vc_column-gap-10\"><div class=\"wpb_column vc_column_container vc_col-sm-12\"><div class=\"vc_column-inner\"><div class=\"wpb_wrapper\"><h4 style=\"text-align: left\" class=\"vc_custom_heading vc_do_custom_heading vc_custom_1633611929710\" >TILLVERKNINGSPROCESS<\/h4>\n\t<div class=\"wpb_text_column wpb_content_element\" >\n\t\t<div class=\"wpb_wrapper\">\n\t\t\t<p>Aluminium-zink belagd pl\u00e5t har en ytbel\u00e4ggning som best\u00e5r av en blandning av 55% aluminium, 43% zink och 2% kisel. Dess korrosionsbest\u00e4ndighet \u00e4r betydligt b\u00e4ttre \u00e4n f\u00f6r varmf\u00f6rzinkad pl\u00e5t. Hur mycket b\u00e4ttre beror p\u00e5 den omgivande milj\u00f6n. Tack vare den h\u00f6ga halten aluminium, klarar aluminiumzink-belagd pl\u00e5t att uts\u00e4ttas f\u00f6r h\u00f6ga temperaturer utan att missf\u00e4rgas och dess ljusreflekterande utseende g\u00f6r den l\u00e4mplig vid t.ex. takt\u00e4ckning. Aluminiumzink-belagd pl\u00e5t finns i tjocklek ca 0.3 till 2.0 mm.<\/p>\n\n\t\t<\/div>\n\t<\/div>\n<h4 style=\"text-align: left\" class=\"vc_custom_heading vc_do_custom_heading vc_custom_1598430839110\" >ST\u00c5LSORTER<\/h4>\n\t<div class=\"wpb_text_column wpb_content_element\" >\n\t\t<div class=\"wpb_wrapper\">\n\t\t\t<p><strong>Mjuka st\u00e5l:<br \/>\n<\/strong>Anv\u00e4nds n\u00e4r formnings- och pressningsegenskaper \u00e4r viktigare \u00e4n h\u00e5llfasthetsegenskaper. Finns i kvaliteter fr\u00e5n DX51 till DX54.<br \/>\n<strong>Konstruktionsst\u00e5l:<\/strong><br \/>\nAnv\u00e4nds f\u00f6r h\u00e5llfasthetsber\u00e4knade konstruktioner inom byggnadsindustrin. Passar till rullformning och enklare bockning.<\/p>\n\n\t\t<\/div>\n\t<\/div>\n<\/div><\/div><\/div><\/div>\n\t<div class=\"wpb_text_column wpb_content_element\" >\n\t\t<div class=\"wpb_wrapper\">\n\t\t\t<table>\n<tbody>\n<tr>\n<td style=\"text-align: center;\" colspan=\"4\">MEKANISKA EGENSKAPER &#8211; MJUKA ST\u00c5L<\/td>\n<\/tr>\n<tr>\n<td style=\"text-align: center;\">EN 10 346<\/td>\n<td style=\"text-align: center;\">Str\u00e4ckgr\u00e4ns R<sub>e<\/sub><br \/>\n(N\/mm<sup>2<\/sup>)<\/td>\n<td style=\"text-align: center;\">Brottgr\u00e4ns R<sub>m<\/sub><br \/>\n(N\/mm<sup>2<\/sup>)<\/td>\n<td style=\"text-align: center;\" colspan=\"3\">F\u00f6rl\u00e4ngning<br \/>\nA<sub>80<\/sub> min. (%)*<\/td>\n<\/tr>\n<tr>\n<td>DX 51 D + AZ<\/td>\n<td>Min. 140<\/td>\n<td>270-500<\/td>\n<td>22<\/td>\n<\/tr>\n<tr>\n<td>DX 52 D + AZ<\/td>\n<td>140-300<\/td>\n<td>270-420<\/td>\n<td>26<\/td>\n<\/tr>\n<tr>\n<td>DX 53 D + AZ<\/td>\n<td>140-260<\/td>\n<td>270-380<\/td>\n<td>30<\/td>\n<\/tr>\n<tr>\n<td>DX 54 D + AZ<\/td>\n<td>140-220<\/td>\n<td>270-350<\/td>\n<td>36<\/td>\n<\/tr>\n<tr>\n<td style=\"text-align: left;\" colspan=\"4\">V\u00e4rdena baseras p\u00e5 prov uttaget tv\u00e4rs valsriktningen.<br \/>\n*) F\u00f6r t \u2264 0,70 mm g\u00e4ller tv\u00e5 enheter l\u00e4gre v\u00e4rde.<\/td>\n<\/tr>\n<\/tbody>\n<\/table>\n\n\t\t<\/div>\n\t<\/div>\n\n\t<div class=\"wpb_text_column wpb_content_element\" >\n\t\t<div class=\"wpb_wrapper\">\n\t\t\t<table>\n<tbody>\n<tr>\n<td style=\"text-align: center;\" colspan=\"4\">MEKANISKA EGENSKAPER \u2013 KONSTRUKTIONSST\u00c5L<\/td>\n<\/tr>\n<tr>\n<td style=\"text-align: center;\">EN 10 346<\/td>\n<td style=\"text-align: center;\">Str\u00e4ckgr\u00e4ns R<sub>e<\/sub><br \/>\nmin.(N\/mm<sup>2<\/sup>)<\/td>\n<td style=\"text-align: center;\">Brottgr\u00e4ns R<sub>m<\/sub><br \/>\nmin.(N\/mm<sup>2<\/sup>)<\/td>\n<td style=\"text-align: center;\" colspan=\"3\">F\u00f6rl\u00e4ngning<br \/>\nA<sub>80<\/sub> min. (%)*<\/td>\n<\/tr>\n<tr>\n<td>S 250 GD + AZ<\/td>\n<td>250<\/td>\n<td>300<\/td>\n<td>19<\/td>\n<\/tr>\n<tr>\n<td>S 280 GD + AZ<\/td>\n<td>280<\/td>\n<td>360<\/td>\n<td>18<\/td>\n<\/tr>\n<tr>\n<td>S 320 GD + AZ<\/td>\n<td>320<\/td>\n<td>390<\/td>\n<td>17<\/td>\n<\/tr>\n<tr>\n<td>S 350 GD + AZ<\/td>\n<td>350<\/td>\n<td>420<\/td>\n<td>16<\/td>\n<\/tr>\n<tr>\n<td>S 550 GD + AZ<\/td>\n<td>550<\/td>\n<td>560<\/td>\n<td>&#8211;<\/td>\n<\/tr>\n<tr>\n<td style=\"text-align: left;\" colspan=\"4\">V\u00e4rdena baseras p\u00e5 prov uttaget l\u00e4ngs valsriktningen.<br \/>\n*) F\u00f6r t \u2264 0,70 mm g\u00e4ller tv\u00e5 enheter l\u00e4gre v\u00e4rde.<\/td>\n<\/tr>\n<\/tbody>\n<\/table>\n\n\t\t<\/div>\n\t<\/div>\n\n\t<div class=\"wpb_text_column wpb_content_element\" >\n\t\t<div class=\"wpb_wrapper\">\n\t\t\t<table>\n<tbody>\n<tr>\n<td style=\"text-align: center;\" colspan=\"4\">BEL\u00c4GGNINGSSKIKT<\/td>\n<\/tr>\n<tr>\n<td style=\"text-align: center;\" rowspan=\"2\">Viktklass<\/td>\n<td style=\"text-align: center;\" colspan=\"2\">Bel\u00e4ggningsvikt inkl. b\u00e5da sidor (g\/m2)<\/td>\n<td style=\"text-align: center;\" rowspan=\"2\">Zinkskikts-tjocklek per sida* (\u03bcm)<\/td>\n<\/tr>\n<tr>\n<td>Trepunktsprov min<\/td>\n<td>Enpunktsprov min.<\/td>\n<\/tr>\n<tr>\n<td>AZ 100<\/td>\n<td>100<\/td>\n<td>85<\/td>\n<td>12<\/td>\n<\/tr>\n<tr>\n<td>AZ 150<\/td>\n<td>150<\/td>\n<td>130<\/td>\n<td>20<\/td>\n<\/tr>\n<tr>\n<td>AZ 185<\/td>\n<td>185<\/td>\n<td>160<\/td>\n<td>25<\/td>\n<\/tr>\n<tr>\n<td style=\"text-align: left;\" colspan=\"4\">*) Skikttjockleken \u00e4r ber\u00e4knad p\u00e5 min.-v\u00e4rdena f\u00f6r trepunktsprov (1 \u03bcm = 3,75 g\/m2)<\/td>\n<\/tr>\n<\/tbody>\n<\/table>\n\n\t\t<\/div>\n\t<\/div>\n<h4 style=\"text-align: left\" class=\"vc_custom_heading vc_do_custom_heading vc_custom_1597743815573\" >YTA<\/h4>\n\t<div class=\"wpb_text_column wpb_content_element vc_custom_1598445176786 line-height-smaller\" >\n\t\t<div class=\"wpb_wrapper\">\n\t\t\t<p><strong>Ytutseende:<\/strong> Aluminiumzink-belagd pl\u00e5t tillverkas med normalt rosm\u00f6nster, som bildas efter naturlig kristallisering av bel\u00e4ggningen<\/p>\n\n\t\t<\/div>\n\t<\/div>\n\n\t<div class=\"wpb_text_column wpb_content_element\" >\n\t\t<div class=\"wpb_wrapper\">\n\t\t\t<table>\n<tbody>\n<tr>\n<td style=\"text-align: left;\" colspan=\"2\">\n<h5>Ytkvalitet:<\/h5>\n<\/td>\n<\/tr>\n<tr>\n<td style=\"text-align: left;\">A (Normal yta)<\/td>\n<td style=\"text-align: left;\">Sm\u00e5 porer, variationer i rosm\u00f6nstret, m\u00f6rka fl\u00e4ckar, r\u00e4nder och sm\u00e5 passiveringsfl\u00e4ckar till\u00e5ts. Str\u00e4ckriktm\u00e4rken och zinkavrinningsm\u00e4rken f\u00e5r f\u00f6rekomma.<\/td>\n<\/tr>\n<tr>\n<td style=\"text-align: left;\">B (F\u00f6rb\u00e4ttrad yta)<\/td>\n<td style=\"text-align: left;\">Trimvalsat material. Sm\u00e5 fel s\u00e5som str\u00e4ckriktm\u00e4rken, m\u00e4rken fr\u00e5n trimvalsning, repor, intryckningar, rosm\u00f6nster, zinkavrinningsm\u00e4rken och svaga passiveringsm\u00e4rken f\u00e5r f\u00f6rekomma. Ytan har inga porer.<\/td>\n<\/tr>\n<tr>\n<td style=\"text-align: left;\" colspan=\"2\">Vi har som som standard bel\u00e4ggningsskikt AZ 150, ytkvalitet A och ytbehandling C. Uppfyller kraven enligt RoHS-direktiven.<\/td>\n<\/tr>\n<\/tbody>\n<\/table>\n\n\t\t<\/div>\n\t<\/div>\n\n\t<div class=\"wpb_text_column wpb_content_element\" >\n\t\t<div class=\"wpb_wrapper\">\n\t\t\t<table>\n<tbody>\n<tr>\n<td style=\"text-align: left;\" colspan=\"2\">\n<h5>Ytbehandling:<\/h5>\n<\/td>\n<\/tr>\n<tr>\n<td><strong>C<\/strong><\/td>\n<td style=\"text-align: left;\">Kemisk passivering<\/td>\n<\/tr>\n<tr>\n<td><strong>0<\/strong><\/td>\n<td style=\"text-align: left;\">Anoljning<\/td>\n<\/tr>\n<tr>\n<td><strong>C0<\/strong><\/td>\n<td style=\"text-align: left;\">Kemisk passivering + anoljning<\/td>\n<\/tr>\n<tr>\n<td><strong>S<\/strong><\/td>\n<td style=\"text-align: left;\">S\u00e4rskild passiveringsbehandling (Anti Finger Print)<\/td>\n<\/tr>\n<tr>\n<td style=\"text-align: left;\" colspan=\"2\">Vi har som som standard bel\u00e4ggningsskikt AZ 150, ytkvalitet A och ytbehandling C. Uppfyller kraven enligt RoHS-direktiven.<\/td>\n<\/tr>\n<\/tbody>\n<\/table>\n\n\t\t<\/div>\n\t<\/div>\n<h4 style=\"text-align: left\" class=\"vc_custom_heading vc_do_custom_heading vc_custom_1598445235098\" >TJOCKLEKSTOLERANSER, ENLIGT EN 10 143<\/h4>\n\t<div class=\"wpb_text_column wpb_content_element\" >\n\t\t<div class=\"wpb_wrapper\">\n\t\t\t<table>\n<tbody>\n<tr>\n<td style=\"text-align: center;\" colspan=\"4\">TJOCKLEKSTOLERANSER, ENLIGT EN 10 143 (f\u00f6r st\u00e5l med en specifierad min. str\u00e4ckgr\u00e4ns &lt;260)<\/td>\n<\/tr>\n<tr>\n<td style=\"text-align: center;\" rowspan=\"2\">Nominell tjocklek<br \/>\n(mm)<\/td>\n<td style=\"text-align: center;\" colspan=\"3\">Tjocklekstoleranser f\u00f6r nominell bredd (mm)<\/td>\n<\/tr>\n<tr>\n<td>\u2264 1200<\/td>\n<td>&gt; 1200 \u2264 1500<\/td>\n<td>&gt; 1500<\/td>\n<\/tr>\n<tr>\n<td>\u2265 0,35 \u2264 0,40<\/td>\n<td>\u00b1 0,04<\/td>\n<td>\u00b1 0,05<\/td>\n<td>&#8211;<\/td>\n<\/tr>\n<tr>\n<td>&gt; 0,40 \u2264 0,60<\/td>\n<td>\u00b1 0,04<\/td>\n<td>\u00b1 0,05<\/td>\n<td>\u00b1 0,06<\/td>\n<\/tr>\n<tr>\n<td>&gt; 0,60 \u2264 0,80<\/td>\n<td>\u00b1 0,05<\/td>\n<td>\u00b1 0,06<\/td>\n<td>\u00b1 0,07<\/td>\n<\/tr>\n<tr>\n<td>&gt; 0,80 \u2264 1,00<\/td>\n<td>\u00b1 0,06<\/td>\n<td>\u00b1 0,07<\/td>\n<td>\u00b1 0,08<\/td>\n<\/tr>\n<tr>\n<td>&gt; 1,00 \u2264 1,20<\/td>\n<td>\u00b1 0,07<\/td>\n<td>\u00b1 0,08<\/td>\n<td>\u00b1 0,09<\/td>\n<\/tr>\n<tr>\n<td>&gt; 1,20 \u2264 1,60<\/td>\n<td>\u00b1 0,10<\/td>\n<td>\u00b1 0,11<\/td>\n<td>\u00b1 0,12<\/td>\n<\/tr>\n<tr>\n<td>&gt; 1,60 \u2264 2,00<\/td>\n<td>\u00b1 0,12<\/td>\n<td>\u00b1 0,13<\/td>\n<td>\u00b1 0,14<\/td>\n<\/tr>\n<tr>\n<td>&gt; 2,00 \u2264 2,50<\/td>\n<td>\u00b1 0,14<\/td>\n<td>\u00b1 0,15<\/td>\n<td>\u00b1 0,16<\/td>\n<\/tr>\n<tr>\n<td>&gt; 2,50 \u2264 3,00<\/td>\n<td>\u00b1 0,17<\/td>\n<td>\u00b1 0,17<\/td>\n<td>\u00b1 0,18<\/td>\n<\/tr>\n<tr>\n<td style=\"text-align: left;\" colspan=\"4\">Min. str\u00e4ckgr\u00e4ns \u2265 260 &lt; 360 N\/mm\u00b2 \u00f6kas tolranserna med 15-20 %..<br \/>\nMin. str\u00e4ckgr\u00e4ns \u2265 360 \u2264 420 N\/mm\u00b2 \u00f6kas toleranserna med 30-40 %.<br \/>\nSn\u00e4vare toleranser mot extra kostnad.<\/td>\n<\/tr>\n<\/tbody>\n<\/table>\n\n\t\t<\/div>\n\t<\/div>\n<\/div><\/div><\/div><\/div>\n<\/div>","protected":false},"excerpt":{"rendered":"Aluzink Kallvalsad Varmf\u00f6rzinkad Varmvalsad Magizinc \u00d6vrigt st\u00e5l ALUZINK-BELAGD PL\u00c5T (Ladda ner PDF produktblad) TILLVERKNINGSPROCESS Aluminium-zink belagd pl\u00e5t har en ytbel\u00e4ggning som best\u00e5r av en blandning av<span class=\"excerpt-hellip\"> [\u2026]<\/span>","protected":false},"author":1,"featured_media":0,"parent":408,"menu_order":0,"comment_status":"closed","ping_status":"closed","template":"","meta":{"footnotes":""},"class_list":["post-30","page","type-page","status-publish","hentry"],"yoast_head":"<!-- This site is optimized with the Yoast SEO plugin v27.3 - https:\/\/yoast.com\/product\/yoast-seo-wordpress\/ -->\n<title>Aluzink - HNP<\/title>\n<meta name=\"robots\" content=\"index, follow, max-snippet:-1, max-image-preview:large, max-video-preview:-1\" \/>\n<link rel=\"canonical\" href=\"https:\/\/hnp.se\/en\/materialsorter\/aluzink\/\" \/>\n<meta property=\"og:locale\" content=\"en_GB\" \/>\n<meta property=\"og:type\" content=\"article\" \/>\n<meta property=\"og:title\" content=\"Aluzink - HNP\" \/>\n<meta property=\"og:url\" content=\"https:\/\/hnp.se\/en\/materialsorter\/aluzink\/\" \/>\n<meta property=\"og:site_name\" content=\"HNP\" \/>\n<meta property=\"article:modified_time\" content=\"2022-09-08T12:51:44+00:00\" \/>\n<meta name=\"twitter:card\" content=\"summary_large_image\" \/>\n<meta name=\"twitter:label1\" content=\"Estimated reading time\" \/>\n\t<meta name=\"twitter:data1\" content=\"4 minutes\" \/>\n<script type=\"application\/ld+json\" class=\"yoast-schema-graph\">{\"@context\":\"https:\\\/\\\/schema.org\",\"@graph\":[{\"@type\":\"WebPage\",\"@id\":\"https:\\\/\\\/hnp.se\\\/materialsorter\\\/aluzink\\\/\",\"url\":\"https:\\\/\\\/hnp.se\\\/materialsorter\\\/aluzink\\\/\",\"name\":\"Aluzink - HNP\",\"isPartOf\":{\"@id\":\"https:\\\/\\\/hnp.se\\\/#website\"},\"datePublished\":\"2020-06-29T11:33:12+00:00\",\"dateModified\":\"2022-09-08T12:51:44+00:00\",\"breadcrumb\":{\"@id\":\"https:\\\/\\\/hnp.se\\\/materialsorter\\\/aluzink\\\/#breadcrumb\"},\"inLanguage\":\"en-GB\",\"potentialAction\":[{\"@type\":\"ReadAction\",\"target\":[\"https:\\\/\\\/hnp.se\\\/materialsorter\\\/aluzink\\\/\"]}]},{\"@type\":\"BreadcrumbList\",\"@id\":\"https:\\\/\\\/hnp.se\\\/materialsorter\\\/aluzink\\\/#breadcrumb\",\"itemListElement\":[{\"@type\":\"ListItem\",\"position\":1,\"name\":\"Home\",\"item\":\"https:\\\/\\\/hnp.se\\\/\"},{\"@type\":\"ListItem\",\"position\":2,\"name\":\"MATERIALSORTER\",\"item\":\"https:\\\/\\\/hnp.se\\\/materialsorter\\\/\"},{\"@type\":\"ListItem\",\"position\":3,\"name\":\"Aluzink\"}]},{\"@type\":\"WebSite\",\"@id\":\"https:\\\/\\\/hnp.se\\\/#website\",\"url\":\"https:\\\/\\\/hnp.se\\\/\",\"name\":\"HNP\",\"description\":\"Steel service center; spaltning, slittning, coil, bandst\u00e5l, klippning, formatpl\u00e5t\",\"potentialAction\":[{\"@type\":\"SearchAction\",\"target\":{\"@type\":\"EntryPoint\",\"urlTemplate\":\"https:\\\/\\\/hnp.se\\\/?s={search_term_string}\"},\"query-input\":{\"@type\":\"PropertyValueSpecification\",\"valueRequired\":true,\"valueName\":\"search_term_string\"}}],\"inLanguage\":\"en-GB\"}]}<\/script>\n<!-- \/ Yoast SEO plugin. -->","yoast_head_json":{"title":"Aluzink - HNP","robots":{"index":"index","follow":"follow","max-snippet":"max-snippet:-1","max-image-preview":"max-image-preview:large","max-video-preview":"max-video-preview:-1"},"canonical":"https:\/\/hnp.se\/en\/materialsorter\/aluzink\/","og_locale":"en_GB","og_type":"article","og_title":"Aluzink - HNP","og_url":"https:\/\/hnp.se\/en\/materialsorter\/aluzink\/","og_site_name":"HNP","article_modified_time":"2022-09-08T12:51:44+00:00","twitter_card":"summary_large_image","twitter_misc":{"Estimated reading time":"4 minutes"},"schema":{"@context":"https:\/\/schema.org","@graph":[{"@type":"WebPage","@id":"https:\/\/hnp.se\/materialsorter\/aluzink\/","url":"https:\/\/hnp.se\/materialsorter\/aluzink\/","name":"Aluzink - HNP","isPartOf":{"@id":"https:\/\/hnp.se\/#website"},"datePublished":"2020-06-29T11:33:12+00:00","dateModified":"2022-09-08T12:51:44+00:00","breadcrumb":{"@id":"https:\/\/hnp.se\/materialsorter\/aluzink\/#breadcrumb"},"inLanguage":"en-GB","potentialAction":[{"@type":"ReadAction","target":["https:\/\/hnp.se\/materialsorter\/aluzink\/"]}]},{"@type":"BreadcrumbList","@id":"https:\/\/hnp.se\/materialsorter\/aluzink\/#breadcrumb","itemListElement":[{"@type":"ListItem","position":1,"name":"Home","item":"https:\/\/hnp.se\/"},{"@type":"ListItem","position":2,"name":"MATERIALSORTER","item":"https:\/\/hnp.se\/materialsorter\/"},{"@type":"ListItem","position":3,"name":"Aluzink"}]},{"@type":"WebSite","@id":"https:\/\/hnp.se\/#website","url":"https:\/\/hnp.se\/","name":"HNP","description":"Steel service center; spaltning, slittning, coil, bandst\u00e5l, klippning, formatpl\u00e5t","potentialAction":[{"@type":"SearchAction","target":{"@type":"EntryPoint","urlTemplate":"https:\/\/hnp.se\/?s={search_term_string}"},"query-input":{"@type":"PropertyValueSpecification","valueRequired":true,"valueName":"search_term_string"}}],"inLanguage":"en-GB"}]}},"_links":{"self":[{"href":"https:\/\/hnp.se\/en\/wp-json\/wp\/v2\/pages\/30","targetHints":{"allow":["GET"]}}],"collection":[{"href":"https:\/\/hnp.se\/en\/wp-json\/wp\/v2\/pages"}],"about":[{"href":"https:\/\/hnp.se\/en\/wp-json\/wp\/v2\/types\/page"}],"author":[{"embeddable":true,"href":"https:\/\/hnp.se\/en\/wp-json\/wp\/v2\/users\/1"}],"replies":[{"embeddable":true,"href":"https:\/\/hnp.se\/en\/wp-json\/wp\/v2\/comments?post=30"}],"version-history":[{"count":67,"href":"https:\/\/hnp.se\/en\/wp-json\/wp\/v2\/pages\/30\/revisions"}],"predecessor-version":[{"id":1668,"href":"https:\/\/hnp.se\/en\/wp-json\/wp\/v2\/pages\/30\/revisions\/1668"}],"up":[{"embeddable":true,"href":"https:\/\/hnp.se\/en\/wp-json\/wp\/v2\/pages\/408"}],"wp:attachment":[{"href":"https:\/\/hnp.se\/en\/wp-json\/wp\/v2\/media?parent=30"}],"curies":[{"name":"wp","href":"https:\/\/api.w.org\/{rel}","templated":true}]}}