{"id":32,"date":"2020-06-29T13:33:36","date_gmt":"2020-06-29T11:33:36","guid":{"rendered":"https:\/\/hnp.se\/?page_id=32"},"modified":"2021-10-21T08:13:31","modified_gmt":"2021-10-21T06:13:31","slug":"logistik-lager","status":"publish","type":"page","link":"https:\/\/hnp.se\/en\/logistik-lager\/","title":{"rendered":"Logistics\/Warehouse"},"content":{"rendered":"<div class=\"wpb-content-wrapper\"><div class=\"vc_row wpb_row vc_row-fluid\"><div class=\"wpb_column vc_column_container vc_col-sm-12\"><div class=\"vc_column-inner\"><div class=\"wpb_wrapper\"><div class=\"vc_empty_space\"   style=\"height: 32px\"><span class=\"vc_empty_space_inner\"><\/span><\/div><\/div><\/div><\/div><\/div><div class=\"vc_row wpb_row vc_row-fluid\"><div class=\"wpb_column vc_column_container vc_col-sm-2\"><div class=\"vc_column-inner\"><div class=\"wpb_wrapper\"><\/div><\/div><\/div><div class=\"wpb_column vc_column_container vc_col-sm-8\"><div class=\"vc_column-inner\"><div class=\"wpb_wrapper\">\n\t<div class=\"wpb_text_column wpb_content_element vc_custom_1597065732877\" >\n\t\t<div class=\"wpb_wrapper\">\n\t\t\t<h1 style=\"text-align: center;\">LOGISTICS AND WAREHOUSE<\/h1>\n\n\t\t<\/div>\n\t<\/div>\n\n\t<div class=\"wpb_text_column wpb_content_element vc_custom_1597845159978\" >\n\t\t<div class=\"wpb_wrapper\">\n\t\t\t<h4 style=\"text-align: center;\"><span style=\"color: #00437a;\">FULL STOCK \u2022 QUICK DELIVERIES<br \/>\n<\/span><\/h4>\n\n\t\t<\/div>\n\t<\/div>\n<\/div><\/div><\/div><div class=\"wpb_column vc_column_container vc_col-sm-2\"><div class=\"vc_column-inner\"><div class=\"wpb_wrapper\"><\/div><\/div><\/div><\/div><div class=\"vc_row wpb_row vc_row-fluid vc_custom_1594212405975\"><div class=\"wpb_column vc_column_container vc_col-sm-12\"><div class=\"vc_column-inner vc_custom_1594212176832\"><div class=\"wpb_wrapper\">\n\t<div  class=\"wpb_single_image wpb_content_element vc_align_center wpb_content_element vc_custom_1631179515820\">\n\t\t\n\t\t<figure class=\"wpb_wrapper vc_figure\">\n\t\t\t<div class=\"vc_single_image-wrapper   vc_box_border_grey\"><img loading=\"lazy\" decoding=\"async\" width=\"2000\" height=\"600\" src=\"https:\/\/hnp.se\/wp-content\/uploads\/2021\/09\/Logistik-o-transport-21-2000x600-1.jpg\" class=\"vc_single_image-img attachment-full\" alt=\"\" title=\"Logistik-o-transport-21-2000x600\" srcset=\"https:\/\/hnp.se\/wp-content\/uploads\/2021\/09\/Logistik-o-transport-21-2000x600-1.jpg 2000w, https:\/\/hnp.se\/wp-content\/uploads\/2021\/09\/Logistik-o-transport-21-2000x600-1-300x90.jpg 300w, https:\/\/hnp.se\/wp-content\/uploads\/2021\/09\/Logistik-o-transport-21-2000x600-1-1024x307.jpg 1024w, https:\/\/hnp.se\/wp-content\/uploads\/2021\/09\/Logistik-o-transport-21-2000x600-1-768x230.jpg 768w, https:\/\/hnp.se\/wp-content\/uploads\/2021\/09\/Logistik-o-transport-21-2000x600-1-1536x461.jpg 1536w, https:\/\/hnp.se\/wp-content\/uploads\/2021\/09\/Logistik-o-transport-21-2000x600-1-260x78.jpg 260w, https:\/\/hnp.se\/wp-content\/uploads\/2021\/09\/Logistik-o-transport-21-2000x600-1-50x15.jpg 50w, https:\/\/hnp.se\/wp-content\/uploads\/2021\/09\/Logistik-o-transport-21-2000x600-1-150x45.jpg 150w\" sizes=\"auto, (max-width:767px) 480px, (max-width:2000px) 100vw, 2000px\" \/><\/div>\n\t\t<\/figure>\n\t<\/div>\n<\/div><\/div><\/div><\/div><div class=\"vc_row wpb_row vc_row-fluid vc_custom_1593498362153 vc_column-gap-5 vc_row-o-equal-height vc_row-flex\"><div class=\"wpb_column vc_column_container vc_col-sm-6\"><div class=\"vc_column-inner vc_custom_1594212228552\"><div class=\"wpb_wrapper\">\n\t<div  class=\"wpb_single_image wpb_content_element vc_align_center wpb_content_element vc_custom_1632809448304\">\n\t\t\n\t\t<figure class=\"wpb_wrapper vc_figure\">\n\t\t\t<div class=\"vc_single_image-wrapper   vc_box_border_grey\"><img loading=\"lazy\" decoding=\"async\" width=\"1000\" height=\"750\" src=\"https:\/\/hnp.se\/wp-content\/uploads\/2021\/02\/Lossning-1000x750-1.jpg\" class=\"vc_single_image-img attachment-full\" alt=\"\" title=\"Lossning-1000x750\" srcset=\"https:\/\/hnp.se\/wp-content\/uploads\/2021\/02\/Lossning-1000x750-1.jpg 1000w, https:\/\/hnp.se\/wp-content\/uploads\/2021\/02\/Lossning-1000x750-1-300x225.jpg 300w, https:\/\/hnp.se\/wp-content\/uploads\/2021\/02\/Lossning-1000x750-1-768x576.jpg 768w, https:\/\/hnp.se\/wp-content\/uploads\/2021\/02\/Lossning-1000x750-1-195x146.jpg 195w, https:\/\/hnp.se\/wp-content\/uploads\/2021\/02\/Lossning-1000x750-1-50x38.jpg 50w, https:\/\/hnp.se\/wp-content\/uploads\/2021\/02\/Lossning-1000x750-1-100x75.jpg 100w, https:\/\/hnp.se\/wp-content\/uploads\/2021\/02\/Lossning-1000x750-1-960x720.jpg 960w\" sizes=\"auto, (max-width:767px) 480px, (max-width:1000px) 100vw, 1000px\" \/><\/div>\n\t\t<\/figure>\n\t<\/div>\n<\/div><\/div><\/div><div class=\"wpb_column vc_column_container vc_col-sm-6 vc_col-has-fill\"><div class=\"vc_column-inner vc_custom_1594188575264\"><div class=\"wpb_wrapper\"><h2 style=\"color: #ffffff;text-align: center\" class=\"vc_custom_heading vc_do_custom_heading vc_custom_1633355661310\" >TRANSPORTATION<\/h2><div class=\"vc_separator wpb_content_element vc_separator_align_center vc_sep_width_60 vc_sep_border_width_2 vc_sep_pos_align_center vc_separator_no_text wpb_content_element  wpb_content_element\" ><span class=\"vc_sep_holder vc_sep_holder_l\"><span style=\"border-color:#eebc66;\" class=\"vc_sep_line\"><\/span><\/span><span class=\"vc_sep_holder vc_sep_holder_r\"><span style=\"border-color:#eebc66;\" class=\"vc_sep_line\"><\/span><\/span>\n<\/div>\n\t<div class=\"wpb_text_column wpb_content_element vc_custom_1634796821417 white\" >\n\t\t<div class=\"wpb_wrapper\">\n\t\t\t<p>Every day, our inbound deliveries arrive at our own railway track directly\nfrom steelworks or via the nearby port, thus resulting in safe and\nenvironmentally-friendly transportation.<\/p>\n<p>Our outbound deliveries are loaded indoors in our loading bay in\norder to ensure the best environment possible for the goods before they\nare transported to our customers.<\/p>\n\n\t\t<\/div>\n\t<\/div>\n<div class=\"vc_btn3-container vc_btn3-center vc_do_btn\" ><a class=\"vc_general vc_btn3 vc_btn3-size-md vc_btn3-shape-rounded vc_btn3-style-modern vc_btn3-icon-left vc_btn3-color-grey\" href=\"https:\/\/hnp.se\/wp-content\/uploads\/2022\/11\/HNP-Allmanna-Leveransbestammelser_EN.pdf\" title=\"\" target=\"_blank\"><i class=\"vc_btn3-icon far fa-file-alt\"><\/i> PDF General Terms and Conditions of Delivery<\/a><\/div><\/div><\/div><\/div><\/div><div class=\"vc_row wpb_row vc_row-fluid vc_custom_1594212291445 vc_column-gap-5 vc_row-o-equal-height vc_row-flex\"><div class=\"wpb_column vc_column_container vc_col-sm-6 vc_col-has-fill\"><div class=\"vc_column-inner vc_custom_1594293693646\"><div class=\"wpb_wrapper\"><h2 style=\"color: #ffffff;text-align: center\" class=\"vc_custom_heading vc_do_custom_heading vc_custom_1597150484478\" >Large storage spaces<\/h2><div class=\"vc_separator wpb_content_element vc_separator_align_center vc_sep_width_70 vc_sep_border_width_2 vc_sep_pos_align_center vc_separator_no_text wpb_content_element  wpb_content_element\" ><span class=\"vc_sep_holder vc_sep_holder_l\"><span style=\"border-color:#eebc66;\" class=\"vc_sep_line\"><\/span><\/span><span class=\"vc_sep_holder vc_sep_holder_r\"><span style=\"border-color:#eebc66;\" class=\"vc_sep_line\"><\/span><\/span>\n<\/div>\n\t<div class=\"wpb_text_column wpb_content_element vc_custom_1633942832739 white\" >\n\t\t<div class=\"wpb_wrapper\">\n\t\t\t<p style=\"text-align: center;\">Our spacious and well-stocked warehouse allows us to stock large\nquantities of raw material \/ coils as well as finished call-off stock for our customers.<\/p>\n\n\t\t<\/div>\n\t<\/div>\n<\/div><\/div><\/div><div class=\"wpb_column vc_column_container vc_col-sm-6\"><div class=\"vc_column-inner vc_custom_1594212219236\"><div class=\"wpb_wrapper\">\n\t<div  class=\"wpb_single_image wpb_content_element vc_align_center wpb_content_element vc_custom_1634110287770\">\n\t\t\n\t\t<figure class=\"wpb_wrapper vc_figure\">\n\t\t\t<div class=\"vc_single_image-wrapper   vc_box_border_grey\"><img loading=\"lazy\" decoding=\"async\" width=\"1000\" height=\"750\" src=\"https:\/\/hnp.se\/wp-content\/uploads\/2021\/10\/Rail-1000x750-1.jpg\" class=\"vc_single_image-img attachment-full\" alt=\"\" title=\"Rail-1000x750\" srcset=\"https:\/\/hnp.se\/wp-content\/uploads\/2021\/10\/Rail-1000x750-1.jpg 1000w, https:\/\/hnp.se\/wp-content\/uploads\/2021\/10\/Rail-1000x750-1-300x225.jpg 300w, https:\/\/hnp.se\/wp-content\/uploads\/2021\/10\/Rail-1000x750-1-768x576.jpg 768w, https:\/\/hnp.se\/wp-content\/uploads\/2021\/10\/Rail-1000x750-1-195x146.jpg 195w, https:\/\/hnp.se\/wp-content\/uploads\/2021\/10\/Rail-1000x750-1-50x38.jpg 50w, https:\/\/hnp.se\/wp-content\/uploads\/2021\/10\/Rail-1000x750-1-100x75.jpg 100w, https:\/\/hnp.se\/wp-content\/uploads\/2021\/10\/Rail-1000x750-1-960x720.jpg 960w\" sizes=\"auto, (max-width:767px) 480px, (max-width:1000px) 100vw, 1000px\" \/><\/div>\n\t\t<\/figure>\n\t<\/div>\n<\/div><\/div><\/div><\/div>\n<\/div>","protected":false},"excerpt":{"rendered":"LOGISTIK OCH LAGER FYLLDA LAGER \u2022 SNABBA LEVERANSER TRANSPORTER V\u00e5ra inleveranser anl\u00e4nder till v\u00e5r egen sp\u00e5ranl\u00e4ggning varje dag direkt fr\u00e5n st\u00e5lverk eller via n\u00e4rliggande hamn, vilket<span class=\"excerpt-hellip\"> [\u2026]<\/span>","protected":false},"author":1,"featured_media":0,"parent":0,"menu_order":0,"comment_status":"closed","ping_status":"closed","template":"","meta":{"footnotes":""},"class_list":["post-32","page","type-page","status-publish","hentry"],"yoast_head":"<!-- This site is optimized with the Yoast SEO plugin v27.3 - https:\/\/yoast.com\/product\/yoast-seo-wordpress\/ -->\n<title>Logistik\/Lager - HNP<\/title>\n<meta name=\"robots\" content=\"index, follow, max-snippet:-1, max-image-preview:large, max-video-preview:-1\" \/>\n<link rel=\"canonical\" href=\"https:\/\/hnp.se\/en\/logistik-lager\/\" \/>\n<meta property=\"og:locale\" content=\"en_GB\" \/>\n<meta property=\"og:type\" content=\"article\" \/>\n<meta property=\"og:title\" content=\"Logistik\/Lager - HNP\" \/>\n<meta property=\"og:url\" content=\"https:\/\/hnp.se\/en\/logistik-lager\/\" \/>\n<meta property=\"og:site_name\" content=\"HNP\" \/>\n<meta property=\"article:modified_time\" content=\"2021-10-21T06:13:31+00:00\" \/>\n<meta name=\"twitter:card\" content=\"summary_large_image\" \/>\n<meta name=\"twitter:label1\" content=\"Estimated reading time\" \/>\n\t<meta name=\"twitter:data1\" content=\"2 minutes\" \/>\n<script type=\"application\/ld+json\" class=\"yoast-schema-graph\">{\"@context\":\"https:\\\/\\\/schema.org\",\"@graph\":[{\"@type\":\"WebPage\",\"@id\":\"https:\\\/\\\/hnp.se\\\/logistik-lager\\\/\",\"url\":\"https:\\\/\\\/hnp.se\\\/logistik-lager\\\/\",\"name\":\"Logistik\\\/Lager - HNP\",\"isPartOf\":{\"@id\":\"https:\\\/\\\/hnp.se\\\/#website\"},\"datePublished\":\"2020-06-29T11:33:36+00:00\",\"dateModified\":\"2021-10-21T06:13:31+00:00\",\"breadcrumb\":{\"@id\":\"https:\\\/\\\/hnp.se\\\/logistik-lager\\\/#breadcrumb\"},\"inLanguage\":\"en-GB\",\"potentialAction\":[{\"@type\":\"ReadAction\",\"target\":[\"https:\\\/\\\/hnp.se\\\/logistik-lager\\\/\"]}]},{\"@type\":\"BreadcrumbList\",\"@id\":\"https:\\\/\\\/hnp.se\\\/logistik-lager\\\/#breadcrumb\",\"itemListElement\":[{\"@type\":\"ListItem\",\"position\":1,\"name\":\"Home\",\"item\":\"https:\\\/\\\/hnp.se\\\/\"},{\"@type\":\"ListItem\",\"position\":2,\"name\":\"Logistik\\\/Lager\"}]},{\"@type\":\"WebSite\",\"@id\":\"https:\\\/\\\/hnp.se\\\/#website\",\"url\":\"https:\\\/\\\/hnp.se\\\/\",\"name\":\"HNP\",\"description\":\"Steel service center; spaltning, slittning, coil, bandst\u00e5l, klippning, formatpl\u00e5t\",\"potentialAction\":[{\"@type\":\"SearchAction\",\"target\":{\"@type\":\"EntryPoint\",\"urlTemplate\":\"https:\\\/\\\/hnp.se\\\/?s={search_term_string}\"},\"query-input\":{\"@type\":\"PropertyValueSpecification\",\"valueRequired\":true,\"valueName\":\"search_term_string\"}}],\"inLanguage\":\"en-GB\"}]}<\/script>\n<!-- \/ Yoast SEO plugin. -->","yoast_head_json":{"title":"Logistik\/Lager - HNP","robots":{"index":"index","follow":"follow","max-snippet":"max-snippet:-1","max-image-preview":"max-image-preview:large","max-video-preview":"max-video-preview:-1"},"canonical":"https:\/\/hnp.se\/en\/logistik-lager\/","og_locale":"en_GB","og_type":"article","og_title":"Logistik\/Lager - HNP","og_url":"https:\/\/hnp.se\/en\/logistik-lager\/","og_site_name":"HNP","article_modified_time":"2021-10-21T06:13:31+00:00","twitter_card":"summary_large_image","twitter_misc":{"Estimated reading time":"2 minutes"},"schema":{"@context":"https:\/\/schema.org","@graph":[{"@type":"WebPage","@id":"https:\/\/hnp.se\/logistik-lager\/","url":"https:\/\/hnp.se\/logistik-lager\/","name":"Logistik\/Lager - HNP","isPartOf":{"@id":"https:\/\/hnp.se\/#website"},"datePublished":"2020-06-29T11:33:36+00:00","dateModified":"2021-10-21T06:13:31+00:00","breadcrumb":{"@id":"https:\/\/hnp.se\/logistik-lager\/#breadcrumb"},"inLanguage":"en-GB","potentialAction":[{"@type":"ReadAction","target":["https:\/\/hnp.se\/logistik-lager\/"]}]},{"@type":"BreadcrumbList","@id":"https:\/\/hnp.se\/logistik-lager\/#breadcrumb","itemListElement":[{"@type":"ListItem","position":1,"name":"Home","item":"https:\/\/hnp.se\/"},{"@type":"ListItem","position":2,"name":"Logistik\/Lager"}]},{"@type":"WebSite","@id":"https:\/\/hnp.se\/#website","url":"https:\/\/hnp.se\/","name":"HNP","description":"Steel service center; spaltning, slittning, coil, bandst\u00e5l, klippning, formatpl\u00e5t","potentialAction":[{"@type":"SearchAction","target":{"@type":"EntryPoint","urlTemplate":"https:\/\/hnp.se\/?s={search_term_string}"},"query-input":{"@type":"PropertyValueSpecification","valueRequired":true,"valueName":"search_term_string"}}],"inLanguage":"en-GB"}]}},"_links":{"self":[{"href":"https:\/\/hnp.se\/en\/wp-json\/wp\/v2\/pages\/32","targetHints":{"allow":["GET"]}}],"collection":[{"href":"https:\/\/hnp.se\/en\/wp-json\/wp\/v2\/pages"}],"about":[{"href":"https:\/\/hnp.se\/en\/wp-json\/wp\/v2\/types\/page"}],"author":[{"embeddable":true,"href":"https:\/\/hnp.se\/en\/wp-json\/wp\/v2\/users\/1"}],"replies":[{"embeddable":true,"href":"https:\/\/hnp.se\/en\/wp-json\/wp\/v2\/comments?post=32"}],"version-history":[{"count":57,"href":"https:\/\/hnp.se\/en\/wp-json\/wp\/v2\/pages\/32\/revisions"}],"predecessor-version":[{"id":1549,"href":"https:\/\/hnp.se\/en\/wp-json\/wp\/v2\/pages\/32\/revisions\/1549"}],"wp:attachment":[{"href":"https:\/\/hnp.se\/en\/wp-json\/wp\/v2\/media?parent=32"}],"curies":[{"name":"wp","href":"https:\/\/api.w.org\/{rel}","templated":true}]}}