{"id":34,"date":"2020-06-29T13:33:55","date_gmt":"2020-06-29T11:33:55","guid":{"rendered":"https:\/\/hnp.se\/?page_id=34"},"modified":"2024-10-10T12:54:50","modified_gmt":"2024-10-10T10:54:50","slug":"foretaget","status":"publish","type":"page","link":"https:\/\/hnp.se\/en\/foretaget\/","title":{"rendered":"The company"},"content":{"rendered":"<div class=\"wpb-content-wrapper\"><div class=\"vc_row wpb_row vc_row-fluid\"><div class=\"wpb_column vc_column_container vc_col-sm-12\"><div class=\"vc_column-inner\"><div class=\"wpb_wrapper\"><div class=\"vc_empty_space\"   style=\"height: 32px\"><span class=\"vc_empty_space_inner\"><\/span><\/div><\/div><\/div><\/div><\/div><div class=\"vc_row wpb_row vc_row-fluid\"><div class=\"wpb_column vc_column_container vc_col-sm-2\"><div class=\"vc_column-inner\"><div class=\"wpb_wrapper\"><\/div><\/div><\/div><div class=\"wpb_column vc_column_container vc_col-sm-8\"><div class=\"vc_column-inner\"><div class=\"wpb_wrapper\">\n\t<div class=\"wpb_text_column wpb_content_element vc_custom_1631176859673\" >\n\t\t<div class=\"wpb_wrapper\">\n\t\t\t<h1 style=\"text-align: center;\">HNP STEEL SERVICE CENTER AB<\/h1>\n\n\t\t<\/div>\n\t<\/div>\n\n\t<div class=\"wpb_text_column wpb_content_element vc_custom_1597845215922\" >\n\t\t<div class=\"wpb_wrapper\">\n\t\t\t<h4 style=\"text-align: center;\"><span style=\"color: #00437a;\">FRIST\u00c5ENDE ST\u00c5LSERVICECENTER \u2022 ST\u00c5LGROSSIST<\/span><\/h4>\n\n\t\t<\/div>\n\t<\/div>\n<\/div><\/div><\/div><div class=\"wpb_column vc_column_container vc_col-sm-2\"><div class=\"vc_column-inner\"><div class=\"wpb_wrapper\"><\/div><\/div><\/div><\/div><div class=\"vc_row wpb_row vc_row-fluid vc_custom_1594212405975\"><div class=\"wpb_column vc_column_container vc_col-sm-12\"><div class=\"vc_column-inner vc_custom_1594212176832\"><div class=\"wpb_wrapper\">\n\t<div  class=\"wpb_single_image wpb_content_element vc_align_center wpb_content_element vc_custom_1613142917074\">\n\t\t\n\t\t<figure class=\"wpb_wrapper vc_figure\">\n\t\t\t<div class=\"vc_single_image-wrapper   vc_box_border_grey\"><img loading=\"lazy\" decoding=\"async\" width=\"2000\" height=\"600\" src=\"https:\/\/hnp.se\/wp-content\/uploads\/2020\/08\/Company-info-2000x600-1.jpg\" class=\"vc_single_image-img attachment-full\" alt=\"\" title=\"Company-info-2000x600\" srcset=\"https:\/\/hnp.se\/wp-content\/uploads\/2020\/08\/Company-info-2000x600-1.jpg 2000w, https:\/\/hnp.se\/wp-content\/uploads\/2020\/08\/Company-info-2000x600-1-300x90.jpg 300w, https:\/\/hnp.se\/wp-content\/uploads\/2020\/08\/Company-info-2000x600-1-1024x307.jpg 1024w, https:\/\/hnp.se\/wp-content\/uploads\/2020\/08\/Company-info-2000x600-1-768x230.jpg 768w, https:\/\/hnp.se\/wp-content\/uploads\/2020\/08\/Company-info-2000x600-1-1536x461.jpg 1536w, https:\/\/hnp.se\/wp-content\/uploads\/2020\/08\/Company-info-2000x600-1-260x78.jpg 260w, https:\/\/hnp.se\/wp-content\/uploads\/2020\/08\/Company-info-2000x600-1-50x15.jpg 50w, https:\/\/hnp.se\/wp-content\/uploads\/2020\/08\/Company-info-2000x600-1-150x45.jpg 150w\" sizes=\"auto, (max-width:767px) 480px, (max-width:2000px) 100vw, 2000px\" \/><\/div>\n\t\t<\/figure>\n\t<\/div>\n<\/div><\/div><\/div><\/div><div class=\"vc_row wpb_row vc_row-fluid vc_custom_1594212291445 vc_column-gap-5 vc_row-o-equal-height vc_row-flex\"><div class=\"wpb_column vc_column_container vc_col-sm-6 vc_col-has-fill\"><div class=\"vc_column-inner vc_custom_1594293693646\"><div class=\"wpb_wrapper\"><h2 style=\"color: #ffffff;text-align: center\" class=\"vc_custom_heading vc_do_custom_heading vc_custom_1597150999728\" >Om f\u00f6retaget<\/h2><div class=\"vc_separator wpb_content_element vc_separator_align_center vc_sep_width_60 vc_sep_border_width_2 vc_sep_pos_align_center vc_separator_no_text wpb_content_element  wpb_content_element\" ><span class=\"vc_sep_holder vc_sep_holder_l\"><span style=\"border-color:#eebc66;\" class=\"vc_sep_line\"><\/span><\/span><span class=\"vc_sep_holder vc_sep_holder_r\"><span style=\"border-color:#eebc66;\" class=\"vc_sep_line\"><\/span><\/span>\n<\/div>\n\t<div class=\"wpb_text_column wpb_content_element vc_custom_1633945963988 white\" >\n\t\t<div class=\"wpb_wrapper\">\n\t\t\t<p>HNP Steel Service Center \u00e4r ett frist\u00e5ende st\u00e5lservicecenter som grundades av Heinz Nilsson 1982. Bolaget \u00e4gs idag av Heinz Nilsson och Pether Nilsson. HNP Steel Service Center levererar st\u00e5l i form av band, coils och formatpl\u00e5t i de flesta p\u00e5 marknaden f\u00f6rekommande dimensioner och kvalit\u00e9er till f\u00f6retag och industrier i Sverige och \u00f6vriga Norden. V\u00e5ra kunder \u00e4r stora s\u00e5v\u00e4l som sm\u00e5 industrier och f\u00f6retag inom verkstad, ventilation, bygg och fordonsindustrin.<\/p>\n\n\t\t<\/div>\n\t<\/div>\n<div class=\"vc_row wpb_row vc_inner vc_row-fluid vc_custom_1633605653198\"><div class=\"wpb_column vc_column_container vc_col-sm-6\"><div class=\"vc_column-inner vc_custom_1597064313960\"><div class=\"wpb_wrapper\"><div class=\"vc_btn3-container vc_btn3-center vc_custom_1633605803429 vc_do_btn\" ><a class=\"vc_general vc_btn3 vc_btn3-size-md vc_btn3-shape-rounded vc_btn3-style-modern vc_btn3-block vc_btn3-icon-left vc_btn3-color-grey\" href=\"https:\/\/hnp.se\/wp-content\/uploads\/2021\/10\/HNP-Code-of-conduct.pdf\" title=\"\" target=\"_blank\"><i class=\"vc_btn3-icon far fa-file-alt\"><\/i> PDF Code of conduct<\/a><\/div><\/div><\/div><\/div><div class=\"wpb_column vc_column_container vc_col-sm-6\"><div class=\"vc_column-inner vc_custom_1597064323540\"><div class=\"wpb_wrapper\"><div class=\"vc_btn3-container vc_btn3-center vc_custom_1633605810083 vc_do_btn\" ><a class=\"vc_general vc_btn3 vc_btn3-size-md vc_btn3-shape-rounded vc_btn3-style-modern vc_btn3-block vc_btn3-icon-left vc_btn3-color-grey\" href=\"https:\/\/hnp.se\/wp-content\/uploads\/2021\/10\/HNP-GDPR.pdf\" title=\"\" target=\"_blank\"><i class=\"vc_btn3-icon far fa-file-alt\"><\/i> PDF Policy GDPR<\/a><\/div><\/div><\/div><\/div><\/div><div class=\"vc_row wpb_row vc_inner vc_row-fluid vc_custom_1633605719826\"><div class=\"wpb_column vc_column_container vc_col-sm-6\"><div class=\"vc_column-inner vc_custom_1597064313960\"><div class=\"wpb_wrapper\"><div class=\"vc_btn3-container vc_btn3-center vc_custom_1633605667388 vc_do_btn\" ><a class=\"vc_general vc_btn3 vc_btn3-size-md vc_btn3-shape-rounded vc_btn3-style-modern vc_btn3-block vc_btn3-icon-left vc_btn3-color-grey\" href=\"https:\/\/hnp.se\/wp-content\/uploads\/2021\/10\/HNP-Kvalitetspolicy.pdf\" title=\"\" target=\"_blank\"><i class=\"vc_btn3-icon far fa-file-alt\"><\/i> PDF Kvalitetspolicy<\/a><\/div><\/div><\/div><\/div><div class=\"wpb_column vc_column_container vc_col-sm-6\"><div class=\"vc_column-inner vc_custom_1597064323540\"><div class=\"wpb_wrapper\"><div class=\"vc_btn3-container vc_btn3-center vc_do_btn\" ><a class=\"vc_general vc_btn3 vc_btn3-size-md vc_btn3-shape-rounded vc_btn3-style-modern vc_btn3-block vc_btn3-icon-left vc_btn3-color-grey\" href=\"https:\/\/hnp.se\/wp-content\/uploads\/2021\/10\/HNP-Miljopolicy.pdf\" title=\"\" target=\"_blank\"><i class=\"vc_btn3-icon far fa-file-alt\"><\/i> PDF Milj\u00f6policy<\/a><\/div><\/div><\/div><\/div><\/div><\/div><\/div><\/div><div class=\"wpb_column vc_column_container vc_col-sm-6\"><div class=\"vc_column-inner vc_custom_1594212219236\"><div class=\"wpb_wrapper\">\n\t<div  class=\"wpb_single_image wpb_content_element vc_align_center wpb_content_element vc_custom_1613142925271\">\n\t\t\n\t\t<figure class=\"wpb_wrapper vc_figure\">\n\t\t\t<div class=\"vc_single_image-wrapper   vc_box_border_grey\"><img loading=\"lazy\" decoding=\"async\" width=\"1000\" height=\"750\" src=\"https:\/\/hnp.se\/wp-content\/uploads\/2020\/07\/HN-plat-office-1000x750-1.jpg\" class=\"vc_single_image-img attachment-full\" alt=\"\" title=\"HN-plat-office-1000x750\" srcset=\"https:\/\/hnp.se\/wp-content\/uploads\/2020\/07\/HN-plat-office-1000x750-1.jpg 1000w, https:\/\/hnp.se\/wp-content\/uploads\/2020\/07\/HN-plat-office-1000x750-1-300x225.jpg 300w, https:\/\/hnp.se\/wp-content\/uploads\/2020\/07\/HN-plat-office-1000x750-1-768x576.jpg 768w, https:\/\/hnp.se\/wp-content\/uploads\/2020\/07\/HN-plat-office-1000x750-1-195x146.jpg 195w, https:\/\/hnp.se\/wp-content\/uploads\/2020\/07\/HN-plat-office-1000x750-1-50x38.jpg 50w, https:\/\/hnp.se\/wp-content\/uploads\/2020\/07\/HN-plat-office-1000x750-1-100x75.jpg 100w, https:\/\/hnp.se\/wp-content\/uploads\/2020\/07\/HN-plat-office-1000x750-1-960x720.jpg 960w\" sizes=\"auto, (max-width:767px) 480px, (max-width:1000px) 100vw, 1000px\" \/><\/div>\n\t\t<\/figure>\n\t<\/div>\n<\/div><\/div><\/div><\/div><div class=\"vc_row wpb_row vc_row-fluid vc_custom_1594211994543 vc_column-gap-5 vc_row-o-equal-height vc_row-flex\"><div class=\"wpb_column vc_column_container vc_col-sm-6\"><div class=\"vc_column-inner vc_custom_1594212198924\"><div class=\"wpb_wrapper\">\n\t<div  class=\"wpb_single_image wpb_content_element vc_align_center wpb_content_element vc_custom_1613142933883\">\n\t\t\n\t\t<figure class=\"wpb_wrapper vc_figure\">\n\t\t\t<div class=\"vc_single_image-wrapper   vc_box_border_grey\"><img loading=\"lazy\" decoding=\"async\" width=\"1000\" height=\"750\" src=\"https:\/\/hnp.se\/wp-content\/uploads\/2020\/07\/Om-foretaget-1000x750-1.jpg\" class=\"vc_single_image-img attachment-full\" alt=\"\" title=\"Om-foretaget-1000x750\" srcset=\"https:\/\/hnp.se\/wp-content\/uploads\/2020\/07\/Om-foretaget-1000x750-1.jpg 1000w, https:\/\/hnp.se\/wp-content\/uploads\/2020\/07\/Om-foretaget-1000x750-1-300x225.jpg 300w, https:\/\/hnp.se\/wp-content\/uploads\/2020\/07\/Om-foretaget-1000x750-1-768x576.jpg 768w, https:\/\/hnp.se\/wp-content\/uploads\/2020\/07\/Om-foretaget-1000x750-1-195x146.jpg 195w, https:\/\/hnp.se\/wp-content\/uploads\/2020\/07\/Om-foretaget-1000x750-1-50x38.jpg 50w, https:\/\/hnp.se\/wp-content\/uploads\/2020\/07\/Om-foretaget-1000x750-1-100x75.jpg 100w, https:\/\/hnp.se\/wp-content\/uploads\/2020\/07\/Om-foretaget-1000x750-1-960x720.jpg 960w\" sizes=\"auto, (max-width:767px) 480px, (max-width:1000px) 100vw, 1000px\" \/><\/div>\n\t\t<\/figure>\n\t<\/div>\n<\/div><\/div><\/div><div class=\"wpb_column vc_column_container vc_col-sm-6 vc_col-has-fill\"><div class=\"vc_column-inner vc_custom_1594212034762\"><div class=\"wpb_wrapper\"><h2 style=\"color: #ffffff;text-align: center\" class=\"vc_custom_heading vc_do_custom_heading vc_custom_1633353550999\" >FLEXIBEL PRODUKTION MED H\u00d6G KAPACITET<\/h2><div class=\"vc_separator wpb_content_element vc_separator_align_center vc_sep_width_60 vc_sep_border_width_2 vc_sep_pos_align_center vc_separator_no_text vc_custom_1597151051302 wpb_content_element  vc_custom_1597151051302 wpb_content_element\" ><span class=\"vc_sep_holder vc_sep_holder_l\"><span style=\"border-color:#eebc66;\" class=\"vc_sep_line\"><\/span><\/span><span class=\"vc_sep_holder vc_sep_holder_r\"><span style=\"border-color:#eebc66;\" class=\"vc_sep_line\"><\/span><\/span>\n<\/div><div class=\"vc_row wpb_row vc_inner vc_row-fluid\"><div class=\"wpb_column vc_column_container vc_col-sm-12\"><div class=\"vc_column-inner\"><div class=\"wpb_wrapper\">\n\t<div class=\"wpb_text_column wpb_content_element vc_custom_1633354092845 white\" >\n\t\t<div class=\"wpb_wrapper\">\n\t\t\t<p>HNP Steel Service Center AB \u00e4r ett flexibelt och effektivt familjef\u00f6retag med Sveriges bredaste maskinpark.<\/p>\n<p>Produktionskapaciteten ligger p\u00e5 ca 150.000 ton per \u00e5r, d\u00e4r produktionen bedrivs i skift med ett 40 tal medarbetare.<\/p>\n<p>Vi \u00e4r mycket anpassningsbara efter v\u00e5ra kunders olika \u00f6nskem\u00e5l och krav vad g\u00e4ller kvalit\u00e9t, utf\u00f6rande, leveranstider etc.<\/p>\n\n\t\t<\/div>\n\t<\/div>\n<\/div><\/div><\/div><\/div><\/div><\/div><\/div><\/div><div class=\"vc_row wpb_row vc_row-fluid vc_custom_1593498362153 vc_column-gap-5 vc_row-o-equal-height vc_row-flex\"><div class=\"wpb_column vc_column_container vc_col-sm-6 vc_col-has-fill\"><div class=\"vc_column-inner vc_custom_1594188575264\"><div class=\"wpb_wrapper\"><h2 style=\"color: #ffffff;text-align: center\" class=\"vc_custom_heading vc_do_custom_heading vc_custom_1597151024056\" >ISO-certifierat f\u00f6retag<\/h2><div class=\"vc_separator wpb_content_element vc_separator_align_center vc_sep_width_70 vc_sep_border_width_2 vc_sep_pos_align_center vc_separator_no_text wpb_content_element  wpb_content_element\" ><span class=\"vc_sep_holder vc_sep_holder_l\"><span style=\"border-color:#eebc66;\" class=\"vc_sep_line\"><\/span><\/span><span class=\"vc_sep_holder vc_sep_holder_r\"><span style=\"border-color:#eebc66;\" class=\"vc_sep_line\"><\/span><\/span>\n<\/div>\n\t<div class=\"wpb_text_column wpb_content_element vc_custom_1594644932787 white\" >\n\t\t<div class=\"wpb_wrapper\">\n\t\t\t<p style=\"text-align: center;\">F\u00f6retaget \u00e4r certifierat enligt ISO 9001:2008 samt \u00e4ven enligt milj\u00f6ledningssystemet ISO 14001:2015.<\/p>\n\n\t\t<\/div>\n\t<\/div>\n<div class=\"vc_row wpb_row vc_inner vc_row-fluid\"><div class=\"wpb_column vc_column_container vc_col-sm-4\"><div class=\"vc_column-inner\"><div class=\"wpb_wrapper\">\n\t<div  class=\"wpb_single_image wpb_content_element vc_align_center wpb_content_element\">\n\t\t\n\t\t<figure class=\"wpb_wrapper vc_figure\">\n\t\t\t<a href=\"https:\/\/hnp.se\/wp-content\/uploads\/2024\/10\/HNP_Steel_Service_Center_Group_9001.pdf\" target=\"_blank\" class=\"vc_single_image-wrapper   vc_box_border_grey\"><img loading=\"lazy\" decoding=\"async\" width=\"150\" height=\"150\" src=\"https:\/\/hnp.se\/wp-content\/uploads\/2024\/10\/ISO-9001-SE-150x150-2.jpg\" class=\"vc_single_image-img attachment-full\" alt=\"\" title=\"ISO-9001-SE-150x150\" srcset=\"https:\/\/hnp.se\/wp-content\/uploads\/2024\/10\/ISO-9001-SE-150x150-2.jpg 150w, https:\/\/hnp.se\/wp-content\/uploads\/2024\/10\/ISO-9001-SE-150x150-2-12x12.jpg 12w, https:\/\/hnp.se\/wp-content\/uploads\/2024\/10\/ISO-9001-SE-150x150-2-146x146.jpg 146w, https:\/\/hnp.se\/wp-content\/uploads\/2024\/10\/ISO-9001-SE-150x150-2-50x50.jpg 50w, https:\/\/hnp.se\/wp-content\/uploads\/2024\/10\/ISO-9001-SE-150x150-2-75x75.jpg 75w, https:\/\/hnp.se\/wp-content\/uploads\/2024\/10\/ISO-9001-SE-150x150-2-85x85.jpg 85w, https:\/\/hnp.se\/wp-content\/uploads\/2024\/10\/ISO-9001-SE-150x150-2-80x80.jpg 80w\" sizes=\"auto, (max-width:767px) 150px, 150px\" \/><\/a>\n\t\t<\/figure>\n\t<\/div>\n<\/div><\/div><\/div><div class=\"wpb_column vc_column_container vc_col-sm-4\"><div class=\"vc_column-inner\"><div class=\"wpb_wrapper\">\n\t<div  class=\"wpb_single_image wpb_content_element vc_align_center wpb_content_element\">\n\t\t\n\t\t<figure class=\"wpb_wrapper vc_figure\">\n\t\t\t<a href=\"https:\/\/hnp.se\/wp-content\/uploads\/2024\/10\/HNP_Steel_Service_Center_Group_14001.pdf\" target=\"_blank\" class=\"vc_single_image-wrapper   vc_box_border_grey\"><img loading=\"lazy\" decoding=\"async\" width=\"150\" height=\"150\" src=\"https:\/\/hnp.se\/wp-content\/uploads\/2024\/10\/ISO-14001-SE-150x150-2.jpg\" class=\"vc_single_image-img attachment-full\" alt=\"\" title=\"ISO-14001-SE-150x150\" srcset=\"https:\/\/hnp.se\/wp-content\/uploads\/2024\/10\/ISO-14001-SE-150x150-2.jpg 150w, https:\/\/hnp.se\/wp-content\/uploads\/2024\/10\/ISO-14001-SE-150x150-2-12x12.jpg 12w, https:\/\/hnp.se\/wp-content\/uploads\/2024\/10\/ISO-14001-SE-150x150-2-146x146.jpg 146w, https:\/\/hnp.se\/wp-content\/uploads\/2024\/10\/ISO-14001-SE-150x150-2-50x50.jpg 50w, https:\/\/hnp.se\/wp-content\/uploads\/2024\/10\/ISO-14001-SE-150x150-2-75x75.jpg 75w, https:\/\/hnp.se\/wp-content\/uploads\/2024\/10\/ISO-14001-SE-150x150-2-85x85.jpg 85w, https:\/\/hnp.se\/wp-content\/uploads\/2024\/10\/ISO-14001-SE-150x150-2-80x80.jpg 80w\" sizes=\"auto, (max-width:767px) 150px, 150px\" \/><\/a>\n\t\t<\/figure>\n\t<\/div>\n<\/div><\/div><\/div><div class=\"wpb_column vc_column_container vc_col-sm-4\"><div class=\"vc_column-inner\"><div class=\"wpb_wrapper\">\n\t<div  class=\"wpb_single_image wpb_content_element vc_align_center wpb_content_element\">\n\t\t\n\t\t<figure class=\"wpb_wrapper vc_figure\">\n\t\t\t<a class=\"\" data-lightbox=\"lightbox[rel-34-3676448061]\" href=\"https:\/\/hnp.se\/wp-content\/uploads\/2024\/02\/AAA-rating-300x300-1.jpg\" target=\"_self\" class=\"vc_single_image-wrapper   vc_box_border_grey\"><img decoding=\"async\" class=\"vc_single_image-img \" src=\"https:\/\/hnp.se\/wp-content\/uploads\/2024\/02\/AAA-rating-300x300-1-150x150.jpg\" width=\"150\" height=\"150\" alt=\"AAA-rating-300x300\" title=\"AAA-rating-300x300\" loading=\"lazy\" \/><\/a>\n\t\t<\/figure>\n\t<\/div>\n<\/div><\/div><\/div><\/div><\/div><\/div><\/div><div class=\"wpb_column vc_column_container vc_col-sm-6\"><div class=\"vc_column-inner vc_custom_1594212228552\"><div class=\"wpb_wrapper\">\n\t<div  class=\"wpb_single_image wpb_content_element vc_align_center wpb_content_element vc_custom_1613143018563\">\n\t\t\n\t\t<figure class=\"wpb_wrapper vc_figure\">\n\t\t\t<div class=\"vc_single_image-wrapper   vc_box_border_grey\"><img loading=\"lazy\" decoding=\"async\" width=\"1000\" height=\"750\" src=\"https:\/\/hnp.se\/wp-content\/uploads\/2020\/07\/Humla-1000x750-1.jpg\" class=\"vc_single_image-img attachment-full\" alt=\"\" title=\"Humla-1000x750\" srcset=\"https:\/\/hnp.se\/wp-content\/uploads\/2020\/07\/Humla-1000x750-1.jpg 1000w, https:\/\/hnp.se\/wp-content\/uploads\/2020\/07\/Humla-1000x750-1-300x225.jpg 300w, https:\/\/hnp.se\/wp-content\/uploads\/2020\/07\/Humla-1000x750-1-768x576.jpg 768w, https:\/\/hnp.se\/wp-content\/uploads\/2020\/07\/Humla-1000x750-1-195x146.jpg 195w, https:\/\/hnp.se\/wp-content\/uploads\/2020\/07\/Humla-1000x750-1-50x38.jpg 50w, https:\/\/hnp.se\/wp-content\/uploads\/2020\/07\/Humla-1000x750-1-100x75.jpg 100w, https:\/\/hnp.se\/wp-content\/uploads\/2020\/07\/Humla-1000x750-1-960x720.jpg 960w\" sizes=\"auto, (max-width:767px) 480px, (max-width:1000px) 100vw, 1000px\" \/><\/div>\n\t\t<\/figure>\n\t<\/div>\n<\/div><\/div><\/div><\/div>\n<\/div>","protected":false},"excerpt":{"rendered":"HNP STEEL SERVICE CENTER AB FRIST\u00c5ENDE ST\u00c5LSERVICECENTER \u2022 ST\u00c5LGROSSIST Om f\u00f6retaget HNP Steel Service Center \u00e4r ett frist\u00e5ende st\u00e5lservicecenter som grundades av Heinz Nilsson 1982. Bolaget<span class=\"excerpt-hellip\"> [\u2026]<\/span>","protected":false},"author":1,"featured_media":0,"parent":0,"menu_order":0,"comment_status":"closed","ping_status":"closed","template":"","meta":{"footnotes":""},"class_list":["post-34","page","type-page","status-publish","hentry"],"yoast_head":"<!-- This site is optimized with the Yoast SEO plugin v27.3 - https:\/\/yoast.com\/product\/yoast-seo-wordpress\/ -->\n<title>F\u00f6retaget - HNP<\/title>\n<meta name=\"robots\" content=\"index, follow, max-snippet:-1, max-image-preview:large, max-video-preview:-1\" \/>\n<link rel=\"canonical\" href=\"https:\/\/hnp.se\/en\/foretaget\/\" \/>\n<meta property=\"og:locale\" content=\"en_GB\" \/>\n<meta property=\"og:type\" content=\"article\" \/>\n<meta property=\"og:title\" content=\"F\u00f6retaget - HNP\" \/>\n<meta property=\"og:url\" content=\"https:\/\/hnp.se\/en\/foretaget\/\" \/>\n<meta property=\"og:site_name\" content=\"HNP\" \/>\n<meta property=\"article:modified_time\" content=\"2024-10-10T10:54:50+00:00\" \/>\n<meta name=\"twitter:card\" content=\"summary_large_image\" \/>\n<meta name=\"twitter:label1\" content=\"Estimated reading time\" \/>\n\t<meta name=\"twitter:data1\" content=\"3 minutes\" \/>\n<script type=\"application\/ld+json\" class=\"yoast-schema-graph\">{\"@context\":\"https:\\\/\\\/schema.org\",\"@graph\":[{\"@type\":\"WebPage\",\"@id\":\"https:\\\/\\\/hnp.se\\\/foretaget\\\/\",\"url\":\"https:\\\/\\\/hnp.se\\\/foretaget\\\/\",\"name\":\"F\u00f6retaget - HNP\",\"isPartOf\":{\"@id\":\"https:\\\/\\\/hnp.se\\\/#website\"},\"datePublished\":\"2020-06-29T11:33:55+00:00\",\"dateModified\":\"2024-10-10T10:54:50+00:00\",\"breadcrumb\":{\"@id\":\"https:\\\/\\\/hnp.se\\\/foretaget\\\/#breadcrumb\"},\"inLanguage\":\"en-GB\",\"potentialAction\":[{\"@type\":\"ReadAction\",\"target\":[\"https:\\\/\\\/hnp.se\\\/foretaget\\\/\"]}]},{\"@type\":\"BreadcrumbList\",\"@id\":\"https:\\\/\\\/hnp.se\\\/foretaget\\\/#breadcrumb\",\"itemListElement\":[{\"@type\":\"ListItem\",\"position\":1,\"name\":\"Home\",\"item\":\"https:\\\/\\\/hnp.se\\\/\"},{\"@type\":\"ListItem\",\"position\":2,\"name\":\"F\u00f6retaget\"}]},{\"@type\":\"WebSite\",\"@id\":\"https:\\\/\\\/hnp.se\\\/#website\",\"url\":\"https:\\\/\\\/hnp.se\\\/\",\"name\":\"HNP\",\"description\":\"Steel service center; spaltning, slittning, coil, bandst\u00e5l, klippning, formatpl\u00e5t\",\"potentialAction\":[{\"@type\":\"SearchAction\",\"target\":{\"@type\":\"EntryPoint\",\"urlTemplate\":\"https:\\\/\\\/hnp.se\\\/?s={search_term_string}\"},\"query-input\":{\"@type\":\"PropertyValueSpecification\",\"valueRequired\":true,\"valueName\":\"search_term_string\"}}],\"inLanguage\":\"en-GB\"}]}<\/script>\n<!-- \/ Yoast SEO plugin. -->","yoast_head_json":{"title":"F\u00f6retaget - HNP","robots":{"index":"index","follow":"follow","max-snippet":"max-snippet:-1","max-image-preview":"max-image-preview:large","max-video-preview":"max-video-preview:-1"},"canonical":"https:\/\/hnp.se\/en\/foretaget\/","og_locale":"en_GB","og_type":"article","og_title":"F\u00f6retaget - HNP","og_url":"https:\/\/hnp.se\/en\/foretaget\/","og_site_name":"HNP","article_modified_time":"2024-10-10T10:54:50+00:00","twitter_card":"summary_large_image","twitter_misc":{"Estimated reading time":"3 minutes"},"schema":{"@context":"https:\/\/schema.org","@graph":[{"@type":"WebPage","@id":"https:\/\/hnp.se\/foretaget\/","url":"https:\/\/hnp.se\/foretaget\/","name":"F\u00f6retaget - HNP","isPartOf":{"@id":"https:\/\/hnp.se\/#website"},"datePublished":"2020-06-29T11:33:55+00:00","dateModified":"2024-10-10T10:54:50+00:00","breadcrumb":{"@id":"https:\/\/hnp.se\/foretaget\/#breadcrumb"},"inLanguage":"en-GB","potentialAction":[{"@type":"ReadAction","target":["https:\/\/hnp.se\/foretaget\/"]}]},{"@type":"BreadcrumbList","@id":"https:\/\/hnp.se\/foretaget\/#breadcrumb","itemListElement":[{"@type":"ListItem","position":1,"name":"Home","item":"https:\/\/hnp.se\/"},{"@type":"ListItem","position":2,"name":"F\u00f6retaget"}]},{"@type":"WebSite","@id":"https:\/\/hnp.se\/#website","url":"https:\/\/hnp.se\/","name":"HNP","description":"Steel service center; spaltning, slittning, coil, bandst\u00e5l, klippning, formatpl\u00e5t","potentialAction":[{"@type":"SearchAction","target":{"@type":"EntryPoint","urlTemplate":"https:\/\/hnp.se\/?s={search_term_string}"},"query-input":{"@type":"PropertyValueSpecification","valueRequired":true,"valueName":"search_term_string"}}],"inLanguage":"en-GB"}]}},"_links":{"self":[{"href":"https:\/\/hnp.se\/en\/wp-json\/wp\/v2\/pages\/34","targetHints":{"allow":["GET"]}}],"collection":[{"href":"https:\/\/hnp.se\/en\/wp-json\/wp\/v2\/pages"}],"about":[{"href":"https:\/\/hnp.se\/en\/wp-json\/wp\/v2\/types\/page"}],"author":[{"embeddable":true,"href":"https:\/\/hnp.se\/en\/wp-json\/wp\/v2\/users\/1"}],"replies":[{"embeddable":true,"href":"https:\/\/hnp.se\/en\/wp-json\/wp\/v2\/comments?post=34"}],"version-history":[{"count":66,"href":"https:\/\/hnp.se\/en\/wp-json\/wp\/v2\/pages\/34\/revisions"}],"predecessor-version":[{"id":2148,"href":"https:\/\/hnp.se\/en\/wp-json\/wp\/v2\/pages\/34\/revisions\/2148"}],"wp:attachment":[{"href":"https:\/\/hnp.se\/en\/wp-json\/wp\/v2\/media?parent=34"}],"curies":[{"name":"wp","href":"https:\/\/api.w.org\/{rel}","templated":true}]}}