{"id":408,"date":"2020-08-09T16:13:42","date_gmt":"2020-08-09T14:13:42","guid":{"rendered":"https:\/\/hnp.se\/?page_id=408"},"modified":"2021-10-13T10:10:25","modified_gmt":"2021-10-13T08:10:25","slug":"materialsorter","status":"publish","type":"page","link":"https:\/\/hnp.se\/en\/materialsorter\/","title":{"rendered":"TYPE OF MATERIALS"},"content":{"rendered":"<div class=\"wpb-content-wrapper\"><div class=\"vc_row wpb_row vc_row-fluid\"><div class=\"wpb_column vc_column_container vc_col-sm-12\"><div class=\"vc_column-inner\"><div class=\"wpb_wrapper\"><h2 style=\"text-align: center\" class=\"vc_custom_heading vc_do_custom_heading vc_custom_1597840364425\" >TYPE OF MATERIALS<\/h2><div class=\"vc_separator wpb_content_element vc_separator_align_center vc_sep_width_70 vc_sep_border_width_2 vc_sep_pos_align_center vc_separator_no_text wpb_content_element  wpb_content_element\" ><span class=\"vc_sep_holder vc_sep_holder_l\"><span style=\"border-color:#eebc66;\" class=\"vc_sep_line\"><\/span><\/span><span class=\"vc_sep_holder vc_sep_holder_r\"><span style=\"border-color:#eebc66;\" class=\"vc_sep_line\"><\/span><\/span>\n<\/div><\/div><\/div><\/div><\/div><div class=\"vc_row wpb_row vc_row-fluid\"><div class=\"wpb_column vc_column_container vc_col-sm-12\"><div class=\"vc_column-inner\"><div class=\"wpb_wrapper\"><div  class=\"vc_wp_custommenu wpb_content_element\"><div class=\"widget widget_nav_menu\"><div class=\"menu-materialsorter-container\"><ul id=\"menu-materialsorter\" class=\"menu\"><li id=\"menu-item-425\" class=\"menu-item menu-item-type-post_type menu-item-object-page menu-item-425\"><a href=\"https:\/\/hnp.se\/en\/materialsorter\/aluzink\/\">Aluzinc<\/a><\/li>\n<li id=\"menu-item-424\" class=\"menu-item menu-item-type-post_type menu-item-object-page menu-item-424\"><a href=\"https:\/\/hnp.se\/en\/materialsorter\/kallvalsat\/\">Cold-rolled<\/a><\/li>\n<li id=\"menu-item-423\" class=\"menu-item menu-item-type-post_type menu-item-object-page menu-item-423\"><a href=\"https:\/\/hnp.se\/en\/materialsorter\/varmforzinkat\/\">Hot-dip galvanised<\/a><\/li>\n<li id=\"menu-item-422\" class=\"menu-item menu-item-type-post_type menu-item-object-page menu-item-422\"><a href=\"https:\/\/hnp.se\/en\/materialsorter\/varmvalsat\/\">Hot-rolled<\/a><\/li>\n<li id=\"menu-item-991\" class=\"menu-item menu-item-type-post_type menu-item-object-page menu-item-991\"><a href=\"https:\/\/hnp.se\/en\/materialsorter\/magizinc\/\">Magizinc<\/a><\/li>\n<li id=\"menu-item-751\" class=\"menu-item menu-item-type-post_type menu-item-object-page menu-item-751\"><a href=\"https:\/\/hnp.se\/en\/materialsorter\/ovrigt-stal\/\">Other steel<\/a><\/li>\n<\/ul><\/div><\/div><\/div><\/div><\/div><\/div><\/div><div class=\"vc_row wpb_row vc_row-fluid vc_custom_1597837635299 vc_column-gap-5 vc_row-o-equal-height vc_row-flex\"><div class=\"wpb_column vc_column_container vc_col-sm-6 vc_col-has-fill\"><div class=\"vc_column-inner vc_custom_1634112623572\"><div class=\"wpb_wrapper\"><h2 style=\"color: #ffffff;text-align: center\" class=\"vc_custom_heading vc_do_custom_heading\" >Large range of materials<\/h2><div class=\"vc_separator wpb_content_element vc_separator_align_center vc_sep_width_70 vc_sep_border_width_2 vc_sep_pos_align_center vc_separator_no_text wpb_content_element  wpb_content_element\" ><span class=\"vc_sep_holder vc_sep_holder_l\"><span style=\"border-color:#eebc66;\" class=\"vc_sep_line\"><\/span><\/span><span class=\"vc_sep_holder vc_sep_holder_r\"><span style=\"border-color:#eebc66;\" class=\"vc_sep_line\"><\/span><\/span>\n<\/div><div class=\"vc_row wpb_row vc_inner vc_row-fluid vc_row-o-equal-height vc_row-flex\"><div class=\"wpb_column vc_column_container vc_col-sm-2\"><div class=\"vc_column-inner\"><div class=\"wpb_wrapper\"><\/div><\/div><\/div><div class=\"wpb_column vc_column_container vc_col-sm-8\"><div class=\"vc_column-inner\"><div class=\"wpb_wrapper\">\n\t<div class=\"wpb_text_column wpb_content_element white\" >\n\t\t<div class=\"wpb_wrapper\">\n\t\t\t<p>Here you will find lots of different type of materials such as hot-rolled,\ncold-rolled, hot-dip galvanised, aluzinc, magizinc, electrogalvanised,\ncorrender, varnished, etc.<\/p>\n<p>Should the customer require material samples, we can produce test\ncertificates of both the mechanical and chemical properties.<\/p>\n\n\t\t<\/div>\n\t<\/div>\n<\/div><\/div><\/div><div class=\"wpb_column vc_column_container vc_col-sm-2\"><div class=\"vc_column-inner\"><div class=\"wpb_wrapper\"><\/div><\/div><\/div><\/div><\/div><\/div><\/div><div class=\"wpb_column vc_column_container vc_col-sm-6\"><div class=\"vc_column-inner vc_custom_1597837615221\"><div class=\"wpb_wrapper\">\n\t<div  class=\"wpb_single_image wpb_content_element vc_align_center wpb_content_element vc_custom_1613570966329\">\n\t\t\n\t\t<figure class=\"wpb_wrapper vc_figure\">\n\t\t\t<div class=\"vc_single_image-wrapper   vc_box_border_grey\"><img loading=\"lazy\" decoding=\"async\" width=\"1000\" height=\"750\" src=\"https:\/\/hnp.se\/wp-content\/uploads\/2021\/02\/Materialsorter-1000x750-1.jpg\" class=\"vc_single_image-img attachment-full\" alt=\"\" title=\"Materialsorter-1000x750\" srcset=\"https:\/\/hnp.se\/wp-content\/uploads\/2021\/02\/Materialsorter-1000x750-1.jpg 1000w, https:\/\/hnp.se\/wp-content\/uploads\/2021\/02\/Materialsorter-1000x750-1-300x225.jpg 300w, https:\/\/hnp.se\/wp-content\/uploads\/2021\/02\/Materialsorter-1000x750-1-768x576.jpg 768w, https:\/\/hnp.se\/wp-content\/uploads\/2021\/02\/Materialsorter-1000x750-1-195x146.jpg 195w, https:\/\/hnp.se\/wp-content\/uploads\/2021\/02\/Materialsorter-1000x750-1-50x38.jpg 50w, https:\/\/hnp.se\/wp-content\/uploads\/2021\/02\/Materialsorter-1000x750-1-100x75.jpg 100w, https:\/\/hnp.se\/wp-content\/uploads\/2021\/02\/Materialsorter-1000x750-1-960x720.jpg 960w\" sizes=\"auto, (max-width:767px) 480px, (max-width:1000px) 100vw, 1000px\" \/><\/div>\n\t\t<\/figure>\n\t<\/div>\n<\/div><\/div><\/div><\/div>\n<\/div>","protected":false},"excerpt":{"rendered":"MATERIALSORTER Aluzink Kallvalsad Varmf\u00f6rzinkad Varmvalsad Magizinc \u00d6vrigt st\u00e5l Stort urval av material Hos oss finner ni m\u00e4ngder av materialsorter s\u00e5som varmvalsad, kallvalsad, varmf\u00f6rzinkad, aluzink, magizinc, elgalvaniserad,<span class=\"excerpt-hellip\"> [\u2026]<\/span>","protected":false},"author":1,"featured_media":0,"parent":0,"menu_order":0,"comment_status":"closed","ping_status":"closed","template":"","meta":{"footnotes":""},"class_list":["post-408","page","type-page","status-publish","hentry"],"yoast_head":"<!-- This site is optimized with the Yoast SEO plugin v27.3 - https:\/\/yoast.com\/product\/yoast-seo-wordpress\/ -->\n<title>MATERIALSORTER - HNP<\/title>\n<meta name=\"robots\" content=\"index, follow, max-snippet:-1, max-image-preview:large, max-video-preview:-1\" \/>\n<link rel=\"canonical\" href=\"https:\/\/hnp.se\/en\/materialsorter\/\" \/>\n<meta property=\"og:locale\" content=\"en_GB\" \/>\n<meta property=\"og:type\" content=\"article\" \/>\n<meta property=\"og:title\" content=\"MATERIALSORTER - HNP\" \/>\n<meta property=\"og:url\" content=\"https:\/\/hnp.se\/en\/materialsorter\/\" \/>\n<meta property=\"og:site_name\" content=\"HNP\" \/>\n<meta property=\"article:modified_time\" content=\"2021-10-13T08:10:25+00:00\" \/>\n<meta name=\"twitter:card\" content=\"summary_large_image\" \/>\n<meta name=\"twitter:label1\" content=\"Estimated reading time\" \/>\n\t<meta name=\"twitter:data1\" content=\"1 minute\" \/>\n<script type=\"application\/ld+json\" class=\"yoast-schema-graph\">{\"@context\":\"https:\\\/\\\/schema.org\",\"@graph\":[{\"@type\":\"WebPage\",\"@id\":\"https:\\\/\\\/hnp.se\\\/materialsorter\\\/\",\"url\":\"https:\\\/\\\/hnp.se\\\/materialsorter\\\/\",\"name\":\"MATERIALSORTER - HNP\",\"isPartOf\":{\"@id\":\"https:\\\/\\\/hnp.se\\\/#website\"},\"datePublished\":\"2020-08-09T14:13:42+00:00\",\"dateModified\":\"2021-10-13T08:10:25+00:00\",\"breadcrumb\":{\"@id\":\"https:\\\/\\\/hnp.se\\\/materialsorter\\\/#breadcrumb\"},\"inLanguage\":\"en-GB\",\"potentialAction\":[{\"@type\":\"ReadAction\",\"target\":[\"https:\\\/\\\/hnp.se\\\/materialsorter\\\/\"]}]},{\"@type\":\"BreadcrumbList\",\"@id\":\"https:\\\/\\\/hnp.se\\\/materialsorter\\\/#breadcrumb\",\"itemListElement\":[{\"@type\":\"ListItem\",\"position\":1,\"name\":\"Home\",\"item\":\"https:\\\/\\\/hnp.se\\\/\"},{\"@type\":\"ListItem\",\"position\":2,\"name\":\"MATERIALSORTER\"}]},{\"@type\":\"WebSite\",\"@id\":\"https:\\\/\\\/hnp.se\\\/#website\",\"url\":\"https:\\\/\\\/hnp.se\\\/\",\"name\":\"HNP\",\"description\":\"Steel service center; spaltning, slittning, coil, bandst\u00e5l, klippning, formatpl\u00e5t\",\"potentialAction\":[{\"@type\":\"SearchAction\",\"target\":{\"@type\":\"EntryPoint\",\"urlTemplate\":\"https:\\\/\\\/hnp.se\\\/?s={search_term_string}\"},\"query-input\":{\"@type\":\"PropertyValueSpecification\",\"valueRequired\":true,\"valueName\":\"search_term_string\"}}],\"inLanguage\":\"en-GB\"}]}<\/script>\n<!-- \/ Yoast SEO plugin. -->","yoast_head_json":{"title":"MATERIALSORTER - HNP","robots":{"index":"index","follow":"follow","max-snippet":"max-snippet:-1","max-image-preview":"max-image-preview:large","max-video-preview":"max-video-preview:-1"},"canonical":"https:\/\/hnp.se\/en\/materialsorter\/","og_locale":"en_GB","og_type":"article","og_title":"MATERIALSORTER - HNP","og_url":"https:\/\/hnp.se\/en\/materialsorter\/","og_site_name":"HNP","article_modified_time":"2021-10-13T08:10:25+00:00","twitter_card":"summary_large_image","twitter_misc":{"Estimated reading time":"1 minute"},"schema":{"@context":"https:\/\/schema.org","@graph":[{"@type":"WebPage","@id":"https:\/\/hnp.se\/materialsorter\/","url":"https:\/\/hnp.se\/materialsorter\/","name":"MATERIALSORTER - HNP","isPartOf":{"@id":"https:\/\/hnp.se\/#website"},"datePublished":"2020-08-09T14:13:42+00:00","dateModified":"2021-10-13T08:10:25+00:00","breadcrumb":{"@id":"https:\/\/hnp.se\/materialsorter\/#breadcrumb"},"inLanguage":"en-GB","potentialAction":[{"@type":"ReadAction","target":["https:\/\/hnp.se\/materialsorter\/"]}]},{"@type":"BreadcrumbList","@id":"https:\/\/hnp.se\/materialsorter\/#breadcrumb","itemListElement":[{"@type":"ListItem","position":1,"name":"Home","item":"https:\/\/hnp.se\/"},{"@type":"ListItem","position":2,"name":"MATERIALSORTER"}]},{"@type":"WebSite","@id":"https:\/\/hnp.se\/#website","url":"https:\/\/hnp.se\/","name":"HNP","description":"Steel service center; spaltning, slittning, coil, bandst\u00e5l, klippning, formatpl\u00e5t","potentialAction":[{"@type":"SearchAction","target":{"@type":"EntryPoint","urlTemplate":"https:\/\/hnp.se\/?s={search_term_string}"},"query-input":{"@type":"PropertyValueSpecification","valueRequired":true,"valueName":"search_term_string"}}],"inLanguage":"en-GB"}]}},"_links":{"self":[{"href":"https:\/\/hnp.se\/en\/wp-json\/wp\/v2\/pages\/408","targetHints":{"allow":["GET"]}}],"collection":[{"href":"https:\/\/hnp.se\/en\/wp-json\/wp\/v2\/pages"}],"about":[{"href":"https:\/\/hnp.se\/en\/wp-json\/wp\/v2\/types\/page"}],"author":[{"embeddable":true,"href":"https:\/\/hnp.se\/en\/wp-json\/wp\/v2\/users\/1"}],"replies":[{"embeddable":true,"href":"https:\/\/hnp.se\/en\/wp-json\/wp\/v2\/comments?post=408"}],"version-history":[{"count":22,"href":"https:\/\/hnp.se\/en\/wp-json\/wp\/v2\/pages\/408\/revisions"}],"predecessor-version":[{"id":1537,"href":"https:\/\/hnp.se\/en\/wp-json\/wp\/v2\/pages\/408\/revisions\/1537"}],"wp:attachment":[{"href":"https:\/\/hnp.se\/en\/wp-json\/wp\/v2\/media?parent=408"}],"curies":[{"name":"wp","href":"https:\/\/api.w.org\/{rel}","templated":true}]}}