{"id":56,"date":"2020-06-29T14:48:44","date_gmt":"2020-06-29T12:48:44","guid":{"rendered":"https:\/\/hnp.se\/?page_id=56"},"modified":"2022-06-28T11:18:43","modified_gmt":"2022-06-28T09:18:43","slug":"kallvalsat","status":"publish","type":"page","link":"https:\/\/hnp.se\/en\/materialsorter\/kallvalsat\/","title":{"rendered":"Cold-rolled"},"content":{"rendered":"<div class=\"wpb-content-wrapper\"><div class=\"vc_row wpb_row vc_row-fluid\"><div class=\"wpb_column vc_column_container vc_col-sm-12\"><div class=\"vc_column-inner\"><div class=\"wpb_wrapper\"><div  class=\"vc_wp_custommenu wpb_content_element\"><div class=\"widget widget_nav_menu\"><div class=\"menu-materialsorter-container\"><ul id=\"menu-materialsorter\" class=\"menu\"><li id=\"menu-item-425\" class=\"menu-item menu-item-type-post_type menu-item-object-page menu-item-425\"><a href=\"https:\/\/hnp.se\/en\/materialsorter\/aluzink\/\">Aluzinc<\/a><\/li>\n<li id=\"menu-item-424\" class=\"menu-item menu-item-type-post_type menu-item-object-page menu-item-424\"><a href=\"https:\/\/hnp.se\/en\/materialsorter\/kallvalsat\/\">Cold-rolled<\/a><\/li>\n<li id=\"menu-item-423\" class=\"menu-item menu-item-type-post_type menu-item-object-page menu-item-423\"><a href=\"https:\/\/hnp.se\/en\/materialsorter\/varmforzinkat\/\">Hot-dip galvanised<\/a><\/li>\n<li id=\"menu-item-422\" class=\"menu-item menu-item-type-post_type menu-item-object-page menu-item-422\"><a href=\"https:\/\/hnp.se\/en\/materialsorter\/varmvalsat\/\">Hot-rolled<\/a><\/li>\n<li id=\"menu-item-991\" class=\"menu-item menu-item-type-post_type menu-item-object-page menu-item-991\"><a href=\"https:\/\/hnp.se\/en\/materialsorter\/magizinc\/\">Magizinc<\/a><\/li>\n<li id=\"menu-item-751\" class=\"menu-item menu-item-type-post_type menu-item-object-page menu-item-751\"><a href=\"https:\/\/hnp.se\/en\/materialsorter\/ovrigt-stal\/\">Other steel<\/a><\/li>\n<\/ul><\/div><\/div><\/div><\/div><\/div><\/div><\/div><div class=\"vc_row wpb_row vc_row-fluid vc_custom_1597732463245 vc_column-gap-5\"><div class=\"wpb_column vc_column_container vc_col-sm-12\"><div class=\"vc_column-inner vc_custom_1594212176832\"><div class=\"wpb_wrapper\">\n\t<div  class=\"wpb_single_image wpb_content_element vc_align_center wpb_content_element vc_custom_1656407921918\">\n\t\t\n\t\t<figure class=\"wpb_wrapper vc_figure\">\n\t\t\t<div class=\"vc_single_image-wrapper   vc_box_border_grey\"><img loading=\"lazy\" decoding=\"async\" width=\"2000\" height=\"600\" src=\"https:\/\/hnp.se\/wp-content\/uploads\/2022\/06\/Kallvalsad-2000x600-1.jpg\" class=\"vc_single_image-img attachment-full\" alt=\"\" title=\"Kallvalsad-2000x600-1\" srcset=\"https:\/\/hnp.se\/wp-content\/uploads\/2022\/06\/Kallvalsad-2000x600-1.jpg 2000w, https:\/\/hnp.se\/wp-content\/uploads\/2022\/06\/Kallvalsad-2000x600-1-300x90.jpg 300w, https:\/\/hnp.se\/wp-content\/uploads\/2022\/06\/Kallvalsad-2000x600-1-1024x307.jpg 1024w, https:\/\/hnp.se\/wp-content\/uploads\/2022\/06\/Kallvalsad-2000x600-1-768x230.jpg 768w, https:\/\/hnp.se\/wp-content\/uploads\/2022\/06\/Kallvalsad-2000x600-1-1536x461.jpg 1536w, https:\/\/hnp.se\/wp-content\/uploads\/2022\/06\/Kallvalsad-2000x600-1-260x78.jpg 260w, https:\/\/hnp.se\/wp-content\/uploads\/2022\/06\/Kallvalsad-2000x600-1-50x15.jpg 50w, https:\/\/hnp.se\/wp-content\/uploads\/2022\/06\/Kallvalsad-2000x600-1-150x45.jpg 150w\" sizes=\"auto, (max-width:767px) 480px, (max-width:2000px) 100vw, 2000px\" \/><\/div>\n\t\t<\/figure>\n\t<\/div>\n<\/div><\/div><\/div><\/div><div class=\"vc_row wpb_row vc_row-fluid vc_custom_1597733571111\"><div class=\"wpb_column vc_column_container vc_col-sm-12\"><div class=\"vc_column-inner vc_custom_1594639239913\"><div class=\"wpb_wrapper\"><h2 style=\"font-size: 30px;color: #293f68;text-align: center\" class=\"vc_custom_heading vc_do_custom_heading bold vc_custom_1598433742866\" >COLD ROLLED SHEET<\/h2>\n\t<div class=\"wpb_text_column wpb_content_element vc_custom_1633600293050\" >\n\t\t<div class=\"wpb_wrapper\">\n\t\t\t<p style=\"text-align: center;\"><em><a href=\"https:\/\/hnp.se\/wp-content\/uploads\/2022\/11\/hnp-product-sheet-cold-rolled-sheet-22-webb.pdf\" target=\"_blank\" rel=\"noopener noreferrer\">(Download PDF product sheet)<\/a><\/em><\/p>\n\n\t\t<\/div>\n\t<\/div>\n<div class=\"vc_empty_space\"   style=\"height: 32px\"><span class=\"vc_empty_space_inner\"><\/span><\/div><div class=\"vc_row wpb_row vc_inner vc_row-fluid vc_custom_1597743881853 vc_column-gap-10\"><div class=\"wpb_column vc_column_container vc_col-sm-12\"><div class=\"vc_column-inner\"><div class=\"wpb_wrapper\"><h4 style=\"text-align: left\" class=\"vc_custom_heading vc_do_custom_heading vc_custom_1633611982072\" >MANUFACTURING PROCESS<\/h4>\n\t<div class=\"wpb_text_column wpb_content_element\" >\n\t\t<div class=\"wpb_wrapper\">\n\t\t\t<p>Cold rolling is based on hot-rolled pickled strips. Strips pass through a number\nof roller pairs, and their thickness is reduced while the material is cold. The sheet then has to be\nannealed and skin-passed in order to achieve its desired properties.\nCold-rolled sheet is manufactured in thicknesses of approx. 0.30 to 3.50 mm.<\/p>\n\n\t\t<\/div>\n\t<\/div>\n<h4 style=\"text-align: left\" class=\"vc_custom_heading vc_do_custom_heading vc_custom_1598434059370\" >STEEL GRADES<\/h4>\n\t<div class=\"wpb_text_column wpb_content_element\" >\n\t\t<div class=\"wpb_wrapper\">\n\t\t\t<p><strong>Mild steel:<\/strong><br \/>\nUsed when forming and drawing properties are more important than\nimportant than tensile ones. Available in grades ranging from DC01 to DC06.<br \/>\n<strong>High-strength steel:<\/strong><br \/>\nOffers great opportunities for weight savings.<br \/>\n<strong>Micro-alloyed:<\/strong><br \/>\nCombines high strength and good plasticity. Its uniform\ntensile properties make it suitable for bending and flanging as well as\nsimpler forms of drawing.<br \/>\n<strong>Dual phase steel:<\/strong><br \/>\nDesignated as DP (Dual Phase) and characterised by very good\nplasticity in combination with high strength. The steel has good work and bake\nhardenability, which means that its yield strength is given a major boost\nin connection with bending and drawing.<br \/>\n<strong>Rephos steel:<\/strong><br \/>\nThis is a phosphorus alloy (P) high-strength steel grade with very good\ndeep drawing properties. The ultimate strength of the ready detail\nis obtained by means of work hardening during drawing.<\/p>\n\n\t\t<\/div>\n\t<\/div>\n<\/div><\/div><\/div><\/div>\n\t<div class=\"wpb_text_column wpb_content_element overflow\" >\n\t\t<div class=\"wpb_wrapper\">\n\t\t\t<table>\n<tbody>\n<tr>\n<td style=\"text-align: center;\" colspan=\"6\">MECHANICAL PROPERTIES \u2014 SOFT STEELS<\/td>\n<\/tr>\n<tr>\n<td style=\"text-align: center;\">EN 10 130<\/td>\n<td style=\"text-align: center;\">Yield strength R<sub>e<\/sub><br \/>\n(N\/mm<sup>2<\/sup>)<\/td>\n<td style=\"text-align: center;\">Tensile strength R<sub>m<\/sub><br \/>\n(N\/mm<sup>2<\/sup>)<\/td>\n<td style=\"text-align: center;\">Elongation%<br \/>\nA<sub>80 <\/sub>min. (%)<\/td>\n<td>r<sub>90<\/sub> min.<\/td>\n<td>n<sub>90 min<\/sub><\/td>\n<\/tr>\n<tr>\n<td>DC 01<\/td>\n<td>140-280<\/td>\n<td>270-410<\/td>\n<td>28<\/td>\n<td>&#8211;<\/td>\n<td>&#8211;<\/td>\n<\/tr>\n<tr>\n<td>DC 03<\/td>\n<td>140-240<\/td>\n<td>270-370<\/td>\n<td style=\"text-align: center;\">34<\/td>\n<td>1,3<\/td>\n<td>&#8211;<\/td>\n<\/tr>\n<tr>\n<td>DC 04<\/td>\n<td>140-210<\/td>\n<td>270-350<\/td>\n<td style=\"text-align: center;\">38<\/td>\n<td>1,6<\/td>\n<td>0,18<\/td>\n<\/tr>\n<tr>\n<td>DC 05<\/td>\n<td>140-180<\/td>\n<td>270-330<\/td>\n<td style=\"text-align: center;\">40<\/td>\n<td>1,9<\/td>\n<td>0,20<\/td>\n<\/tr>\n<tr>\n<td>DC 06<\/td>\n<td>120-170<\/td>\n<td>270-330<\/td>\n<td style=\"text-align: center;\">41<\/td>\n<td>r \u2265 1,8<\/td>\n<td>n \u2265 0,22<\/td>\n<\/tr>\n<tr>\n<td style=\"text-align: left;\" colspan=\"6\">Values are based on samples taken transversely to the direction of rolling.<\/td>\n<\/tr>\n<\/tbody>\n<\/table>\n\n\t\t<\/div>\n\t<\/div>\n\n\t<div class=\"wpb_text_column wpb_content_element vc_custom_1634112760966 overflow\" >\n\t\t<div class=\"wpb_wrapper\">\n\t\t\t<table>\n<tbody>\n<tr>\n<td colspan=\"5\">MECHANICAL PROPERTIES \u2014 HIGH-STRENGTH MICRO-ALLOYED STEELS<\/td>\n<\/tr>\n<tr>\n<td>EN 10 268<\/td>\n<td style=\"text-align: center;\">Yield strength Re<sub>e<\/sub><br \/>\nmin.-max.<br \/>\n(N\/mm\u00b2)<\/td>\n<td style=\"text-align: center;\">Tensile strength Rm<sub>m<\/sub><br \/>\nmin.-max.<br \/>\n(N\/mm\u00b2)<\/td>\n<td style=\"text-align: center;\">Elongation<br \/>\nA<sub>80<\/sub><br \/>\nmin. (%)<\/td>\n<td style=\"text-align: center;\">Bending diameter at<br \/>\nbending 180\u00b0<\/td>\n<\/tr>\n<tr>\n<td>HC 260 LA<\/td>\n<td style=\"text-align: center;\">260-330<\/td>\n<td style=\"text-align: center;\">350-430<\/td>\n<td style=\"text-align: center;\">26<\/td>\n<td style=\"text-align: center;\">0 x t<\/td>\n<\/tr>\n<tr>\n<td>HC 300 LA<\/td>\n<td style=\"text-align: center;\">300-380<\/td>\n<td style=\"text-align: center;\">380-480<\/td>\n<td style=\"text-align: center;\">23<\/td>\n<td style=\"text-align: center;\">0 x t<\/td>\n<\/tr>\n<tr>\n<td>HC 340 LA<\/td>\n<td style=\"text-align: center;\">340-420<\/td>\n<td style=\"text-align: center;\">410-510<\/td>\n<td style=\"text-align: center;\">\u00a0 21<\/td>\n<td style=\"text-align: center;\">0 x t<\/td>\n<\/tr>\n<tr>\n<td>HC 380 LA<\/td>\n<td style=\"text-align: center;\">380-480<\/td>\n<td style=\"text-align: center;\">440-560<\/td>\n<td style=\"text-align: center;\">19<\/td>\n<td style=\"text-align: center;\">0,5 x t<\/td>\n<\/tr>\n<tr>\n<td>HC 420 LA<\/td>\n<td style=\"text-align: center;\">420-520<\/td>\n<td style=\"text-align: center;\">470-590<\/td>\n<td style=\"text-align: center;\">17<\/td>\n<td style=\"text-align: center;\">0,5 x t<\/td>\n<\/tr>\n<tr>\n<td style=\"text-align: left;\" colspan=\"5\">Values are based on samples taken transversely to the direction of rolling.<\/td>\n<\/tr>\n<\/tbody>\n<\/table>\n\n\t\t<\/div>\n\t<\/div>\n<h4 style=\"text-align: left\" class=\"vc_custom_heading vc_do_custom_heading vc_custom_1597743815573\" >SURFACE<\/h4>\n\t<div class=\"wpb_text_column wpb_content_element vc_custom_1598444812494 line-height-smaller\" >\n\t\t<div class=\"wpb_wrapper\">\n\t\t\t<p>For cold-rolled sheet metal, there are two grades of surface quality and\none classification of surface roughness.<\/p>\n\n\t\t<\/div>\n\t<\/div>\n\n\t<div class=\"wpb_text_column wpb_content_element\" >\n\t\t<div class=\"wpb_wrapper\">\n\t\t\t<table>\n<tbody>\n<tr>\n<td style=\"text-align: left;\" colspan=\"2\">\n<h5>SURFACE ACCORDING TO EN 10 130<\/h5>\n<\/td>\n<\/tr>\n<tr>\n<td><strong>Surface quality A<\/strong><\/td>\n<td style=\"text-align: left;\">Small defects such as pores, minor scratches\nand light discolouration are permissible. Surface quality A is the most common one and is suitable for most purposes.<\/td>\n<\/tr>\n<tr>\n<td><strong>Surface quality B<\/strong><\/td>\n<td style=\"text-align: left;\">One of the sides must be free from defects that\ncan affect the appearance of a quality-varnished surface. The other side must, as a minimum, fulfil the requirements for surface quality A.<\/td>\n<\/tr>\n<\/tbody>\n<\/table>\n\n\t\t<\/div>\n\t<\/div>\n\n\t<div class=\"wpb_text_column wpb_content_element vc_custom_1633601291727\" >\n\t\t<div class=\"wpb_wrapper\">\n\t\t\t<table>\n<tbody>\n<tr>\n<td colspan=\"3\">\n<h5 style=\"text-align: left;\">SURFACE APPEARANCE ACCORDING TO EN 10 130<\/h5>\n<\/td>\n<\/tr>\n<tr>\n<td><strong>Finish<\/strong><\/td>\n<td><strong>Symbol<\/strong><\/td>\n<td><strong>Surface roughness<\/strong><\/td>\n<\/tr>\n<tr>\n<td>Glossy<\/td>\n<td>b<\/td>\n<td>R<sub>a<\/sub> \u2264 0,4 \u03bcm<\/td>\n<\/tr>\n<tr>\n<td>Semi-gloss<\/td>\n<td>g<\/td>\n<td>R<sub>a<\/sub> \u2264 0,9 \u03bcm<\/td>\n<\/tr>\n<tr>\n<td>Standard<\/td>\n<td>m<\/td>\n<td>0,6 \u03bcm &lt; R<sub>a<\/sub> \u2264 1,9 \u03bcm<\/td>\n<\/tr>\n<tr>\n<td>Raw<\/td>\n<td>r<\/td>\n<td>R<sub>a<\/sub> &gt; 1,6 \u03bcm<\/td>\n<\/tr>\n<\/tbody>\n<\/table>\n\n\t\t<\/div>\n\t<\/div>\n\n\t<div class=\"wpb_text_column wpb_content_element line-height-smaller\" >\n\t\t<div class=\"wpb_wrapper\">\n\t\t\t<p>We offer by default standard surface quality A, surface appearance m and lightly oiled surface.<\/p>\n\n\t\t<\/div>\n\t<\/div>\n<h4 style=\"text-align: left\" class=\"vc_custom_heading vc_do_custom_heading vc_custom_1598443858256\" >THICKNESS TOLERANCES, ACCORDING TO EN 10 131:<\/h4>\n\t<div class=\"wpb_text_column wpb_content_element vc_custom_1598444740711 line-height-smaller\" >\n\t\t<div class=\"wpb_wrapper\">\n\t\t\t<p>For steel grades with a specified min. yield strength &lt;260.<\/p>\n\n\t\t<\/div>\n\t<\/div>\n\n\t<div class=\"wpb_text_column wpb_content_element vc_custom_1633601395492\" >\n\t\t<div class=\"wpb_wrapper\">\n\t\t\t<table>\n<tbody>\n<tr>\n<td rowspan=\"2\">Nominal thickness (mm)<\/td>\n<td style=\"text-align: center;\" colspan=\"3\">Thickness tolerances for nominal width (mm)<\/td>\n<\/tr>\n<tr>\n<td style=\"text-align: center;\">\u2264 1200<\/td>\n<td style=\"text-align: center;\">&gt; 1200 \u2264 1500<\/td>\n<td style=\"text-align: center;\">&gt; 1500<\/td>\n<\/tr>\n<tr>\n<td>\u2265 0,35 till \u2264 0,40<\/td>\n<td style=\"text-align: center;\">\u00b1 0,03<\/td>\n<td style=\"text-align: center;\">\u00b1 0,04<\/td>\n<td style=\"text-align: center;\">&#8211;<\/td>\n<\/tr>\n<tr>\n<td>&gt; 0,40 till \u2264 0,60<\/td>\n<td style=\"text-align: center;\">\u00b1 0,03<\/td>\n<td style=\"text-align: center;\">\u00b1 0,04<\/td>\n<td style=\"text-align: center;\">\u00b1 0,05<\/td>\n<\/tr>\n<tr>\n<td>&gt; 0,60 till \u2264 0,80<\/td>\n<td style=\"text-align: center;\">\u00b1 0,04<\/td>\n<td style=\"text-align: center;\">\u00b1 0,05<\/td>\n<td style=\"text-align: center;\">\u00b1 0,06<\/td>\n<\/tr>\n<tr>\n<td>&gt; 0,80 till \u2264 1,00<\/td>\n<td style=\"text-align: center;\">\u00b1 0,05<\/td>\n<td style=\"text-align: center;\">\u00b1 0,06<\/td>\n<td style=\"text-align: center;\">\u00b1 0,07<\/td>\n<\/tr>\n<tr>\n<td>&gt; 1,00 till \u2264 1,20<\/td>\n<td style=\"text-align: center;\">\u00b1 0,06<\/td>\n<td style=\"text-align: center;\">\u00b1 0,07<\/td>\n<td style=\"text-align: center;\">\u00b1 0,08<\/td>\n<\/tr>\n<tr>\n<td>&gt; 1,20 till \u2264 1,60<\/td>\n<td style=\"text-align: center;\">\u00b1 0,08<\/td>\n<td style=\"text-align: center;\">\u00b1 0,09<\/td>\n<td style=\"text-align: center;\">\u00b1 0,10<\/td>\n<\/tr>\n<tr>\n<td>&gt; 1,60 till \u2264 2,00<\/td>\n<td style=\"text-align: center;\">\u00b1 0,10<\/td>\n<td style=\"text-align: center;\">\u00b1 0,11<\/td>\n<td style=\"text-align: center;\">\u00b1 0,12<\/td>\n<\/tr>\n<tr>\n<td>&gt; 2,00 till \u2264 2,50<\/td>\n<td style=\"text-align: center;\">\u00b1 0,12<\/td>\n<td style=\"text-align: center;\">\u00b1 0,13<\/td>\n<td style=\"text-align: center;\">\u00b1 0,14<\/td>\n<\/tr>\n<tr>\n<td>&gt; 2,50 till \u2264 3,00<\/td>\n<td style=\"text-align: center;\">\u00b1 0,15<\/td>\n<td style=\"text-align: center;\">\u00b1 0,15<\/td>\n<td style=\"text-align: center;\">\u00b1 0,16<\/td>\n<\/tr>\n<tr>\n<td style=\"text-align: left;\" colspan=\"4\">For yield strength \u2265 260 &lt; 340 N\/mm\u00b2, tolerances are raised by approx. 20%.<br \/>\nFor yield strength \u2265 340 \u2264 420 N\/mm\u00b2, tolerances are raised by approx. 40%.<br \/>\nNarrower tolerances are available at extra charge.<\/td>\n<\/tr>\n<\/tbody>\n<\/table>\n\n\t\t<\/div>\n\t<\/div>\n<h4 style=\"text-align: left\" class=\"vc_custom_heading vc_do_custom_heading vc_custom_1598444844610\" >WIDTH TOLERANCES, ACCORDING TO EN 10 131:<\/h4><div class=\"vc_row wpb_row vc_inner vc_row-fluid\"><div class=\"wpb_column vc_column_container vc_col-sm-12\"><div class=\"vc_column-inner\"><div class=\"wpb_wrapper\">\n\t<div class=\"wpb_text_column wpb_content_element\" >\n\t\t<div class=\"wpb_wrapper\">\n\t\t\t<table>\n<tbody>\n<tr>\n<td rowspan=\"2\">Nominal thickness<br \/>\n(mm)<\/td>\n<td colspan=\"2\">Width tolerance<\/td>\n<\/tr>\n<tr>\n<td>(roller edges)<\/td>\n<td>(mm)<\/td>\n<\/tr>\n<tr>\n<td>\u2264 700 \u2264 1200<\/td>\n<td>\u2013 0<\/td>\n<td>+4<\/td>\n<\/tr>\n<tr>\n<td>&gt; 1200 \u2264 1500<\/td>\n<td>\u2013 0<\/td>\n<td>+5<\/td>\n<\/tr>\n<tr>\n<td>&gt; 1500 \u2264 2055<\/td>\n<td>\u2013 0<\/td>\n<td>+6<\/td>\n<\/tr>\n<\/tbody>\n<\/table>\n\n\t\t<\/div>\n\t<\/div>\n<\/div><\/div><\/div><\/div><\/div><\/div><\/div><\/div>\n<\/div>","protected":false},"excerpt":{"rendered":"Aluzink Kallvalsad Varmf\u00f6rzinkad Varmvalsad Magizinc \u00d6vrigt st\u00e5l KALLVALSAD PL\u00c5T (Ladda ner PDF produktblad) TILLVERKNINGSPROCESS Kallvalsning utg\u00e5r fr\u00e5n varmvalsade betade band. Dessa k\u00f6rs genom ett antal valspar<span class=\"excerpt-hellip\"> [\u2026]<\/span>","protected":false},"author":1,"featured_media":0,"parent":408,"menu_order":0,"comment_status":"closed","ping_status":"closed","template":"","meta":{"footnotes":""},"class_list":["post-56","page","type-page","status-publish","hentry"],"yoast_head":"<!-- This site is optimized with the Yoast SEO plugin v27.3 - https:\/\/yoast.com\/product\/yoast-seo-wordpress\/ -->\n<title>Kallvalsat - HNP<\/title>\n<meta name=\"robots\" content=\"index, follow, max-snippet:-1, max-image-preview:large, max-video-preview:-1\" \/>\n<link rel=\"canonical\" href=\"https:\/\/hnp.se\/en\/materialsorter\/kallvalsat\/\" \/>\n<meta property=\"og:locale\" content=\"en_GB\" \/>\n<meta property=\"og:type\" content=\"article\" \/>\n<meta property=\"og:title\" content=\"Kallvalsat - HNP\" \/>\n<meta property=\"og:url\" content=\"https:\/\/hnp.se\/en\/materialsorter\/kallvalsat\/\" \/>\n<meta property=\"og:site_name\" content=\"HNP\" \/>\n<meta property=\"article:modified_time\" content=\"2022-06-28T09:18:43+00:00\" \/>\n<meta name=\"twitter:card\" content=\"summary_large_image\" \/>\n<meta name=\"twitter:label1\" content=\"Estimated reading time\" \/>\n\t<meta name=\"twitter:data1\" content=\"5 minutes\" \/>\n<script type=\"application\/ld+json\" class=\"yoast-schema-graph\">{\"@context\":\"https:\\\/\\\/schema.org\",\"@graph\":[{\"@type\":\"WebPage\",\"@id\":\"https:\\\/\\\/hnp.se\\\/materialsorter\\\/kallvalsat\\\/\",\"url\":\"https:\\\/\\\/hnp.se\\\/materialsorter\\\/kallvalsat\\\/\",\"name\":\"Kallvalsat - HNP\",\"isPartOf\":{\"@id\":\"https:\\\/\\\/hnp.se\\\/#website\"},\"datePublished\":\"2020-06-29T12:48:44+00:00\",\"dateModified\":\"2022-06-28T09:18:43+00:00\",\"breadcrumb\":{\"@id\":\"https:\\\/\\\/hnp.se\\\/materialsorter\\\/kallvalsat\\\/#breadcrumb\"},\"inLanguage\":\"en-GB\",\"potentialAction\":[{\"@type\":\"ReadAction\",\"target\":[\"https:\\\/\\\/hnp.se\\\/materialsorter\\\/kallvalsat\\\/\"]}]},{\"@type\":\"BreadcrumbList\",\"@id\":\"https:\\\/\\\/hnp.se\\\/materialsorter\\\/kallvalsat\\\/#breadcrumb\",\"itemListElement\":[{\"@type\":\"ListItem\",\"position\":1,\"name\":\"Home\",\"item\":\"https:\\\/\\\/hnp.se\\\/\"},{\"@type\":\"ListItem\",\"position\":2,\"name\":\"MATERIALSORTER\",\"item\":\"https:\\\/\\\/hnp.se\\\/materialsorter\\\/\"},{\"@type\":\"ListItem\",\"position\":3,\"name\":\"Kallvalsat\"}]},{\"@type\":\"WebSite\",\"@id\":\"https:\\\/\\\/hnp.se\\\/#website\",\"url\":\"https:\\\/\\\/hnp.se\\\/\",\"name\":\"HNP\",\"description\":\"Steel service center; spaltning, slittning, coil, bandst\u00e5l, klippning, formatpl\u00e5t\",\"potentialAction\":[{\"@type\":\"SearchAction\",\"target\":{\"@type\":\"EntryPoint\",\"urlTemplate\":\"https:\\\/\\\/hnp.se\\\/?s={search_term_string}\"},\"query-input\":{\"@type\":\"PropertyValueSpecification\",\"valueRequired\":true,\"valueName\":\"search_term_string\"}}],\"inLanguage\":\"en-GB\"}]}<\/script>\n<!-- \/ Yoast SEO plugin. -->","yoast_head_json":{"title":"Kallvalsat - HNP","robots":{"index":"index","follow":"follow","max-snippet":"max-snippet:-1","max-image-preview":"max-image-preview:large","max-video-preview":"max-video-preview:-1"},"canonical":"https:\/\/hnp.se\/en\/materialsorter\/kallvalsat\/","og_locale":"en_GB","og_type":"article","og_title":"Kallvalsat - HNP","og_url":"https:\/\/hnp.se\/en\/materialsorter\/kallvalsat\/","og_site_name":"HNP","article_modified_time":"2022-06-28T09:18:43+00:00","twitter_card":"summary_large_image","twitter_misc":{"Estimated reading time":"5 minutes"},"schema":{"@context":"https:\/\/schema.org","@graph":[{"@type":"WebPage","@id":"https:\/\/hnp.se\/materialsorter\/kallvalsat\/","url":"https:\/\/hnp.se\/materialsorter\/kallvalsat\/","name":"Kallvalsat - HNP","isPartOf":{"@id":"https:\/\/hnp.se\/#website"},"datePublished":"2020-06-29T12:48:44+00:00","dateModified":"2022-06-28T09:18:43+00:00","breadcrumb":{"@id":"https:\/\/hnp.se\/materialsorter\/kallvalsat\/#breadcrumb"},"inLanguage":"en-GB","potentialAction":[{"@type":"ReadAction","target":["https:\/\/hnp.se\/materialsorter\/kallvalsat\/"]}]},{"@type":"BreadcrumbList","@id":"https:\/\/hnp.se\/materialsorter\/kallvalsat\/#breadcrumb","itemListElement":[{"@type":"ListItem","position":1,"name":"Home","item":"https:\/\/hnp.se\/"},{"@type":"ListItem","position":2,"name":"MATERIALSORTER","item":"https:\/\/hnp.se\/materialsorter\/"},{"@type":"ListItem","position":3,"name":"Kallvalsat"}]},{"@type":"WebSite","@id":"https:\/\/hnp.se\/#website","url":"https:\/\/hnp.se\/","name":"HNP","description":"Steel service center; spaltning, slittning, coil, bandst\u00e5l, klippning, formatpl\u00e5t","potentialAction":[{"@type":"SearchAction","target":{"@type":"EntryPoint","urlTemplate":"https:\/\/hnp.se\/?s={search_term_string}"},"query-input":{"@type":"PropertyValueSpecification","valueRequired":true,"valueName":"search_term_string"}}],"inLanguage":"en-GB"}]}},"_links":{"self":[{"href":"https:\/\/hnp.se\/en\/wp-json\/wp\/v2\/pages\/56","targetHints":{"allow":["GET"]}}],"collection":[{"href":"https:\/\/hnp.se\/en\/wp-json\/wp\/v2\/pages"}],"about":[{"href":"https:\/\/hnp.se\/en\/wp-json\/wp\/v2\/types\/page"}],"author":[{"embeddable":true,"href":"https:\/\/hnp.se\/en\/wp-json\/wp\/v2\/users\/1"}],"replies":[{"embeddable":true,"href":"https:\/\/hnp.se\/en\/wp-json\/wp\/v2\/comments?post=56"}],"version-history":[{"count":24,"href":"https:\/\/hnp.se\/en\/wp-json\/wp\/v2\/pages\/56\/revisions"}],"predecessor-version":[{"id":1644,"href":"https:\/\/hnp.se\/en\/wp-json\/wp\/v2\/pages\/56\/revisions\/1644"}],"up":[{"embeddable":true,"href":"https:\/\/hnp.se\/en\/wp-json\/wp\/v2\/pages\/408"}],"wp:attachment":[{"href":"https:\/\/hnp.se\/en\/wp-json\/wp\/v2\/media?parent=56"}],"curies":[{"name":"wp","href":"https:\/\/api.w.org\/{rel}","templated":true}]}}