{"id":58,"date":"2020-06-29T14:49:01","date_gmt":"2020-06-29T12:49:01","guid":{"rendered":"https:\/\/hnp.se\/?page_id=58"},"modified":"2024-11-22T09:10:36","modified_gmt":"2024-11-22T08:10:36","slug":"varmforzinkat","status":"publish","type":"page","link":"https:\/\/hnp.se\/en\/materialsorter\/varmforzinkat\/","title":{"rendered":"Hot-dip galvanized"},"content":{"rendered":"<div class=\"wpb-content-wrapper\"><div class=\"vc_row wpb_row vc_row-fluid\"><div class=\"wpb_column vc_column_container vc_col-sm-12\"><div class=\"vc_column-inner\"><div class=\"wpb_wrapper\"><div  class=\"vc_wp_custommenu wpb_content_element\"><div class=\"widget widget_nav_menu\"><div class=\"menu-materialsorter-container\"><ul id=\"menu-materialsorter\" class=\"menu\"><li id=\"menu-item-425\" class=\"menu-item menu-item-type-post_type menu-item-object-page menu-item-425\"><a href=\"https:\/\/hnp.se\/en\/materialsorter\/aluzink\/\">Aluzinc<\/a><\/li>\n<li id=\"menu-item-424\" class=\"menu-item menu-item-type-post_type menu-item-object-page menu-item-424\"><a href=\"https:\/\/hnp.se\/en\/materialsorter\/kallvalsat\/\">Cold-rolled<\/a><\/li>\n<li id=\"menu-item-423\" class=\"menu-item menu-item-type-post_type menu-item-object-page menu-item-423\"><a href=\"https:\/\/hnp.se\/en\/materialsorter\/varmforzinkat\/\">Hot-dip galvanised<\/a><\/li>\n<li id=\"menu-item-422\" class=\"menu-item menu-item-type-post_type menu-item-object-page menu-item-422\"><a href=\"https:\/\/hnp.se\/en\/materialsorter\/varmvalsat\/\">Hot-rolled<\/a><\/li>\n<li id=\"menu-item-991\" class=\"menu-item menu-item-type-post_type menu-item-object-page menu-item-991\"><a href=\"https:\/\/hnp.se\/en\/materialsorter\/magizinc\/\">Magizinc<\/a><\/li>\n<li id=\"menu-item-751\" class=\"menu-item menu-item-type-post_type menu-item-object-page menu-item-751\"><a href=\"https:\/\/hnp.se\/en\/materialsorter\/ovrigt-stal\/\">Other steel<\/a><\/li>\n<\/ul><\/div><\/div><\/div><\/div><\/div><\/div><\/div><div class=\"vc_row wpb_row vc_row-fluid vc_custom_1597732463245 vc_column-gap-5\"><div class=\"wpb_column vc_column_container vc_col-sm-12\"><div class=\"vc_column-inner vc_custom_1594212176832\"><div class=\"wpb_wrapper\">\n\t<div  class=\"wpb_single_image wpb_content_element vc_align_center wpb_content_element vc_custom_1633611600428\">\n\t\t\n\t\t<figure class=\"wpb_wrapper vc_figure\">\n\t\t\t<div class=\"vc_single_image-wrapper   vc_box_border_grey\"><img loading=\"lazy\" decoding=\"async\" width=\"2000\" height=\"600\" src=\"https:\/\/hnp.se\/wp-content\/uploads\/2021\/10\/Varmforzinkad-2000x600-1.jpeg\" class=\"vc_single_image-img attachment-full\" alt=\"\" title=\"Varmforzinkad-2000x600\" srcset=\"https:\/\/hnp.se\/wp-content\/uploads\/2021\/10\/Varmforzinkad-2000x600-1.jpeg 2000w, https:\/\/hnp.se\/wp-content\/uploads\/2021\/10\/Varmforzinkad-2000x600-1-300x90.jpeg 300w, https:\/\/hnp.se\/wp-content\/uploads\/2021\/10\/Varmforzinkad-2000x600-1-1024x307.jpeg 1024w, https:\/\/hnp.se\/wp-content\/uploads\/2021\/10\/Varmforzinkad-2000x600-1-768x230.jpeg 768w, https:\/\/hnp.se\/wp-content\/uploads\/2021\/10\/Varmforzinkad-2000x600-1-1536x461.jpeg 1536w, https:\/\/hnp.se\/wp-content\/uploads\/2021\/10\/Varmforzinkad-2000x600-1-260x78.jpeg 260w, https:\/\/hnp.se\/wp-content\/uploads\/2021\/10\/Varmforzinkad-2000x600-1-50x15.jpeg 50w, https:\/\/hnp.se\/wp-content\/uploads\/2021\/10\/Varmforzinkad-2000x600-1-150x45.jpeg 150w\" sizes=\"auto, (max-width:767px) 480px, (max-width:2000px) 100vw, 2000px\" \/><\/div>\n\t\t<\/figure>\n\t<\/div>\n<\/div><\/div><\/div><\/div><div class=\"vc_row wpb_row vc_row-fluid vc_custom_1597733571111\"><div class=\"wpb_column vc_column_container vc_col-sm-12\"><div class=\"vc_column-inner vc_custom_1594639239913\"><div class=\"wpb_wrapper\"><h2 style=\"font-size: 30px;color: #293f68;text-align: center\" class=\"vc_custom_heading vc_do_custom_heading bold vc_custom_1598445581124\" >HOT-DIP GALVANISED SHEET<\/h2>\n\t<div class=\"wpb_text_column wpb_content_element vc_custom_1662641554064\" >\n\t\t<div class=\"wpb_wrapper\">\n\t\t\t<p style=\"text-align: center;\"><em><a href=\"https:\/\/hnp.se\/wp-content\/uploads\/2022\/11\/hnp-product-sheet-hot-dip-galvanised-sheet-22-webb.pdf\" target=\"_blank\" rel=\"noopener noreferrer\">(Download PDF product sheet)<\/a><\/em><\/p>\n\n\t\t<\/div>\n\t<\/div>\n<div class=\"vc_empty_space\"   style=\"height: 32px\"><span class=\"vc_empty_space_inner\"><\/span><\/div><div class=\"vc_row wpb_row vc_inner vc_row-fluid vc_custom_1597743881853 vc_column-gap-10\"><div class=\"wpb_column vc_column_container vc_col-sm-12\"><div class=\"vc_column-inner\"><div class=\"wpb_wrapper\"><h4 style=\"text-align: left\" class=\"vc_custom_heading vc_do_custom_heading vc_custom_1598445607120\" >MANUFACTURING PROCESS<\/h4>\n\t<div class=\"wpb_text_column wpb_content_element\" >\n\t\t<div class=\"wpb_wrapper\">\n\t\t\t<p>The raw material we use is cold-rolled unannealed sheet, but we can\nalso use pickled sheet (for rougher thicknesses). The sheet is coated with a thin\nlayer of zinc, where the material is first heated (annealed gas) and then\npasses through a pot filled with liquid zinc. Hot-dip galvanised sheet is produced in thicknesses of approx. 0.35 to 4.0 mm.<\/p>\n\n\t\t<\/div>\n\t<\/div>\n<h4 style=\"text-align: left\" class=\"vc_custom_heading vc_do_custom_heading vc_custom_1598445638742\" >STEEL GRADES<\/h4>\n\t<div class=\"wpb_text_column wpb_content_element\" >\n\t\t<div class=\"wpb_wrapper\">\n\t\t\t<p><strong>Mild steel:<\/strong><br \/>\nUsed when forming and drawing properties are more important than\ntensile ones. Available in grades ranging from DX51D to DX56D.<br \/>\n<strong>Structural steel:<\/strong><br \/>\nUsed in the construction industry. Suitable for roll forming as well as simpler\nbending. Guaranteed minimum yield and tensile strength values.<br \/>\n<strong>High-strength steel:<\/strong><br \/>\nOffers great opportunities for weight savings.<br \/>\n<strong>Micro-alloyed:<\/strong><br \/>\nCombines high strength and good plasticity. It has uniform tensile\nproperties and is intended for simpler forms of drawing and forming.<br \/>\n<strong>Dual phase steel:<\/strong><br \/>\nDesignated as DP (Dual Phase) and characterised by very good\nplasticity in combination with high strength. The material has good work and bake\nhardenability, which means that its yield strength is given a major boost\nin connection with drawing as well as varnishing, where the varnish burns.<br \/>\n<strong>Rephos steel:<\/strong><br \/>\nThis is a phosphorus alloy (P) high-strength steel grade with very good\ndeep drawing properties. The ultimate strength of the finished detail\nis obtained by means of work hardening during drawing.<\/p>\n\n\t\t<\/div>\n\t<\/div>\n<\/div><\/div><\/div><\/div>\n\t<div class=\"wpb_text_column wpb_content_element\" >\n\t\t<div class=\"wpb_wrapper\">\n\t\t\t<table>\n<tbody>\n<tr>\n<td style=\"text-align: center;\" colspan=\"4\">MECHANICAL PROPERTIES \u2014 SOFT STEELS<\/td>\n<\/tr>\n<tr>\n<td style=\"text-align: center;\">EN 10 346<\/td>\n<td style=\"text-align: center;\">Yield strength R<sub>e<\/sub><br \/>\n(N\/mm<sup>2<\/sup>)<\/td>\n<td style=\"text-align: center;\">Tensile strength R<sub>m<\/sub><br \/>\n(N\/mm<sup>2<\/sup>)<\/td>\n<td style=\"text-align: center;\" colspan=\"3\">Elongation<br \/>\nA<sub>80<\/sub> min. (%)*<\/td>\n<\/tr>\n<tr>\n<td>DX 51 D<\/td>\n<td>Min. 140<\/td>\n<td>270-500<\/td>\n<td>22<\/td>\n<\/tr>\n<tr>\n<td>DX 52 D<\/td>\n<td>140-300<\/td>\n<td>270-420<\/td>\n<td>26<\/td>\n<\/tr>\n<tr>\n<td>DX 53 D<\/td>\n<td>140-260<\/td>\n<td>270-380<\/td>\n<td>30<\/td>\n<\/tr>\n<tr>\n<td>DX 54 D<\/td>\n<td>120-220<\/td>\n<td>260-350<\/td>\n<td>36<\/td>\n<\/tr>\n<tr>\n<td>DX 56 D<\/td>\n<td>120-220<\/td>\n<td>260-350<\/td>\n<td>39<\/td>\n<\/tr>\n<tr>\n<td style=\"text-align: left;\" colspan=\"4\">Values are based on samples taken transversely to the direction of rolling.<br \/>\n*) For t \u2264 0.70 mm, two units of a lower value apply.<\/td>\n<\/tr>\n<\/tbody>\n<\/table>\n\n\t\t<\/div>\n\t<\/div>\n\n\t<div class=\"wpb_text_column wpb_content_element\" >\n\t\t<div class=\"wpb_wrapper\">\n\t\t\t<table>\n<tbody>\n<tr>\n<td style=\"text-align: center;\" colspan=\"4\">MECHANICAL PROPERTIES \u2014 STRUCTURAL STEELS<\/td>\n<\/tr>\n<tr>\n<td style=\"text-align: center;\">EN 10 346<\/td>\n<td style=\"text-align: center;\">Yield strength R<sub>e<\/sub><br \/>\nmin.(N\/mm<sup>2<\/sup>)<\/td>\n<td style=\"text-align: center;\">Tensile strength R<sub>m<\/sub><br \/>\nmin.(N\/mm<sup>2<\/sup>)<\/td>\n<td style=\"text-align: center;\" colspan=\"3\">Elongation<br \/>\nA<sub>80<\/sub> min. (%)*<\/td>\n<\/tr>\n<tr>\n<td>S 220 GD<\/td>\n<td>220<\/td>\n<td>300<\/td>\n<td>20<\/td>\n<\/tr>\n<tr>\n<td>S 250 GD<\/td>\n<td>250<\/td>\n<td>330<\/td>\n<td>19<\/td>\n<\/tr>\n<tr>\n<td>S 280 GD<\/td>\n<td>280<\/td>\n<td>360<\/td>\n<td>18<\/td>\n<\/tr>\n<tr>\n<td>S 320 GD<\/td>\n<td>320<\/td>\n<td>390<\/td>\n<td>17<\/td>\n<\/tr>\n<tr>\n<td>S 350 GD<\/td>\n<td>350<\/td>\n<td>420<\/td>\n<td>16<\/td>\n<\/tr>\n<tr>\n<td>S 550 GD<\/td>\n<td>550<\/td>\n<td>560<\/td>\n<td>&#8211;<\/td>\n<\/tr>\n<tr>\n<td style=\"text-align: left;\" colspan=\"4\">Values are based on samples taken along the direction of rolling.<br \/>\n*) For t \u2264 0.70 mm, two units of a lower value apply.<\/td>\n<\/tr>\n<\/tbody>\n<\/table>\n\n\t\t<\/div>\n\t<\/div>\n\n\t<div class=\"wpb_text_column wpb_content_element\" >\n\t\t<div class=\"wpb_wrapper\">\n\t\t\t<table>\n<tbody>\n<tr>\n<td style=\"text-align: center;\" colspan=\"4\">MECHANICAL PROPERTIES \u2014 HIGH-STRENGTH MICRO-ALLOYED STEELS<\/td>\n<\/tr>\n<tr>\n<td style=\"text-align: center;\">EN 10 346<\/td>\n<td style=\"text-align: center;\">Yield strength R<sub>e<\/sub><br \/>\nmin.(N\/mm<sup>2<\/sup>)<\/td>\n<td style=\"text-align: center;\">Tensile strength R<sub>m<\/sub><br \/>\nmin.(N\/mm<sup>2<\/sup>)<\/td>\n<td style=\"text-align: center;\" colspan=\"3\">Elongation<br \/>\nA<sub>80<\/sub> min. (%)*<\/td>\n<\/tr>\n<tr>\n<td>HX 260 LAD<\/td>\n<td>260-330<\/td>\n<td>350-430<\/td>\n<td>26<\/td>\n<\/tr>\n<tr>\n<td>HX 300 LAD<\/td>\n<td>300-380<\/td>\n<td>380-480<\/td>\n<td>23<\/td>\n<\/tr>\n<tr>\n<td>HX 340 LAD<\/td>\n<td>340-420<\/td>\n<td>410-510<\/td>\n<td>21<\/td>\n<\/tr>\n<tr>\n<td>HX 380 LAD<\/td>\n<td>380-480<\/td>\n<td>440-560<\/td>\n<td>19<\/td>\n<\/tr>\n<tr>\n<td>HX 420 LAD<\/td>\n<td>420-520<\/td>\n<td>470-590<\/td>\n<td>17<\/td>\n<\/tr>\n<tr>\n<td style=\"text-align: left;\" colspan=\"4\">Values are based on samples taken transversely to the direction of rolling.<\/td>\n<\/tr>\n<\/tbody>\n<\/table>\n\n\t\t<\/div>\n\t<\/div>\n<h4 style=\"text-align: left\" class=\"vc_custom_heading vc_do_custom_heading vc_custom_1598447697656\" >ZINC COATING<\/h4>\n\t<div class=\"wpb_text_column wpb_content_element vc_custom_1598447711821 line-height-smaller\" >\n\t\t<div class=\"wpb_wrapper\">\n\t\t\t<p>The amount of zinc on the sheet is stated in weight grades, the most common one being Z 275.\nThe figure of 275 refers to the total weight of the coating in g\/m2 on both\nsides of the sheet, e.g., in connection with a so-called triple test. (A somewhat lower weight is permissible in connection with a so-called single test.)<\/p>\n\n\t\t<\/div>\n\t<\/div>\n\n\t<div class=\"wpb_text_column wpb_content_element\" >\n\t\t<div class=\"wpb_wrapper\">\n\t\t\t<table>\n<tbody>\n<tr>\n<td rowspan=\"2\">Weight class<\/td>\n<td colspan=\"2\">Zinc layer, incl. both sides (g\/m2)<\/td>\n<td rowspan=\"2\">Zinc layer thickness per side*<br \/>\n(\u03bcm)<\/td>\n<\/tr>\n<tr>\n<td style=\"text-align: center;\">Triple spot test, min.<\/td>\n<td style=\"text-align: center;\">Single Spot Test min<\/td>\n<\/tr>\n<tr>\n<td>Z 100<\/td>\n<td>100<\/td>\n<td>85<\/td>\n<td>7<\/td>\n<\/tr>\n<tr>\n<td>Z 140<\/td>\n<td>140<\/td>\n<td>120<\/td>\n<td>10<\/td>\n<\/tr>\n<tr>\n<td>Z 200<\/td>\n<td>200<\/td>\n<td>170<\/td>\n<td>14<\/td>\n<\/tr>\n<tr>\n<td>Z 275<\/td>\n<td>275<\/td>\n<td>235<\/td>\n<td>20<\/td>\n<\/tr>\n<tr>\n<td>Z 350<\/td>\n<td>350<\/td>\n<td>300<\/td>\n<td>25<\/td>\n<\/tr>\n<tr>\n<td style=\"text-align: left;\" colspan=\"4\">*) Layer thickness is calculated based on min. triple spot test values (1 \u03bcm = 7.14 g\/m2)<\/td>\n<\/tr>\n<\/tbody>\n<\/table>\n\n\t\t<\/div>\n\t<\/div>\n<h4 style=\"text-align: left\" class=\"vc_custom_heading vc_do_custom_heading vc_custom_1597743815573\" >SURFACE<\/h4>\n\t<div class=\"wpb_text_column wpb_content_element\" >\n\t\t<div class=\"wpb_wrapper\">\n\t\t\t<table>\n<tbody>\n<tr>\n<td style=\"text-align: left;\" colspan=\"2\">\n<h5>Surface appearance:<\/h5>\n<\/td>\n<\/tr>\n<tr>\n<td style=\"text-align: left;\">N<\/td>\n<td style=\"text-align: left;\">Normal rose pattern (found rarely in recent times)<\/td>\n<\/tr>\n<tr>\n<td style=\"text-align: left;\">M<\/td>\n<td style=\"text-align: left;\">Reduced rose pattern (has become standard)<\/td>\n<\/tr>\n<\/tbody>\n<\/table>\n\n\t\t<\/div>\n\t<\/div>\n\n\t<div class=\"wpb_text_column wpb_content_element\" >\n\t\t<div class=\"wpb_wrapper\">\n\t\t\t<table>\n<tbody>\n<tr>\n<td style=\"text-align: left;\" colspan=\"2\">\n<h5>Surface quality:<\/h5>\n<\/td>\n<\/tr>\n<tr>\n<td>A (Normal surface)<\/td>\n<td style=\"text-align: left;\">Small pores, rose pattern variations, dark spots,\nstripe marks and light passivation stains are permissible. Stretch levelling breaks and\nzinc run-off marks may appear.<\/td>\n<\/tr>\n<tr>\n<td>B (Improved surface)<\/td>\n<td style=\"text-align: left;\">Skin-passed material. Small defects such as stretch levelling breaks,\nskin passing marks, scratches, indentations, rose patterns,\nzinc run-off marks as well as light passivation marks may appear. The surface\nexhibits no pores.<\/td>\n<\/tr>\n<tr>\n<td>C (Superior surface)<\/td>\n<td style=\"text-align: left;\">Skin-passed material. One of the sides must be free from\ndefects that can affect the appearance of a first-class varnished surface. The other\nside must fulfil, as a minimum, the requirements for surface quality B.<\/td>\n<\/tr>\n<\/tbody>\n<\/table>\n\n\t\t<\/div>\n\t<\/div>\n\n\t<div class=\"wpb_text_column wpb_content_element vc_custom_1598449852083\" >\n\t\t<div class=\"wpb_wrapper\">\n\t\t\t<table>\n<tbody>\n<tr>\n<td style=\"text-align: left;\" colspan=\"2\">\n<h5>Surface treatment:<\/h5>\n<\/td>\n<\/tr>\n<tr>\n<td><strong>C<\/strong><\/td>\n<td style=\"text-align: left;\">Chemical passivation<\/td>\n<\/tr>\n<tr>\n<td><strong>0<\/strong><\/td>\n<td style=\"text-align: left;\">Oiling<\/td>\n<\/tr>\n<tr>\n<td><strong>C0<\/strong><\/td>\n<td style=\"text-align: left;\">Chemical passivation + oiling<\/td>\n<\/tr>\n<\/tbody>\n<\/table>\n\n\t\t<\/div>\n\t<\/div>\n\n\t<div class=\"wpb_text_column wpb_content_element line-height-smaller\" >\n\t\t<div class=\"wpb_wrapper\">\n\t\t\t<p>We offer by default surface M A C and fulfil the requirements in accordance with the RoHS Directive.<\/p>\n\n\t\t<\/div>\n\t<\/div>\n<h4 style=\"text-align: left\" class=\"vc_custom_heading vc_do_custom_heading vc_custom_1598449872871\" >THICKNESS TOLERANCES, ACCORDING TO EN 10 143<\/h4>\n\t<div class=\"wpb_text_column wpb_content_element line-height-smaller\" >\n\t\t<div class=\"wpb_wrapper\">\n\t\t\t<p>For steel grades with a specified min. yield strength &lt;260.<\/p>\n\n\t\t<\/div>\n\t<\/div>\n\n\t<div class=\"wpb_text_column wpb_content_element\" >\n\t\t<div class=\"wpb_wrapper\">\n\t\t\t<table>\n<tbody>\n<tr>\n<td style=\"text-align: center;\" colspan=\"4\">THICKNESS TOLERANCES, ACCORDING TO 10 143 (for steel with a specified min.\nyield strength &lt;260)<\/td>\n<\/tr>\n<tr>\n<td style=\"text-align: center;\" rowspan=\"2\">Nominal thickness (mm)<\/td>\n<td style=\"text-align: center;\" colspan=\"3\">Thickness tolerances for nominal width (mm)<\/td>\n<\/tr>\n<tr>\n<td>\u2264 1200<\/td>\n<td>&gt; 1200 \u2264 1500<\/td>\n<td>&gt; 1500<\/td>\n<\/tr>\n<tr>\n<td>\u2265 0,35 \u2264 0,40<\/td>\n<td>\u00b1 0,04<\/td>\n<td>\u00b1 0,05<\/td>\n<td>&#8211;<\/td>\n<\/tr>\n<tr>\n<td>&gt; 0,40 \u2264 0,60<\/td>\n<td>\u00b1 0,04<\/td>\n<td>\u00b1 0,05<\/td>\n<td>\u00b1 0,06<\/td>\n<\/tr>\n<tr>\n<td>&gt; 0,60 \u2264 0,80<\/td>\n<td>\u00b1 0,05<\/td>\n<td>\u00b1 0,06<\/td>\n<td>\u00b1 0,07<\/td>\n<\/tr>\n<tr>\n<td>&gt; 0,80 \u2264 1,00<\/td>\n<td>\u00b1 0,06<\/td>\n<td>\u00b1 0,07<\/td>\n<td>\u00b1 0,08<\/td>\n<\/tr>\n<tr>\n<td>&gt; 1,00 \u2264 1,20<\/td>\n<td>\u00b1 0,07<\/td>\n<td>\u00b1 0,08<\/td>\n<td>\u00b1 0,09<\/td>\n<\/tr>\n<tr>\n<td>&gt; 1,20 \u2264 1,60<\/td>\n<td>\u00b1 0,10<\/td>\n<td>\u00b1 0,11<\/td>\n<td>\u00b1 0,12<\/td>\n<\/tr>\n<tr>\n<td>&gt; 1,60 \u2264 2,00<\/td>\n<td>\u00b1 0,12<\/td>\n<td>\u00b1 0,13<\/td>\n<td>\u00b1 0,14<\/td>\n<\/tr>\n<tr>\n<td>&gt; 2,00 \u2264 2,50<\/td>\n<td>\u00b1 0,14<\/td>\n<td>\u00b1 0,15<\/td>\n<td>\u00b1 0,16<\/td>\n<\/tr>\n<tr>\n<td>&gt; 2,50 \u2264 3,00<\/td>\n<td>\u00b1 0,17<\/td>\n<td>\u00b1 0,17<\/td>\n<td>\u00b1 0,18<\/td>\n<\/tr>\n<tr>\n<td style=\"text-align: left;\" colspan=\"4\">For min. yield strength \u2265 260 &lt; 360 N\/mm\u00b2, tolerances are raised by 15-20 %.<br \/>\nFor min. yield strength \u2265 360 \u2264 420 N\/mm\u00b2, tolerances are raised by 30-40 %.<br \/>\nNarrower tolerances are available at extra charge.<\/td>\n<\/tr>\n<\/tbody>\n<\/table>\n\n\t\t<\/div>\n\t<\/div>\n<\/div><\/div><\/div><\/div>\n<\/div>","protected":false},"excerpt":{"rendered":"Aluzink Kallvalsad Varmf\u00f6rzinkad Varmvalsad Magizinc \u00d6vrigt st\u00e5l VARMF\u00d6RZINKAD PL\u00c5T (Ladda ner PDF produktblad) TILLVERKNINGSPROCESS Materialet \u00e4r en kallvalsad ogl\u00f6dgad pl\u00e5t, men kan \u00e4ven vara varmvalsad betad<span class=\"excerpt-hellip\"> [\u2026]<\/span>","protected":false},"author":1,"featured_media":0,"parent":408,"menu_order":0,"comment_status":"closed","ping_status":"closed","template":"","meta":{"footnotes":""},"class_list":["post-58","page","type-page","status-publish","hentry"],"yoast_head":"<!-- This site is optimized with the Yoast SEO plugin v27.3 - https:\/\/yoast.com\/product\/yoast-seo-wordpress\/ -->\n<title>Varmf\u00f6rzinkat - HNP<\/title>\n<meta name=\"robots\" content=\"index, follow, max-snippet:-1, max-image-preview:large, max-video-preview:-1\" \/>\n<link rel=\"canonical\" href=\"https:\/\/hnp.se\/en\/materialsorter\/varmforzinkat\/\" \/>\n<meta property=\"og:locale\" content=\"en_GB\" \/>\n<meta property=\"og:type\" content=\"article\" \/>\n<meta property=\"og:title\" content=\"Varmf\u00f6rzinkat - HNP\" \/>\n<meta property=\"og:url\" content=\"https:\/\/hnp.se\/en\/materialsorter\/varmforzinkat\/\" \/>\n<meta property=\"og:site_name\" content=\"HNP\" \/>\n<meta property=\"article:modified_time\" content=\"2024-11-22T08:10:36+00:00\" \/>\n<meta name=\"twitter:card\" content=\"summary_large_image\" \/>\n<meta name=\"twitter:label1\" content=\"Estimated reading time\" \/>\n\t<meta name=\"twitter:data1\" content=\"5 minutes\" \/>\n<script type=\"application\/ld+json\" class=\"yoast-schema-graph\">{\"@context\":\"https:\\\/\\\/schema.org\",\"@graph\":[{\"@type\":\"WebPage\",\"@id\":\"https:\\\/\\\/hnp.se\\\/materialsorter\\\/varmforzinkat\\\/\",\"url\":\"https:\\\/\\\/hnp.se\\\/materialsorter\\\/varmforzinkat\\\/\",\"name\":\"Varmf\u00f6rzinkat - HNP\",\"isPartOf\":{\"@id\":\"https:\\\/\\\/hnp.se\\\/#website\"},\"datePublished\":\"2020-06-29T12:49:01+00:00\",\"dateModified\":\"2024-11-22T08:10:36+00:00\",\"breadcrumb\":{\"@id\":\"https:\\\/\\\/hnp.se\\\/materialsorter\\\/varmforzinkat\\\/#breadcrumb\"},\"inLanguage\":\"en-GB\",\"potentialAction\":[{\"@type\":\"ReadAction\",\"target\":[\"https:\\\/\\\/hnp.se\\\/materialsorter\\\/varmforzinkat\\\/\"]}]},{\"@type\":\"BreadcrumbList\",\"@id\":\"https:\\\/\\\/hnp.se\\\/materialsorter\\\/varmforzinkat\\\/#breadcrumb\",\"itemListElement\":[{\"@type\":\"ListItem\",\"position\":1,\"name\":\"Home\",\"item\":\"https:\\\/\\\/hnp.se\\\/\"},{\"@type\":\"ListItem\",\"position\":2,\"name\":\"MATERIALSORTER\",\"item\":\"https:\\\/\\\/hnp.se\\\/materialsorter\\\/\"},{\"@type\":\"ListItem\",\"position\":3,\"name\":\"Varmf\u00f6rzinkat\"}]},{\"@type\":\"WebSite\",\"@id\":\"https:\\\/\\\/hnp.se\\\/#website\",\"url\":\"https:\\\/\\\/hnp.se\\\/\",\"name\":\"HNP\",\"description\":\"Steel service center; spaltning, slittning, coil, bandst\u00e5l, klippning, formatpl\u00e5t\",\"potentialAction\":[{\"@type\":\"SearchAction\",\"target\":{\"@type\":\"EntryPoint\",\"urlTemplate\":\"https:\\\/\\\/hnp.se\\\/?s={search_term_string}\"},\"query-input\":{\"@type\":\"PropertyValueSpecification\",\"valueRequired\":true,\"valueName\":\"search_term_string\"}}],\"inLanguage\":\"en-GB\"}]}<\/script>\n<!-- \/ Yoast SEO plugin. -->","yoast_head_json":{"title":"Varmf\u00f6rzinkat - HNP","robots":{"index":"index","follow":"follow","max-snippet":"max-snippet:-1","max-image-preview":"max-image-preview:large","max-video-preview":"max-video-preview:-1"},"canonical":"https:\/\/hnp.se\/en\/materialsorter\/varmforzinkat\/","og_locale":"en_GB","og_type":"article","og_title":"Varmf\u00f6rzinkat - HNP","og_url":"https:\/\/hnp.se\/en\/materialsorter\/varmforzinkat\/","og_site_name":"HNP","article_modified_time":"2024-11-22T08:10:36+00:00","twitter_card":"summary_large_image","twitter_misc":{"Estimated reading time":"5 minutes"},"schema":{"@context":"https:\/\/schema.org","@graph":[{"@type":"WebPage","@id":"https:\/\/hnp.se\/materialsorter\/varmforzinkat\/","url":"https:\/\/hnp.se\/materialsorter\/varmforzinkat\/","name":"Varmf\u00f6rzinkat - HNP","isPartOf":{"@id":"https:\/\/hnp.se\/#website"},"datePublished":"2020-06-29T12:49:01+00:00","dateModified":"2024-11-22T08:10:36+00:00","breadcrumb":{"@id":"https:\/\/hnp.se\/materialsorter\/varmforzinkat\/#breadcrumb"},"inLanguage":"en-GB","potentialAction":[{"@type":"ReadAction","target":["https:\/\/hnp.se\/materialsorter\/varmforzinkat\/"]}]},{"@type":"BreadcrumbList","@id":"https:\/\/hnp.se\/materialsorter\/varmforzinkat\/#breadcrumb","itemListElement":[{"@type":"ListItem","position":1,"name":"Home","item":"https:\/\/hnp.se\/"},{"@type":"ListItem","position":2,"name":"MATERIALSORTER","item":"https:\/\/hnp.se\/materialsorter\/"},{"@type":"ListItem","position":3,"name":"Varmf\u00f6rzinkat"}]},{"@type":"WebSite","@id":"https:\/\/hnp.se\/#website","url":"https:\/\/hnp.se\/","name":"HNP","description":"Steel service center; spaltning, slittning, coil, bandst\u00e5l, klippning, formatpl\u00e5t","potentialAction":[{"@type":"SearchAction","target":{"@type":"EntryPoint","urlTemplate":"https:\/\/hnp.se\/?s={search_term_string}"},"query-input":{"@type":"PropertyValueSpecification","valueRequired":true,"valueName":"search_term_string"}}],"inLanguage":"en-GB"}]}},"_links":{"self":[{"href":"https:\/\/hnp.se\/en\/wp-json\/wp\/v2\/pages\/58","targetHints":{"allow":["GET"]}}],"collection":[{"href":"https:\/\/hnp.se\/en\/wp-json\/wp\/v2\/pages"}],"about":[{"href":"https:\/\/hnp.se\/en\/wp-json\/wp\/v2\/types\/page"}],"author":[{"embeddable":true,"href":"https:\/\/hnp.se\/en\/wp-json\/wp\/v2\/users\/1"}],"replies":[{"embeddable":true,"href":"https:\/\/hnp.se\/en\/wp-json\/wp\/v2\/comments?post=58"}],"version-history":[{"count":26,"href":"https:\/\/hnp.se\/en\/wp-json\/wp\/v2\/pages\/58\/revisions"}],"predecessor-version":[{"id":2166,"href":"https:\/\/hnp.se\/en\/wp-json\/wp\/v2\/pages\/58\/revisions\/2166"}],"up":[{"embeddable":true,"href":"https:\/\/hnp.se\/en\/wp-json\/wp\/v2\/pages\/408"}],"wp:attachment":[{"href":"https:\/\/hnp.se\/en\/wp-json\/wp\/v2\/media?parent=58"}],"curies":[{"name":"wp","href":"https:\/\/api.w.org\/{rel}","templated":true}]}}